{"id":110,"date":"2012-08-04T17:08:14","date_gmt":"2012-08-04T16:08:14","guid":{"rendered":"https:\/\/www.gps-carminat.com\/v3\/?page_id=110"},"modified":"2017-06-08T17:16:06","modified_gmt":"2017-06-08T15:16:06","slug":"dispositif","status":"publish","type":"page","link":"https:\/\/www.gps-carminat.com\/v3\/carminat-navigation-informe-1\/dispositif\/","title":{"rendered":"Dispositif"},"content":{"rendered":"<p>Le syst\u00e8me est compos\u00e9 de plusieurs \u00e9l\u00e9ments qui vont permettre une utilisation ais\u00e9e. En voici une pr\u00e9sentation.<\/p>\n<h3>Un \u00e9cran couleur<\/h3>\n<p style=\"text-align: left;\">G\u00e9n\u00e9ralement au milieu de la planche de bord sous une casquette,<br \/>\nc&rsquo;est la partie la plus visible du syst\u00e8me.<\/p>\n<p><img loading=\"lazy\" decoding=\"async\" class=\"alignnone\" src=\"\/v3\/images\/cni1\/dispositif\/cn10462.jpg\" alt=\"\u00e9cran CNI 1\" width=\"350\" height=\"221\" \/><\/p>\n<div class=\"pubmain\"><script type=\"text\/javascript\"><!-- google_ad_client = \"ca-pub-6295180017562087\"; \/* V3 *\/ google_ad_slot = \"8915205629\"; google_ad_width = 728; google_ad_height = 90; \/\/-->\n<\/script><br \/>\n<script type=\"text\/javascript\" src=\"http:\/\/pagead2.googlesyndication.com\/pagead\/show_ads.js\">\n<\/script><\/div>\n<h3>L&rsquo;interface de commande<\/h3>\n<p>Compos\u00e9e d&rsquo;une molette tournante, d&rsquo;un bouton en croix 4 directions et de divers boutons, elle permet de contr\u00f4ler l&rsquo;ensemble du syst\u00e8me.<\/p>\n<p><img loading=\"lazy\" decoding=\"async\" class=\"alignnone\" src=\"\/v3\/images\/cni1\/dispositif\/commande.png\" alt=\"Coommande CNI 1\" width=\"550\" height=\"300\" \/><\/p>\n<h3 style=\"text-align: left;\">Le lecteur CD<\/h3>\n<p>Souvent plac\u00e9 dans la bo\u00eete \u00e0 gant (ou dans le coffre pour la Clio) c&rsquo;est la partie visible du centre n\u00e9vralgique du syst\u00e8me.<\/p>\n<p><img loading=\"lazy\" decoding=\"async\" class=\"alignnone\" src=\"\/v3\/images\/cni1\/dispositif\/cn1045copie.jpg\" alt=\"\" width=\"410\" height=\"121\" \/><\/p>\n<h3>Le CD cartographique<\/h3>\n<p>C&rsquo;est un CD contenant des cartes sous un format num\u00e9rique avec en plus des POI, c&rsquo;est \u00e0 dire des adresses pratiques comme par exemple des mus\u00e9es ou des stations-service.<\/p>\n<p><img loading=\"lazy\" decoding=\"async\" class=\"alignnone\" src=\"\/v3\/images\/cni1\/dispositif\/cn1464copie.gif\" alt=\"\" width=\"285\" height=\"269\" \/><\/p>\n<h3>Un POI (Point Of Interest)<\/h3>\n<p>Ce sont des donn\u00e9es suppl\u00e9mentaires qui sont sur le CD comme par exemple les garages Renault, les stations-service, mairies, restaurants, h\u00f4tels&#8230; avec le plus souvent le num\u00e9ro de t\u00e9l\u00e9phone.<\/p>\n<!-- AddThis Advanced Settings generic via filter on the_content --><!-- AddThis Share Buttons generic via filter on the_content -->","protected":false},"excerpt":{"rendered":"<p>Le syst\u00e8me est compos\u00e9 de plusieurs \u00e9l\u00e9ments qui vont permettre une utilisation ais\u00e9e. En voici une pr\u00e9sentation. Un \u00e9cran couleur G\u00e9n\u00e9ralement au milieu de la planche de bord sous une casquette, c&rsquo;est la partie la plus visible du syst\u00e8me. L&rsquo;interface &hellip; <a href=\"https:\/\/www.gps-carminat.com\/v3\/carminat-navigation-informe-1\/dispositif\/\">Continuer la lecture <span class=\"meta-nav\">&rarr;<\/span><\/a><!-- AddThis Advanced Settings generic via filter on get_the_excerpt --><!-- AddThis Share Buttons generic via filter on get_the_excerpt --><\/p>\n","protected":false},"author":1,"featured_media":0,"parent":93,"menu_order":1,"comment_status":"open","ping_status":"open","template":"","meta":{"advanced_seo_description":"","jetpack_seo_html_title":"","jetpack_seo_noindex":false,"footnotes":""},"class_list":["post-110","page","type-page","status-publish","hentry"],"jetpack_sharing_enabled":true,"_links":{"self":[{"href":"https:\/\/www.gps-carminat.com\/v3\/wp-json\/wp\/v2\/pages\/110","targetHints":{"allow":["GET"]}}],"collection":[{"href":"https:\/\/www.gps-carminat.com\/v3\/wp-json\/wp\/v2\/pages"}],"about":[{"href":"https:\/\/www.gps-carminat.com\/v3\/wp-json\/wp\/v2\/types\/page"}],"author":[{"embeddable":true,"href":"https:\/\/www.gps-carminat.com\/v3\/wp-json\/wp\/v2\/users\/1"}],"replies":[{"embeddable":true,"href":"https:\/\/www.gps-carminat.com\/v3\/wp-json\/wp\/v2\/comments?post=110"}],"version-history":[{"count":0,"href":"https:\/\/www.gps-carminat.com\/v3\/wp-json\/wp\/v2\/pages\/110\/revisions"}],"up":[{"embeddable":true,"href":"https:\/\/www.gps-carminat.com\/v3\/wp-json\/wp\/v2\/pages\/93"}],"wp:attachment":[{"href":"https:\/\/www.gps-carminat.com\/v3\/wp-json\/wp\/v2\/media?parent=110"}],"curies":[{"name":"wp","href":"https:\/\/api.w.org\/{rel}","templated":true}]}}