{"id":119,"date":"2012-08-04T17:17:30","date_gmt":"2012-08-04T16:17:30","guid":{"rendered":"https:\/\/www.gps-carminat.com\/v3\/?page_id=119"},"modified":"2017-06-08T17:17:55","modified_gmt":"2017-06-08T15:17:55","slug":"affichages","status":"publish","type":"page","link":"https:\/\/www.gps-carminat.com\/v3\/carminat-navigation-informe-1\/affichages\/","title":{"rendered":"Affichages"},"content":{"rendered":"<p>Voici un r\u00e9capitulatif des diff\u00e9rents \u00e9crans que vous pouvez rencontrer lors d&rsquo;un guidage simple.<\/p>\n<p><img loading=\"lazy\" decoding=\"async\" class=\"alignnone\" src=\"\/v3\/images\/cni1\/affichages\/ecran.png\" alt=\"\" width=\"600\" height=\"400\" \/><\/p>\n<h2>Les menus<\/h2>\n<p><img loading=\"lazy\" decoding=\"async\" class=\"alignleft\" src=\"\/v3\/images\/cni1\/guidage\/cn1002.JPG\" alt=\"\" width=\"350\" height=\"194\" \/>Ceci est l&rsquo;\u00e9cran d&rsquo;accueil qui appara\u00eet au d\u00e9marrage. C&rsquo;est une \u00e9tape obligatoire qu&rsquo;on ne peut malheureusement pas supprimer. On valide une premi\u00e8re fois cet \u00e9cran puis le suivant.<\/p>\n<div class=\"pubmain\"><script type=\"text\/javascript\">\/\/ <![CDATA[\ngoogle_ad_client = \"ca-pub-6295180017562087\";\n\/* V3 *\/\ngoogle_ad_slot = \"8915205629\";\ngoogle_ad_width = 728;\ngoogle_ad_height = 90;\n\/\/ ]]><\/script><br \/>\n<script src=\"http:\/\/pagead2.googlesyndication.com\/pagead\/show_ads.js\" type=\"text\/javascript\">\/\/ <![CDATA[\n\n\/\/ ]]><\/script><\/div>\n<p><img loading=\"lazy\" decoding=\"async\" class=\"alignleft\" src=\"\/v3\/images\/cni1\/guidage\/cn1003.jpg\" alt=\"\" width=\"350\" height=\"199\" \/>\u00a0On arrive donc au menu principal du syst\u00e8me qui est assez explicite.<\/p>\n<p><strong>DESTINATION<\/strong>: permet d&rsquo;acc\u00e9der au menu pour lancer un guidage.<br \/>\n<strong>CARTE<\/strong>: permet de voir \u00e9voluer le v\u00e9hicule sans guidage (pratique pour situer les bouchons sans guidage).<br \/>\n<strong>VEILLE NAVIGATION<\/strong>: permet d&rsquo;\u00e9teindre l&rsquo;\u00e9cran mais le guidage continue en vocal.<br \/>\n<strong>CARNET D&rsquo;ADRESSES<\/strong>: permet de g\u00e9rer les 2 carnets d&rsquo;adresses (perso &amp; pro).<br \/>\n<strong>CONFIGURATION<\/strong>: permet d&rsquo;acc\u00e9der aux diff\u00e9rentes options param\u00e9trables du syst\u00e8me (affichage, guidage&#8230;). On pourra noter la pr\u00e9sence d&rsquo;une \u00e9toile (*) devant, si on suit cette \u00e9toile tout au long des menus on ne tombe certes pas sur un tr\u00e9sor mais sur l&rsquo;option langue du syst\u00e8me, ainsi on peut facilement changer la langue du syst\u00e8me m\u00eame si celui-ci est dans une langue qui vous est inconnue.<br \/>\n<strong>URGENCE<\/strong>: permet d&rsquo;avoir la position exacte du v\u00e9hicule en longitude et latitude pas forc\u00e9ment tr\u00e8s pratique pour les secours (dans certains cas il y a aussi la ville et la rue mais c&rsquo;est al\u00e9atoire)&#8230;. Il rappelle aussi g\u00e9n\u00e9ralement le num\u00e9ro europ\u00e9en des secours: le\u00a0<strong>112<\/strong>\u00a0Ha on me dit quelquechose, il semblerait que sur les vieilles versions c&rsquo;est le\u00a017.<\/p>\n<h2>Les diff\u00e9rents types d&rsquo;affichages pour la carte<\/h2>\n<p>Pour passer d&rsquo;un affichage \u00e0 l&rsquo;autre il suffit de tourner la molette sans appuie dessus auparavant.<\/p>\n<div style=\"width: 360px\" class=\"wp-caption alignnone\"><img loading=\"lazy\" decoding=\"async\" src=\"\/v3\/images\/cni1\/affichages\/1.jpg\" alt=\"\" width=\"350\" height=\"211\" \/><p class=\"wp-caption-text\">Pleine carte<\/p><\/div>\n<p>&nbsp;<\/p>\n<div style=\"width: 420px\" class=\"wp-caption alignnone\"><img loading=\"lazy\" decoding=\"async\" src=\"\/v3\/images\/cni1\/affichages\/2.jpg\" alt=\"\" width=\"410\" height=\"238\" \/><p class=\"wp-caption-text\">partag\u00e9e carte\/symbole<\/p><\/div>\n<div style=\"width: 420px\" class=\"wp-caption alignnone\"><img loading=\"lazy\" decoding=\"async\" src=\"\/v3\/images\/cni1\/affichages\/3.jpg\" alt=\"\" width=\"410\" height=\"223\" \/><p class=\"wp-caption-text\">symbole<\/p><\/div>\n<div class=\"pubmain\"><script type=\"text\/javascript\">\/\/ <![CDATA[\ngoogle_ad_client = \"ca-pub-6295180017562087\";\n\/* V3 *\/\ngoogle_ad_slot = \"8915205629\";\ngoogle_ad_width = 728;\ngoogle_ad_height = 90;\n\/\/ ]]><\/script><br \/>\n<script src=\"http:\/\/pagead2.googlesyndication.com\/pagead\/show_ads.js\" type=\"text\/javascript\">\/\/ <![CDATA[\n\n\/\/ ]]><\/script><\/div>\n<p>Voici les logos qui peuvent \u00eatre affich\u00e9s sur la carte. On ne peut en afficher qu&rsquo;une seule sorte \u00e0 la fois, la technique n&rsquo;est pas vraiment officielle mais marche tr\u00e8s bien. On va par exemple faire en sorte d&rsquo;afficher les stations-service (pratique). On va au menu pour lancer un guidage. On va dans\u00a0<strong>Dest. Particuli\u00e8re<\/strong>, on choisit\u00a0<strong>A proximit\u00e9 du v\u00e9hicule<\/strong>\u00a0(mais \u00e7a ne change rien si vous prenez les autres), puis la cat\u00e9gorie que vous voulez afficher. Il se met \u00e0 chercher et vous affiche la liste avec le kilom\u00e9trage pour chacune, voil\u00e0 c&rsquo;est termin\u00e9 vous appuyez sur\u00a0<strong>M<\/strong>\u00a0et maintenant pour les grandes \u00e9chelles les stations-services seront affich\u00e9es<\/p>\n<p>En fait le syst\u00e8me affiche le logo de la derni\u00e8re\u00a0<strong>Dest. particuli\u00e8re<\/strong>\u00a0qui a \u00e9t\u00e9 recherch\u00e9 pour un \u00e9ventuelle guidage. Vous aurez donc surement \u00e0 refaire la manipulation pour refaire appara\u00eetre les stations-service si vous lancez un autre guidage en utilisant les\u00a0<strong>Dest. particuli\u00e8re<\/strong>.<\/p>\n<p><img loading=\"lazy\" decoding=\"async\" class=\"alignnone\" src=\"\/v3\/images\/cni1\/affichages\/cartepoilogo.jpg\" alt=\"\" width=\"562\" height=\"780\" \/><\/p>\n<p>&nbsp;<\/p>\n<!-- AddThis Advanced Settings generic via filter on the_content --><!-- AddThis Share Buttons generic via filter on the_content -->","protected":false},"excerpt":{"rendered":"<p>Voici un r\u00e9capitulatif des diff\u00e9rents \u00e9crans que vous pouvez rencontrer lors d&rsquo;un guidage simple. Les menus Ceci est l&rsquo;\u00e9cran d&rsquo;accueil qui appara\u00eet au d\u00e9marrage. C&rsquo;est une \u00e9tape obligatoire qu&rsquo;on ne peut malheureusement pas supprimer. On valide une premi\u00e8re fois cet &hellip; <a href=\"https:\/\/www.gps-carminat.com\/v3\/carminat-navigation-informe-1\/affichages\/\">Continuer la lecture <span class=\"meta-nav\">&rarr;<\/span><\/a><!-- AddThis Advanced Settings generic via filter on get_the_excerpt --><!-- AddThis Share Buttons generic via filter on get_the_excerpt --><\/p>\n","protected":false},"author":1,"featured_media":0,"parent":93,"menu_order":2,"comment_status":"open","ping_status":"open","template":"","meta":{"advanced_seo_description":"","jetpack_seo_html_title":"","jetpack_seo_noindex":false,"footnotes":""},"class_list":["post-119","page","type-page","status-publish","hentry"],"jetpack_sharing_enabled":true,"_links":{"self":[{"href":"https:\/\/www.gps-carminat.com\/v3\/wp-json\/wp\/v2\/pages\/119","targetHints":{"allow":["GET"]}}],"collection":[{"href":"https:\/\/www.gps-carminat.com\/v3\/wp-json\/wp\/v2\/pages"}],"about":[{"href":"https:\/\/www.gps-carminat.com\/v3\/wp-json\/wp\/v2\/types\/page"}],"author":[{"embeddable":true,"href":"https:\/\/www.gps-carminat.com\/v3\/wp-json\/wp\/v2\/users\/1"}],"replies":[{"embeddable":true,"href":"https:\/\/www.gps-carminat.com\/v3\/wp-json\/wp\/v2\/comments?post=119"}],"version-history":[{"count":0,"href":"https:\/\/www.gps-carminat.com\/v3\/wp-json\/wp\/v2\/pages\/119\/revisions"}],"up":[{"embeddable":true,"href":"https:\/\/www.gps-carminat.com\/v3\/wp-json\/wp\/v2\/pages\/93"}],"wp:attachment":[{"href":"https:\/\/www.gps-carminat.com\/v3\/wp-json\/wp\/v2\/media?parent=119"}],"curies":[{"name":"wp","href":"https:\/\/api.w.org\/{rel}","templated":true}]}}