{"id":133,"date":"2012-08-04T17:46:04","date_gmt":"2012-08-04T16:46:04","guid":{"rendered":"https:\/\/www.gps-carminat.com\/v3\/?page_id=133"},"modified":"2015-02-26T16:00:08","modified_gmt":"2015-02-26T15:00:08","slug":"lancer-un-guidage","status":"publish","type":"page","link":"https:\/\/www.gps-carminat.com\/v3\/carminat-navigation-informe-1\/navigation\/lancer-un-guidage\/","title":{"rendered":"Lancer un guidage"},"content":{"rendered":"<div class=\"pubmain\">\n<script type=\"text\/javascript\"><!--\ngoogle_ad_client = \"ca-pub-6295180017562087\";\n\/* V3 *\/\ngoogle_ad_slot = \"8915205629\";\ngoogle_ad_width = 728;\ngoogle_ad_height = 90;\n\/\/-->\n<\/script><br \/>\n<script type=\"text\/javascript\"\nsrc=\"http:\/\/pagead2.googlesyndication.com\/pagead\/show_ads.js\">\n<\/script><\/div>\n<div class=\"tableau\">\n<table id=\"tablepress-7\" class=\"tablepress tablepress-id-7\">\n<tbody>\n<tr class=\"row-1\">\n\t<td class=\"column-1\"><img decoding=\"async\" src=\"\/v3\/images\/cni1\/guidage\/cn1006.jpg\" alt=\"\" \/><\/td><td class=\"column-2\">On a donc s\u00e9lectionn\u00e9 <strong>DESTINATION<\/strong> dans le menu principal qui permet alors d'arriver \u00e0 l'\u00e9cran de saisie de la destination.<br \/>\r\nC'est directement sur <strong>Ville<\/strong> mais vous pouvez modifier le pays en remontant.<\/td>\n<\/tr>\n<tr class=\"row-2\">\n\t<td class=\"column-1\"><img decoding=\"async\" src=\"\/v3\/images\/cni1\/guidage\/cn1007.jpg\" alt=\"\" \/><\/td><td class=\"column-2\">On a donc s\u00e9lectionn\u00e9 <strong>Ville<\/strong> et \u00e0 l'aide du clavier on en \u00e9crit le nom. On notera que le syst\u00e8me \u00e9limine automatiquement les lettres impossibles en les grisant. <br \/><br \/>\r\nVous pouvez utiliser la croix pour passer d'une ligne \u00e0 l'autre au lieu de tourner la molette comme un forcen\u00e9, c'est plus rapide<br \/>\r\n<br \/>\r\n<\/td>\n<\/tr>\n<tr class=\"row-3\">\n\t<td class=\"column-1\"><img decoding=\"async\" src=\"\/v3\/images\/cni1\/guidage\/cn1004.jpg\" alt=\"\" \/><\/td><td class=\"column-2\">Une fois qu'on a \u00e9crit PARIS on peut s\u00e9lectionner <strong>LISTE<\/strong> Pour voir l'ensemble des Paris qui existent. Si cette option n'est pas franchement pratique pour notre capital elle aide par contre pour aller \u00e0 <strong>PARIS PLAGE LE TOUQUET<\/strong> qui est plus long \u00e0 \u00e9crire...<\/td>\n<\/tr>\n<tr class=\"row-4\">\n\t<td class=\"column-1\"><img decoding=\"async\" src=\"\/v3\/images\/cni1\/guidage\/cn1009.jpg\" alt=\"\" \/><\/td><td class=\"column-2\">On peut continuer en tapant (ou en s\u00e9lectionnant dans le liste) le nom de la rue et \u00e9ventuellement le num\u00e9ro par exemple pour les longues avenues.<br \/>\r\nEnsuite on s\u00e9lectionne Activer guidage et le syst\u00e8me se met \u00e0 calculer l'itin\u00e9raire (10-20 secondes pour les premi\u00e8res versions du CNI 1, 5s pour les derni\u00e8res).<br \/><br \/>\r\nLe chemin est trac\u00e9 en blanc sur la carte.<br \/><br \/>\r\n<br \/><br \/>\r\n<em>Note: Si vous vous arr\u00eatez avant d'\u00eatre arriv\u00e9 \u00e0 destination, lorsque vous red\u00e9marrerez, le syst\u00e8me vous demandera si vous voulez poursuivre le guidage.<\/em><br \/>\r\n<\/td>\n<\/tr>\n<\/tbody>\n<\/table>\n<!-- #tablepress-7 from cache --><\/div>\n<div class=\"pubmain\">\n<script type=\"text\/javascript\"><!--\ngoogle_ad_client = \"ca-pub-6295180017562087\";\n\/* V3 *\/\ngoogle_ad_slot = \"8915205629\";\ngoogle_ad_width = 728;\ngoogle_ad_height = 90;\n\/\/-->\n<\/script><br \/>\n<script type=\"text\/javascript\"\nsrc=\"http:\/\/pagead2.googlesyndication.com\/pagead\/show_ads.js\">\n<\/script><\/div>\n<h2>Vid\u00e9o<\/h2>\n<p><iframe loading=\"lazy\" src=\"http:\/\/www.dailymotion.com\/embed\/video\/xtclyh?syndication=244253\" frameborder=\"0\" width=\"560\" height=\"448\"><\/iframe><br \/>\n<a href=\"http:\/\/www.dailymotion.com\/video\/xtclyh_lancer-un-guidage-carminat-navigation-informe-1_auto\" target=\"_blank\">Lancer un guidage Carminat Navigation Inform\u00e9 1<\/a> <em>par <a href=\"http:\/\/www.dailymotion.com\/GPS-Carminat\" target=\"_blank\">GPS-Carminat<\/a><\/em><\/p>\n<!-- AddThis Advanced Settings generic via filter on the_content --><!-- AddThis Share Buttons generic via filter on the_content -->","protected":false},"excerpt":{"rendered":"<p>Vid\u00e9o Lancer un guidage Carminat Navigation Inform\u00e9 1 par GPS-Carminat<!-- AddThis Advanced Settings generic via filter on get_the_excerpt --><!-- AddThis Share Buttons generic via filter on get_the_excerpt --><\/p>\n","protected":false},"author":1,"featured_media":0,"parent":153,"menu_order":8,"comment_status":"open","ping_status":"closed","template":"","meta":{"advanced_seo_description":"","jetpack_seo_html_title":"","jetpack_seo_noindex":false,"footnotes":""},"class_list":["post-133","page","type-page","status-publish","hentry"],"jetpack_sharing_enabled":true,"_links":{"self":[{"href":"https:\/\/www.gps-carminat.com\/v3\/wp-json\/wp\/v2\/pages\/133","targetHints":{"allow":["GET"]}}],"collection":[{"href":"https:\/\/www.gps-carminat.com\/v3\/wp-json\/wp\/v2\/pages"}],"about":[{"href":"https:\/\/www.gps-carminat.com\/v3\/wp-json\/wp\/v2\/types\/page"}],"author":[{"embeddable":true,"href":"https:\/\/www.gps-carminat.com\/v3\/wp-json\/wp\/v2\/users\/1"}],"replies":[{"embeddable":true,"href":"https:\/\/www.gps-carminat.com\/v3\/wp-json\/wp\/v2\/comments?post=133"}],"version-history":[{"count":0,"href":"https:\/\/www.gps-carminat.com\/v3\/wp-json\/wp\/v2\/pages\/133\/revisions"}],"up":[{"embeddable":true,"href":"https:\/\/www.gps-carminat.com\/v3\/wp-json\/wp\/v2\/pages\/153"}],"wp:attachment":[{"href":"https:\/\/www.gps-carminat.com\/v3\/wp-json\/wp\/v2\/media?parent=133"}],"curies":[{"name":"wp","href":"https:\/\/api.w.org\/{rel}","templated":true}]}}