{"id":165,"date":"2012-08-04T21:26:22","date_gmt":"2012-08-04T20:26:22","guid":{"rendered":"https:\/\/www.gps-carminat.com\/v3\/?page_id=165"},"modified":"2012-10-17T11:32:20","modified_gmt":"2012-10-17T09:32:20","slug":"carnet-dadresses","status":"publish","type":"page","link":"https:\/\/www.gps-carminat.com\/v3\/carminat-navigation-informe-1\/carnet-dadresses\/","title":{"rendered":"Carnet d&rsquo;adresses"},"content":{"rendered":"<p>Les CNI 1 disposent de 2 carnets d&rsquo;adresses distincts dans lesquels on va pouvoir enregistrer les adresses des destinations que l&rsquo;on utilise fr\u00e9quemment<\/p>\n<div class=\"pubmain\">\n<script type=\"text\/javascript\"><!--\ngoogle_ad_client = \"ca-pub-6295180017562087\";\n\/* V3 *\/\ngoogle_ad_slot = \"8915205629\";\ngoogle_ad_width = 728;\ngoogle_ad_height = 90;\n\/\/-->\n<\/script><br \/>\n<script type=\"text\/javascript\"\nsrc=\"http:\/\/pagead2.googlesyndication.com\/pagead\/show_ads.js\">\n<\/script><\/div>\n<div class=\"tableau\">\n<table id=\"tablepress-9\" class=\"tablepress tablepress-id-9\">\n<tbody>\n<tr class=\"row-1\">\n\t<td class=\"column-1\"><img decoding=\"async\" src=\"\/v3\/images\/cni1\/carnet\/7.jpg\" alt=\"\" \/><\/td><td class=\"column-2\"><p>Situation: on a rentr\u00e9 l'adresse de destination et on se dit qu'on ira souvent \u00e0 Paris (la destination ici rentr\u00e9e) donc l'enregistrer serait une bonne solution<\/p><br \/>\r\n    <p>On voit le bouton <strong>CARNET D'ADRESSE<\/strong> en appuyant dessus on a 2 possibilit\u00e9s tr\u00e8s explicites.<br \/>\r\n<br \/>\r\n<br \/>\r\n<\/p><br \/>\r\n    <br \/>\r\n    <\/td>\n<\/tr>\n<tr class=\"row-2\">\n\t<td class=\"column-1\"><img decoding=\"async\" src=\"\/v3\/images\/cni1\/carnet\/8.jpg\" alt=\"\" \/><\/td><td class=\"column-2\">Si on s\u00e9lectionne <strong>CHOISIR DESTINATION<\/strong> il donne 3 possibilit\u00e9s:<br \/><br \/>\r\n<br \/>\r\nChoisir la destination dans le r\u00e9pertoire dit <strong>PERSONNEL<\/strong> ou alors dans celui <strong>PROFESSIONNEL<\/strong>.<br \/><br \/>\r\n<br \/>\r\nLa derni\u00e8re option <strong>DEST. PRECEDENTES<\/strong> permet de choisir sa destination dans les derni\u00e8res qui ont \u00e9t\u00e9 rentr\u00e9es dans le syst\u00e8me.<\/td>\n<\/tr>\n<tr class=\"row-3\">\n\t<td class=\"column-1\"><img decoding=\"async\" src=\"\/v3\/images\/cni1\/carnet\/9.jpg\" alt=\"\" \/><\/td><td class=\"column-2\">Si on s\u00e9lectionne <strong>MEMORISER L'ADRESSE<\/strong>, il nous demande ensuite dans quel r\u00e9pertoire on souhaite l'enregistrer. L'adresse sera effectivement enregistr\u00e9 dans le carnet d'adresse mais sans nom, ce qui n'est pas tr\u00e8s pratique.<br \/>\r\n<\/td>\n<\/tr>\n<tr class=\"row-4\">\n\t<td class=\"column-1\"><img decoding=\"async\" src=\"\/v3\/images\/cni1\/guidage\/cn1003.jpg\" alt=\"\" \/><\/td><td class=\"column-2\">Donc pour rajouter un nom ou un num\u00e9ro de t\u00e9l\u00e9phone (qui ne sera l\u00e0 qu'\u00e0 titre indicatif) une fois qu'on a rentr\u00e9 notre adresse de destination, il faut faire <strong>RETOUR<\/strong> pour revenir \u00e0 cet \u00e9cran pour s\u00e9lectionner<strong> CARNET D'ADRESSES<\/strong>.<br \/>\r\n<br \/>\r\n<\/td>\n<\/tr>\n<tr class=\"row-5\">\n\t<td class=\"column-1\"><img decoding=\"async\" src=\"\/v3\/images\/cni1\/carnet\/10.jpg\" alt=\"\" \/><\/td><td class=\"column-2\">On arrive \u00e0 cet \u00e9cran sur lequel les champs <strong>NOM<\/strong> et <strong>TEL <\/strong>ne sont pas gris\u00e9s on va donc pouvoir y rentrer des infos.<strong><strong><\/strong><\/strong><br \/>\r\n<em>Note: on remarquera l'option <strong>ENREG. LA POSITION<\/strong> qui permet de s\u00e9lectionner la position exacte du v\u00e9hicule comme adresse pour pouvoir ensuite l'enregistrer, pratique pour une maison n'ayant pas d'adresse pr\u00e9cise<em><\/td>\n<\/tr>\n<tr class=\"row-6\">\n\t<td class=\"column-1\"><img decoding=\"async\" src=\"\/v3\/images\/cni1\/carnet\/11.jpg\" alt=\"\" \/><\/td><td class=\"column-2\">Une fois qu'on a rempli les champs que l'on souhaitait, on peut enregistrer l'adresse dans le carnet avec l'option MEMORISER L'ADRESSE puis en s\u00e9lectionnant dans le r\u00e9pertoire dans lequel on souhaite l'enregistrer.<br \/>\r\n<\/td>\n<\/tr>\n<\/tbody>\n<\/table>\n<!-- #tablepress-9 from cache --><\/div>\n<!-- AddThis Advanced Settings generic via filter on the_content --><!-- AddThis Share Buttons generic via filter on the_content -->","protected":false},"excerpt":{"rendered":"<p>Les CNI 1 disposent de 2 carnets d&rsquo;adresses distincts dans lesquels on va pouvoir enregistrer les adresses des destinations que l&rsquo;on utilise fr\u00e9quemment<!-- AddThis Advanced Settings generic via filter on get_the_excerpt --><!-- AddThis Share Buttons generic via filter on get_the_excerpt --><\/p>\n","protected":false},"author":1,"featured_media":0,"parent":93,"menu_order":10,"comment_status":"open","ping_status":"closed","template":"","meta":{"advanced_seo_description":"","jetpack_seo_html_title":"","jetpack_seo_noindex":false,"footnotes":""},"class_list":["post-165","page","type-page","status-publish","hentry"],"jetpack_sharing_enabled":true,"_links":{"self":[{"href":"https:\/\/www.gps-carminat.com\/v3\/wp-json\/wp\/v2\/pages\/165","targetHints":{"allow":["GET"]}}],"collection":[{"href":"https:\/\/www.gps-carminat.com\/v3\/wp-json\/wp\/v2\/pages"}],"about":[{"href":"https:\/\/www.gps-carminat.com\/v3\/wp-json\/wp\/v2\/types\/page"}],"author":[{"embeddable":true,"href":"https:\/\/www.gps-carminat.com\/v3\/wp-json\/wp\/v2\/users\/1"}],"replies":[{"embeddable":true,"href":"https:\/\/www.gps-carminat.com\/v3\/wp-json\/wp\/v2\/comments?post=165"}],"version-history":[{"count":0,"href":"https:\/\/www.gps-carminat.com\/v3\/wp-json\/wp\/v2\/pages\/165\/revisions"}],"up":[{"embeddable":true,"href":"https:\/\/www.gps-carminat.com\/v3\/wp-json\/wp\/v2\/pages\/93"}],"wp:attachment":[{"href":"https:\/\/www.gps-carminat.com\/v3\/wp-json\/wp\/v2\/media?parent=165"}],"curies":[{"name":"wp","href":"https:\/\/api.w.org\/{rel}","templated":true}]}}