{"id":1940,"date":"2017-06-27T07:58:13","date_gmt":"2017-06-27T05:58:13","guid":{"rendered":"https:\/\/www.gps-carminat.com\/v3\/?page_id=1940"},"modified":"2020-01-26T15:35:17","modified_gmt":"2020-01-26T14:35:17","slug":"r-link-2","status":"publish","type":"page","link":"https:\/\/www.gps-carminat.com\/v3\/r-link-2\/","title":{"rendered":"R-Link 2"},"content":{"rendered":"<p><!--more--><\/p>\n<p>R-link 2 est le successeur du R-Link 1 (<a href=\"https:\/\/www.gps-carminat.com\/v3\/r-link\/\">voir sa page<\/a>) mais il est arriv\u00e9 sur de nouveaux v\u00e9hicules pr\u00e9vu d\u00e8s le d\u00e9part pour ce syst\u00e8me contrairement au R-Link 1 qui est arriv\u00e9 sur des v\u00e9hicules en cours de vie.<\/p>\n<div id=\"attachment_1441\" style=\"width: 594px\" class=\"wp-caption aligncenter\"><a href=\"https:\/\/www.gps-carminat.com\/v3\/wp-content\/uploads\/2015\/02\/rlink-2.jpg\"><img loading=\"lazy\" decoding=\"async\" aria-describedby=\"caption-attachment-1441\" data-attachment-id=\"1441\" data-permalink=\"https:\/\/www.gps-carminat.com\/v3\/2015\/02\/03\/le-r-link-2-sur-le-kadjar\/rlink-2\/\" data-orig-file=\"https:\/\/www.gps-carminat.com\/v3\/wp-content\/uploads\/2015\/02\/rlink-2.jpg\" data-orig-size=\"1048,976\" data-comments-opened=\"1\" data-image-meta=\"{&quot;aperture&quot;:&quot;0&quot;,&quot;credit&quot;:&quot;&quot;,&quot;camera&quot;:&quot;&quot;,&quot;caption&quot;:&quot;&quot;,&quot;created_timestamp&quot;:&quot;0&quot;,&quot;copyright&quot;:&quot;&quot;,&quot;focal_length&quot;:&quot;0&quot;,&quot;iso&quot;:&quot;0&quot;,&quot;shutter_speed&quot;:&quot;0&quot;,&quot;title&quot;:&quot;&quot;,&quot;orientation&quot;:&quot;0&quot;}\" data-image-title=\"rlink 2 Kadjar\" data-image-description=\"\" data-image-caption=\"\" data-large-file=\"https:\/\/www.gps-carminat.com\/v3\/wp-content\/uploads\/2015\/02\/rlink-2-1024x954.jpg\" class=\"wp-image-1441 size-large\" src=\"https:\/\/www.gps-carminat.com\/v3\/wp-content\/uploads\/2015\/02\/rlink-2-1024x954.jpg\" alt=\"\" width=\"584\" height=\"544\" srcset=\"https:\/\/www.gps-carminat.com\/v3\/wp-content\/uploads\/2015\/02\/rlink-2-1024x954.jpg 1024w, https:\/\/www.gps-carminat.com\/v3\/wp-content\/uploads\/2015\/02\/rlink-2-300x279.jpg 300w, https:\/\/www.gps-carminat.com\/v3\/wp-content\/uploads\/2015\/02\/rlink-2-322x300.jpg 322w, https:\/\/www.gps-carminat.com\/v3\/wp-content\/uploads\/2015\/02\/rlink-2.jpg 1048w\" sizes=\"auto, (max-width: 584px) 100vw, 584px\" \/><\/a><p id=\"caption-attachment-1441\" class=\"wp-caption-text\">R-Link 2 7 pouces sur un Kadjar.<\/p><\/div>\n<p>Le gps R-Link 2 de Renault est donc un syst\u00e8me de navigation connect\u00e9 (qui dispose donc d&rsquo;une connexion internet int\u00e9gr\u00e9e) qui est arriv\u00e9 sur les v\u00e9hicules de la gamme sup\u00e9rieure de Renault. On le trouve ainsi sur la M\u00e9gane IV (phase 1), Scenic IV, Talisman (phase 1), Kadjar, Koleos et Espace V (phase 1).<\/p>\n<div id=\"attachment_1638\" style=\"width: 594px\" class=\"wp-caption aligncenter\"><a href=\"https:\/\/www.gps-carminat.com\/v3\/wp-content\/uploads\/2015\/06\/DSC_0339.jpg\"><img loading=\"lazy\" decoding=\"async\" aria-describedby=\"caption-attachment-1638\" data-attachment-id=\"1638\" data-permalink=\"https:\/\/www.gps-carminat.com\/v3\/2015\/06\/10\/r-link-2-1er-test\/dsc_0339\/\" data-orig-file=\"https:\/\/www.gps-carminat.com\/v3\/wp-content\/uploads\/2015\/06\/DSC_0339.jpg\" data-orig-size=\"2048,1152\" data-comments-opened=\"1\" data-image-meta=\"{&quot;aperture&quot;:&quot;2&quot;,&quot;credit&quot;:&quot;&quot;,&quot;camera&quot;:&quot;D5803&quot;,&quot;caption&quot;:&quot;&quot;,&quot;created_timestamp&quot;:&quot;1429791893&quot;,&quot;copyright&quot;:&quot;&quot;,&quot;focal_length&quot;:&quot;4.6&quot;,&quot;iso&quot;:&quot;50&quot;,&quot;shutter_speed&quot;:&quot;0.0025&quot;,&quot;title&quot;:&quot;&quot;,&quot;orientation&quot;:&quot;1&quot;}\" data-image-title=\"Planche de bord Espace V Rlink 2\" data-image-description=\"\" data-image-caption=\"\" data-large-file=\"https:\/\/www.gps-carminat.com\/v3\/wp-content\/uploads\/2015\/06\/DSC_0339-1024x576.jpg\" class=\"wp-image-1638 size-large\" src=\"https:\/\/www.gps-carminat.com\/v3\/wp-content\/uploads\/2015\/06\/DSC_0339-1024x576.jpg\" alt=\"\" width=\"584\" height=\"329\" srcset=\"https:\/\/www.gps-carminat.com\/v3\/wp-content\/uploads\/2015\/06\/DSC_0339-1024x576.jpg 1024w, https:\/\/www.gps-carminat.com\/v3\/wp-content\/uploads\/2015\/06\/DSC_0339-300x169.jpg 300w, https:\/\/www.gps-carminat.com\/v3\/wp-content\/uploads\/2015\/06\/DSC_0339-500x281.jpg 500w, https:\/\/www.gps-carminat.com\/v3\/wp-content\/uploads\/2015\/06\/DSC_0339-900x506.jpg 900w, https:\/\/www.gps-carminat.com\/v3\/wp-content\/uploads\/2015\/06\/DSC_0339.jpg 2048w\" sizes=\"auto, (max-width: 584px) 100vw, 584px\" \/><\/a><p id=\"caption-attachment-1638\" class=\"wp-caption-text\">R-Link 2 8,7 pouces sur un Espace V<\/p><\/div>\n<p>Il existe 2 versions du R-Link 2, la version 7 pouces au format paysage et la version 8,7 pouces au format portrait. La principale diff\u00e9rence entre ces 2 syst\u00e8mes est \u00e9videmment la taille de l&rsquo;\u00e9cran ainsi que son format. Par contre la version 8,7 pouces permettra d&rsquo;afficher plus de widget sur l&rsquo;\u00e9cran d&rsquo;accueil (grille 4 x 2 contre 2 x 2) mais aussi b\u00e9n\u00e9ficie de l&rsquo;affichage des b\u00e2timents en 3D.<\/p>\n<p><a href=\"https:\/\/www.gps-carminat.com\/v3\/wp-content\/uploads\/2020\/01\/img-20191219-133000-scaled.jpg\"><img loading=\"lazy\" decoding=\"async\" data-attachment-id=\"3806\" data-permalink=\"https:\/\/www.gps-carminat.com\/v3\/r-link-2\/img_20191219_133000\/\" data-orig-file=\"https:\/\/www.gps-carminat.com\/v3\/wp-content\/uploads\/2020\/01\/img-20191219-133000-scaled.jpg\" data-orig-size=\"1920,2560\" data-comments-opened=\"1\" data-image-meta=\"{&quot;aperture&quot;:&quot;1.8&quot;,&quot;credit&quot;:&quot;&quot;,&quot;camera&quot;:&quot;Pixel 3&quot;,&quot;caption&quot;:&quot;&quot;,&quot;created_timestamp&quot;:&quot;1576762200&quot;,&quot;copyright&quot;:&quot;&quot;,&quot;focal_length&quot;:&quot;4.44&quot;,&quot;iso&quot;:&quot;69&quot;,&quot;shutter_speed&quot;:&quot;0.010101&quot;,&quot;title&quot;:&quot;&quot;,&quot;orientation&quot;:&quot;1&quot;}\" data-image-title=\"IMG_20191219_133000\" data-image-description=\"\" data-image-caption=\"\" data-large-file=\"https:\/\/www.gps-carminat.com\/v3\/wp-content\/uploads\/2020\/01\/img-20191219-133000-768x1024.jpg\" class=\"aligncenter size-medium wp-image-3806\" src=\"https:\/\/www.gps-carminat.com\/v3\/wp-content\/uploads\/2020\/01\/img-20191219-133000-225x300.jpg\" alt=\"\" width=\"225\" height=\"300\" srcset=\"https:\/\/www.gps-carminat.com\/v3\/wp-content\/uploads\/2020\/01\/img-20191219-133000-225x300.jpg 225w, https:\/\/www.gps-carminat.com\/v3\/wp-content\/uploads\/2020\/01\/img-20191219-133000-768x1024.jpg 768w, https:\/\/www.gps-carminat.com\/v3\/wp-content\/uploads\/2020\/01\/img-20191219-133000-1152x1536.jpg 1152w, https:\/\/www.gps-carminat.com\/v3\/wp-content\/uploads\/2020\/01\/img-20191219-133000-1536x2048.jpg 1536w, https:\/\/www.gps-carminat.com\/v3\/wp-content\/uploads\/2020\/01\/img-20191219-133000-scaled.jpg 1920w\" sizes=\"auto, (max-width: 225px) 100vw, 225px\" \/><\/a><\/p>\n<p>R-Link 2 n&rsquo;a jamais \u00e9t\u00e9 diponible avec la cartographie d&rsquo;un unique pays mais seulement des r\u00e9gions. Par exemple en Europe, tous les R-Link 2 sont livr\u00e9s avec la carte Europe.<\/p>\n<p>Tout comme R-Link 1, il est possible d&rsquo;installer des applications ou d&rsquo;utiliser des services connect\u00e9s. Parmis le catalogue on n&rsquo;en retiendra que quelques une:<\/p>\n<ul>\n<li>Info trafic TomTom.<\/li>\n<li>Coyote.<\/li>\n<li>Prix des carburants.<\/li>\n<\/ul>\n<p>Page en construction. Vous trouverez ci-dessous les diff\u00e9rentes pages concernant le R-Link 2.<\/p>\n<p><a href=\"https:\/\/www.gps-carminat.com\/v3\/2015\/06\/10\/r-link-2-1er-test\/\">1er test du GPS R-Link 2<\/a><\/p>\n<p><a href=\"https:\/\/www.gps-carminat.com\/v3\/2017\/01\/22\/des-details-sur-android-auto-et-carplay\/\">Android Auto et Carplay sur R-Link 2<\/a><\/p>\n<p><a href=\"https:\/\/www.gps-carminat.com\/v3\/r-link-2\/test-android-auto-carplay-sur-r-link-2\/\">Test d&rsquo;Android Auto et Apple Carplay sur R-Link 2<\/a><\/p>\n<p><a href=\"https:\/\/www.gps-carminat.com\/v3\/r-link-2\/activer-apple-carplay-android-auto-waze-sur-r-link-2\/\">Installer Android Auto et Apple Carplay sur le R-Link2 des Scenic IV.<\/a><\/p>\n<p><a href=\"https:\/\/www.gps-carminat.com\/v3\/2017\/09\/22\/r-link-2-augmenter-la-taille-dandroid-auto\/\">Augmenter la taille d&rsquo;Android Auto<\/a><\/p>\n<p><a href=\"https:\/\/www.gps-carminat.com\/v3\/r-link-2\/mettre-a-jour-gps-r-link-2\/\">Mettre \u00e0 jour la cartographie et le logiciel du GPS R-Link 2<\/a><\/p>\n<p><a href=\"https:\/\/www.gps-carminat.com\/v3\/r-link-2\/r-link-2-afficher-les-radars\/\">Afficher les alertes radars du R-Link 2.<\/a><\/p>\n<p><a href=\"https:\/\/www.gps-carminat.com\/v3\/r-link-2\/telecharger-r-link-2-toolbox\/\">T\u00e9l\u00e9charger le R-Link 2 ToolBox<\/a><\/p>\n<p><a href=\"https:\/\/www.gps-carminat.com\/v3\/r-link-2\/contacter-la-helpline-renault\/\">Contacter le SAV Renault: la Helpline<\/a><\/p>\n<!-- AddThis Advanced Settings generic via filter on the_content --><!-- AddThis Share Buttons generic via filter on the_content -->","protected":false},"excerpt":{"rendered":"<p><!-- AddThis Advanced Settings generic via filter on get_the_excerpt --><!-- AddThis Share Buttons generic via filter on get_the_excerpt --><\/p>\n","protected":false},"author":1,"featured_media":0,"parent":0,"menu_order":0,"comment_status":"closed","ping_status":"closed","template":"","meta":{"advanced_seo_description":"","jetpack_seo_html_title":"","jetpack_seo_noindex":false,"footnotes":""},"class_list":["post-1940","page","type-page","status-publish","hentry"],"jetpack_sharing_enabled":true,"_links":{"self":[{"href":"https:\/\/www.gps-carminat.com\/v3\/wp-json\/wp\/v2\/pages\/1940","targetHints":{"allow":["GET"]}}],"collection":[{"href":"https:\/\/www.gps-carminat.com\/v3\/wp-json\/wp\/v2\/pages"}],"about":[{"href":"https:\/\/www.gps-carminat.com\/v3\/wp-json\/wp\/v2\/types\/page"}],"author":[{"embeddable":true,"href":"https:\/\/www.gps-carminat.com\/v3\/wp-json\/wp\/v2\/users\/1"}],"replies":[{"embeddable":true,"href":"https:\/\/www.gps-carminat.com\/v3\/wp-json\/wp\/v2\/comments?post=1940"}],"version-history":[{"count":0,"href":"https:\/\/www.gps-carminat.com\/v3\/wp-json\/wp\/v2\/pages\/1940\/revisions"}],"wp:attachment":[{"href":"https:\/\/www.gps-carminat.com\/v3\/wp-json\/wp\/v2\/media?parent=1940"}],"curies":[{"name":"wp","href":"https:\/\/api.w.org\/{rel}","templated":true}]}}