{"id":2026,"date":"2019-07-16T09:18:25","date_gmt":"2019-07-16T07:18:25","guid":{"rendered":"https:\/\/www.gps-carminat.com\/v3\/?page_id=2026"},"modified":"2025-12-22T12:05:35","modified_gmt":"2025-12-22T11:05:35","slug":"ajouter-une-entree-de-ligne-aux-prise-jack","status":"publish","type":"page","link":"https:\/\/www.gps-carminat.com\/v3\/audio\/ajouter-une-entree-de-ligne-aux-prise-jack\/","title":{"rendered":"Ajouter une entr\u00e9e de ligne AUX \/ Prise Jack"},"content":{"rendered":"<p>Sur beaucoup d&rsquo;autoradio Renault il est possible de rajouter une entr\u00e9e de ligne, (AUX ou jack)\u00a0 pour y brancher un lecteur MP3 ou surtout un smartphone.<\/p>\n<p>Les avantages sont nombreux:<\/p>\n<ul>\n<li>le faible prix (~ 10\u20ac)<\/li>\n<li>on garde l&rsquo;autoradio d&rsquo;origine et les commandes au volant pour le volume et la radio.<\/li>\n<li>Facilit\u00e9 d&rsquo;installation<\/li>\n<\/ul>\n<p>Inconv\u00e9nients:<\/p>\n<ul>\n<li>Pas d&rsquo;affichage des titres sur l&rsquo;\u00e9cran de l&rsquo;autoradio<\/li>\n<li>Pas de possibilit\u00e9 de faire Pause\/Suivant\/pr\u00e9c\u00e9dent avec les commandes de l&rsquo;autoradio, il faut manipuler le lecteur MP3\/smartphone.<\/li>\n<\/ul>\n<p><script async src=\"https:\/\/pagead2.googlesyndication.com\/pagead\/js\/adsbygoogle.js\"><\/script><br \/>\n<!-- carminat v3 responsive --><br \/>\n<ins class=\"adsbygoogle\" style=\"display: block;\" data-ad-client=\"ca-pub-6295180017562087\" data-ad-slot=\"8112832501\" data-ad-format=\"auto\" data-full-width-responsive=\"true\"><\/ins><br \/>\n<script>\n     (adsbygoogle = window.adsbygoogle || []).push({});\n<\/script><\/p>\n<p>Pour activer cette fonction il est n\u00e9cessaire d&rsquo;avoir un autoradio <strong>UPDATE LIST <\/strong>(g\u00e9n\u00e9ralement indiqu\u00e9 en bas \u00e0 droite sur la fa\u00e7ade) et le menu <strong>EXPERT<\/strong>. Cette fonction n&rsquo;est malheureusement pas compatible avec les versions <strong>TUNER LIST <\/strong>qui n&rsquo;ont pas le menu <strong>EXPERT.<\/strong><\/p>\n<p><a href=\"https:\/\/www.gps-carminat.com\/v3\/wp-content\/uploads\/2019\/07\/update-list-003.jpg\"><img loading=\"lazy\" decoding=\"async\" data-attachment-id=\"3587\" data-permalink=\"https:\/\/www.gps-carminat.com\/v3\/audio\/ajouter-une-entree-de-ligne-aux-prise-jack\/update_list_003\/\" data-orig-file=\"https:\/\/www.gps-carminat.com\/v3\/wp-content\/uploads\/2019\/07\/update-list-003.jpg\" data-orig-size=\"600,182\" data-comments-opened=\"1\" data-image-meta=\"{&quot;aperture&quot;:&quot;0&quot;,&quot;credit&quot;:&quot;&quot;,&quot;camera&quot;:&quot;&quot;,&quot;caption&quot;:&quot;&quot;,&quot;created_timestamp&quot;:&quot;0&quot;,&quot;copyright&quot;:&quot;&quot;,&quot;focal_length&quot;:&quot;0&quot;,&quot;iso&quot;:&quot;0&quot;,&quot;shutter_speed&quot;:&quot;0&quot;,&quot;title&quot;:&quot;&quot;,&quot;orientation&quot;:&quot;0&quot;}\" data-image-title=\"update_list_003\" data-image-description=\"\" data-image-caption=\"\" data-large-file=\"https:\/\/www.gps-carminat.com\/v3\/wp-content\/uploads\/2019\/07\/update-list-003.jpg\" class=\"aligncenter size-full wp-image-3587\" src=\"https:\/\/www.gps-carminat.com\/v3\/wp-content\/uploads\/2019\/07\/update-list-003.jpg\" alt=\"\" width=\"600\" height=\"182\" srcset=\"https:\/\/www.gps-carminat.com\/v3\/wp-content\/uploads\/2019\/07\/update-list-003.jpg 600w, https:\/\/www.gps-carminat.com\/v3\/wp-content\/uploads\/2019\/07\/update-list-003-300x91.jpg 300w, https:\/\/www.gps-carminat.com\/v3\/wp-content\/uploads\/2019\/07\/update-list-003-500x152.jpg 500w\" sizes=\"auto, (max-width: 600px) 100vw, 600px\" \/><\/a> <a href=\"https:\/\/www.gps-carminat.com\/v3\/wp-content\/uploads\/2019\/07\/update-list-renault.jpg\"><img loading=\"lazy\" decoding=\"async\" data-attachment-id=\"3586\" data-permalink=\"https:\/\/www.gps-carminat.com\/v3\/audio\/ajouter-une-entree-de-ligne-aux-prise-jack\/update-list-renault\/\" data-orig-file=\"https:\/\/www.gps-carminat.com\/v3\/wp-content\/uploads\/2019\/07\/update-list-renault.jpg\" data-orig-size=\"1600,1200\" data-comments-opened=\"1\" data-image-meta=\"{&quot;aperture&quot;:&quot;0&quot;,&quot;credit&quot;:&quot;&quot;,&quot;camera&quot;:&quot;&quot;,&quot;caption&quot;:&quot;&quot;,&quot;created_timestamp&quot;:&quot;0&quot;,&quot;copyright&quot;:&quot;&quot;,&quot;focal_length&quot;:&quot;0&quot;,&quot;iso&quot;:&quot;0&quot;,&quot;shutter_speed&quot;:&quot;0&quot;,&quot;title&quot;:&quot;&quot;,&quot;orientation&quot;:&quot;0&quot;}\" data-image-title=\"update list renault\" data-image-description=\"\" data-image-caption=\"\" data-large-file=\"https:\/\/www.gps-carminat.com\/v3\/wp-content\/uploads\/2019\/07\/update-list-renault-1024x768.jpg\" class=\"aligncenter size-large wp-image-3586\" src=\"https:\/\/www.gps-carminat.com\/v3\/wp-content\/uploads\/2019\/07\/update-list-renault-1024x768.jpg\" alt=\"\" width=\"584\" height=\"438\" srcset=\"https:\/\/www.gps-carminat.com\/v3\/wp-content\/uploads\/2019\/07\/update-list-renault-1024x768.jpg 1024w, https:\/\/www.gps-carminat.com\/v3\/wp-content\/uploads\/2019\/07\/update-list-renault-300x225.jpg 300w, https:\/\/www.gps-carminat.com\/v3\/wp-content\/uploads\/2019\/07\/update-list-renault-768x576.jpg 768w, https:\/\/www.gps-carminat.com\/v3\/wp-content\/uploads\/2019\/07\/update-list-renault-400x300.jpg 400w, https:\/\/www.gps-carminat.com\/v3\/wp-content\/uploads\/2019\/07\/update-list-renault.jpg 1600w\" sizes=\"auto, (max-width: 584px) 100vw, 584px\" \/><\/a><\/p>\n<p>Inutile qu&rsquo;il y ait marqu\u00e9 MP3 sur la fa\u00e7ade. L&rsquo;autoradio peut aussi comporter directement l&rsquo;\u00e9cran comme sur la Twingo.<\/p>\n<p><a href=\"https:\/\/www.gps-carminat.com\/v3\/wp-content\/uploads\/2019\/07\/poste-autoradio-renault-twingo-clio-mgane-kangoo-update.jpg\"><img loading=\"lazy\" decoding=\"async\" data-attachment-id=\"3589\" data-permalink=\"https:\/\/www.gps-carminat.com\/v3\/audio\/ajouter-une-entree-de-ligne-aux-prise-jack\/poste-autoradio-renault-twingo-clio-megane-kangoo-update\/\" data-orig-file=\"https:\/\/www.gps-carminat.com\/v3\/wp-content\/uploads\/2019\/07\/poste-autoradio-renault-twingo-clio-mgane-kangoo-update.jpg\" data-orig-size=\"400,187\" data-comments-opened=\"1\" data-image-meta=\"{&quot;aperture&quot;:&quot;0&quot;,&quot;credit&quot;:&quot;&quot;,&quot;camera&quot;:&quot;&quot;,&quot;caption&quot;:&quot;&quot;,&quot;created_timestamp&quot;:&quot;0&quot;,&quot;copyright&quot;:&quot;&quot;,&quot;focal_length&quot;:&quot;0&quot;,&quot;iso&quot;:&quot;0&quot;,&quot;shutter_speed&quot;:&quot;0&quot;,&quot;title&quot;:&quot;&quot;,&quot;orientation&quot;:&quot;0&quot;}\" data-image-title=\"Poste-Autoradio-Renault-Twingo-Clio-M\u00e9gane-Kangoo-Update\" data-image-description=\"\" data-image-caption=\"\" data-large-file=\"https:\/\/www.gps-carminat.com\/v3\/wp-content\/uploads\/2019\/07\/poste-autoradio-renault-twingo-clio-mgane-kangoo-update.jpg\" class=\"aligncenter size-full wp-image-3589\" src=\"https:\/\/www.gps-carminat.com\/v3\/wp-content\/uploads\/2019\/07\/poste-autoradio-renault-twingo-clio-mgane-kangoo-update.jpg\" alt=\"\" width=\"400\" height=\"187\" srcset=\"https:\/\/www.gps-carminat.com\/v3\/wp-content\/uploads\/2019\/07\/poste-autoradio-renault-twingo-clio-mgane-kangoo-update.jpg 400w, https:\/\/www.gps-carminat.com\/v3\/wp-content\/uploads\/2019\/07\/poste-autoradio-renault-twingo-clio-mgane-kangoo-update-300x140.jpg 300w\" sizes=\"auto, (max-width: 400px) 100vw, 400px\" \/><\/a><\/p>\n<p>On trouve cet autoradio sur les v\u00e9hicules suivants:<\/p>\n<ul>\n<li>Twingo 1 et 2<\/li>\n<li>Clio 2, Clio 3.<\/li>\n<li>Modus<\/li>\n<li>M\u00e9gane 2<\/li>\n<li>Scenic 2<\/li>\n<li>Laguna 2<\/li>\n<li>Vel Satis<\/li>\n<li>Espace 4<\/li>\n<li>Kangoo<\/li>\n<\/ul>\n<p>Voici l&rsquo;adaptateur qui co\u00fbte une dizaine d&rsquo;euros :<\/p>\n<ul>\n<li><a href=\"https:\/\/amzn.to\/32vRnTa\">Adaptateur sans kit d&rsquo;extraction &#x1f6d2;<\/a><\/li>\n<li><a href=\"https:\/\/amzn.to\/2jZLtso\">Adaptateur avec kit d&rsquo;extraction &#x1f6d2;<\/a><\/li>\n<\/ul>\n<p><a href=\"https:\/\/www.gps-carminat.com\/v3\/wp-content\/uploads\/2019\/07\/adaptateur-mp3-renault.jpg\"><img loading=\"lazy\" decoding=\"async\" data-attachment-id=\"3588\" data-permalink=\"https:\/\/www.gps-carminat.com\/v3\/audio\/ajouter-une-entree-de-ligne-aux-prise-jack\/adaptateur-mp3-renault\/\" data-orig-file=\"https:\/\/www.gps-carminat.com\/v3\/wp-content\/uploads\/2019\/07\/adaptateur-mp3-renault.jpg\" data-orig-size=\"300,250\" data-comments-opened=\"1\" data-image-meta=\"{&quot;aperture&quot;:&quot;0&quot;,&quot;credit&quot;:&quot;&quot;,&quot;camera&quot;:&quot;&quot;,&quot;caption&quot;:&quot;&quot;,&quot;created_timestamp&quot;:&quot;0&quot;,&quot;copyright&quot;:&quot;&quot;,&quot;focal_length&quot;:&quot;0&quot;,&quot;iso&quot;:&quot;0&quot;,&quot;shutter_speed&quot;:&quot;0&quot;,&quot;title&quot;:&quot;&quot;,&quot;orientation&quot;:&quot;0&quot;}\" data-image-title=\"adaptateur MP3 Renault\" data-image-description=\"\" data-image-caption=\"\" data-large-file=\"https:\/\/www.gps-carminat.com\/v3\/wp-content\/uploads\/2019\/07\/adaptateur-mp3-renault.jpg\" class=\"aligncenter size-full wp-image-3588\" src=\"https:\/\/www.gps-carminat.com\/v3\/wp-content\/uploads\/2019\/07\/adaptateur-mp3-renault.jpg\" alt=\"\" width=\"300\" height=\"250\" \/><\/a><\/p>\n<p>L&rsquo;installation sera facile, il suffit de sortir l&rsquo;autoradio en ins\u00e9rant dans les 4 trous des tiges et de le tirer vers soi.<\/p>\n<p><script async src=\"https:\/\/pagead2.googlesyndication.com\/pagead\/js\/adsbygoogle.js\"><\/script><br \/>\n<!-- carminat v3 responsive --><br \/>\n<ins class=\"adsbygoogle\" style=\"display: block;\" data-ad-client=\"ca-pub-6295180017562087\" data-ad-slot=\"8112832501\" data-ad-format=\"auto\" data-full-width-responsive=\"true\"><\/ins><br \/>\n<script>\n     (adsbygoogle = window.adsbygoogle || []).push({});\n<\/script><\/p>\n<p><a href=\"https:\/\/www.gps-carminat.com\/v3\/wp-content\/uploads\/2019\/07\/install-7.jpg\"><img loading=\"lazy\" decoding=\"async\" data-attachment-id=\"3581\" data-permalink=\"https:\/\/www.gps-carminat.com\/v3\/audio\/ajouter-une-entree-de-ligne-aux-prise-jack\/install_7\/\" data-orig-file=\"https:\/\/www.gps-carminat.com\/v3\/wp-content\/uploads\/2019\/07\/install-7.jpg\" data-orig-size=\"1066,800\" data-comments-opened=\"1\" data-image-meta=\"{&quot;aperture&quot;:&quot;0&quot;,&quot;credit&quot;:&quot;&quot;,&quot;camera&quot;:&quot;&quot;,&quot;caption&quot;:&quot;&quot;,&quot;created_timestamp&quot;:&quot;0&quot;,&quot;copyright&quot;:&quot;&quot;,&quot;focal_length&quot;:&quot;0&quot;,&quot;iso&quot;:&quot;0&quot;,&quot;shutter_speed&quot;:&quot;0&quot;,&quot;title&quot;:&quot;&quot;,&quot;orientation&quot;:&quot;0&quot;}\" data-image-title=\"install_7\" data-image-description=\"\" data-image-caption=\"\" data-large-file=\"https:\/\/www.gps-carminat.com\/v3\/wp-content\/uploads\/2019\/07\/install-7-1024x768.jpg\" class=\"aligncenter size-large wp-image-3581\" src=\"https:\/\/www.gps-carminat.com\/v3\/wp-content\/uploads\/2019\/07\/install-7-1024x768.jpg\" alt=\"\" width=\"584\" height=\"438\" srcset=\"https:\/\/www.gps-carminat.com\/v3\/wp-content\/uploads\/2019\/07\/install-7-1024x768.jpg 1024w, https:\/\/www.gps-carminat.com\/v3\/wp-content\/uploads\/2019\/07\/install-7-300x225.jpg 300w, https:\/\/www.gps-carminat.com\/v3\/wp-content\/uploads\/2019\/07\/install-7-768x576.jpg 768w, https:\/\/www.gps-carminat.com\/v3\/wp-content\/uploads\/2019\/07\/install-7-400x300.jpg 400w, https:\/\/www.gps-carminat.com\/v3\/wp-content\/uploads\/2019\/07\/install-7.jpg 1066w\" sizes=\"auto, (max-width: 584px) 100vw, 584px\" \/><\/a><\/p>\n<p>A l&rsquo;arri\u00e8re de l&rsquo;autoradio on retrouve la connectique, il suffira de brancher la prise ISO \u00e0 c\u00f4t\u00e9 de la prise jaune. Il peut \u00eatre n\u00e9cessaire de retirer la prise jaune et de la coupler avec la verte avant de rebrancher le tout sur l&rsquo;autoradio.<\/p>\n<p><a href=\"https:\/\/www.gps-carminat.com\/v3\/wp-content\/uploads\/2019\/07\/nipe75-la-connectique-a.jpg\"><img loading=\"lazy\" decoding=\"async\" data-attachment-id=\"3585\" data-permalink=\"https:\/\/www.gps-carminat.com\/v3\/audio\/ajouter-une-entree-de-ligne-aux-prise-jack\/nipe75-la_connectique_a\/\" data-orig-file=\"https:\/\/www.gps-carminat.com\/v3\/wp-content\/uploads\/2019\/07\/nipe75-la-connectique-a.jpg\" data-orig-size=\"520,434\" data-comments-opened=\"1\" data-image-meta=\"{&quot;aperture&quot;:&quot;0&quot;,&quot;credit&quot;:&quot;&quot;,&quot;camera&quot;:&quot;&quot;,&quot;caption&quot;:&quot;&quot;,&quot;created_timestamp&quot;:&quot;0&quot;,&quot;copyright&quot;:&quot;&quot;,&quot;focal_length&quot;:&quot;0&quot;,&quot;iso&quot;:&quot;0&quot;,&quot;shutter_speed&quot;:&quot;0&quot;,&quot;title&quot;:&quot;&quot;,&quot;orientation&quot;:&quot;0&quot;}\" data-image-title=\"NIPE75.la_connectique_a\" data-image-description=\"\" data-image-caption=\"\" data-large-file=\"https:\/\/www.gps-carminat.com\/v3\/wp-content\/uploads\/2019\/07\/nipe75-la-connectique-a.jpg\" class=\"aligncenter size-full wp-image-3585\" src=\"https:\/\/www.gps-carminat.com\/v3\/wp-content\/uploads\/2019\/07\/nipe75-la-connectique-a.jpg\" alt=\"\" width=\"520\" height=\"434\" srcset=\"https:\/\/www.gps-carminat.com\/v3\/wp-content\/uploads\/2019\/07\/nipe75-la-connectique-a.jpg 520w, https:\/\/www.gps-carminat.com\/v3\/wp-content\/uploads\/2019\/07\/nipe75-la-connectique-a-300x250.jpg 300w, https:\/\/www.gps-carminat.com\/v3\/wp-content\/uploads\/2019\/07\/nipe75-la-connectique-a-359x300.jpg 359w\" sizes=\"auto, (max-width: 520px) 100vw, 520px\" \/><\/a><\/p>\n<p>Il faut ensuite faire passer le c\u00e2ble dans la garniture pour en g\u00e9n\u00e9rale le faire ressortir par le bas de la console ou au niveau des pieds du passager. Cela d\u00e9pendra du v\u00e9hicule mais en regardant on arrive toujours \u00e0 trouver un chemin.<\/p>\n<p>Derni\u00e8re chose \u00e0 faire: il faut activer l&rsquo;entr\u00e9e de source AUX. Pour cela il faut appuyer longuement sur la touche avec les note de musique &#x1f3b5; pour rentrer dans le menu <strong>Expert.<\/strong> En navigant avec les touches &#x23ee; &#x23ed; vous devez arriver au menu suivant:<\/p>\n<p><a href=\"https:\/\/www.gps-carminat.com\/v3\/wp-content\/uploads\/2019\/07\/install-16-1.jpg\"><img loading=\"lazy\" decoding=\"async\" data-attachment-id=\"3582\" data-permalink=\"https:\/\/www.gps-carminat.com\/v3\/audio\/ajouter-une-entree-de-ligne-aux-prise-jack\/install_16-1\/\" data-orig-file=\"https:\/\/www.gps-carminat.com\/v3\/wp-content\/uploads\/2019\/07\/install-16-1.jpg\" data-orig-size=\"618,334\" data-comments-opened=\"1\" data-image-meta=\"{&quot;aperture&quot;:&quot;0&quot;,&quot;credit&quot;:&quot;&quot;,&quot;camera&quot;:&quot;&quot;,&quot;caption&quot;:&quot;&quot;,&quot;created_timestamp&quot;:&quot;1563267771&quot;,&quot;copyright&quot;:&quot;&quot;,&quot;focal_length&quot;:&quot;0&quot;,&quot;iso&quot;:&quot;0&quot;,&quot;shutter_speed&quot;:&quot;0&quot;,&quot;title&quot;:&quot;&quot;,&quot;orientation&quot;:&quot;1&quot;}\" data-image-title=\"install_16 (1)\" data-image-description=\"\" data-image-caption=\"\" data-large-file=\"https:\/\/www.gps-carminat.com\/v3\/wp-content\/uploads\/2019\/07\/install-16-1.jpg\" class=\"aligncenter size-full wp-image-3582\" src=\"https:\/\/www.gps-carminat.com\/v3\/wp-content\/uploads\/2019\/07\/install-16-1.jpg\" alt=\"\" width=\"618\" height=\"334\" srcset=\"https:\/\/www.gps-carminat.com\/v3\/wp-content\/uploads\/2019\/07\/install-16-1.jpg 618w, https:\/\/www.gps-carminat.com\/v3\/wp-content\/uploads\/2019\/07\/install-16-1-300x162.jpg 300w, https:\/\/www.gps-carminat.com\/v3\/wp-content\/uploads\/2019\/07\/install-16-1-500x270.jpg 500w\" sizes=\"auto, (max-width: 618px) 100vw, 618px\" \/><\/a><\/p>\n<p>L\u00e0, il faut utiliser les touches &#x2795; et &#x2796; pour passer l&rsquo;AUX en ON.<\/p>\n<p><script async src=\"https:\/\/pagead2.googlesyndication.com\/pagead\/js\/adsbygoogle.js\"><\/script><br \/>\n<!-- carminat v3 responsive --><br \/>\n<ins class=\"adsbygoogle\" style=\"display: block;\" data-ad-client=\"ca-pub-6295180017562087\" data-ad-slot=\"8112832501\" data-ad-format=\"auto\" data-full-width-responsive=\"true\"><\/ins><br \/>\n<script>\n     (adsbygoogle = window.adsbygoogle || []).push({});\n<\/script><\/p>\n<p><a href=\"https:\/\/www.gps-carminat.com\/v3\/wp-content\/uploads\/2019\/07\/install-17.jpg\"><img loading=\"lazy\" decoding=\"async\" data-attachment-id=\"3583\" data-permalink=\"https:\/\/www.gps-carminat.com\/v3\/audio\/ajouter-une-entree-de-ligne-aux-prise-jack\/install_17\/\" data-orig-file=\"https:\/\/www.gps-carminat.com\/v3\/wp-content\/uploads\/2019\/07\/install-17.jpg\" data-orig-size=\"511,166\" data-comments-opened=\"1\" data-image-meta=\"{&quot;aperture&quot;:&quot;0&quot;,&quot;credit&quot;:&quot;&quot;,&quot;camera&quot;:&quot;&quot;,&quot;caption&quot;:&quot;&quot;,&quot;created_timestamp&quot;:&quot;1563267766&quot;,&quot;copyright&quot;:&quot;&quot;,&quot;focal_length&quot;:&quot;0&quot;,&quot;iso&quot;:&quot;0&quot;,&quot;shutter_speed&quot;:&quot;0&quot;,&quot;title&quot;:&quot;&quot;,&quot;orientation&quot;:&quot;1&quot;}\" data-image-title=\"install_17\" data-image-description=\"\" data-image-caption=\"\" data-large-file=\"https:\/\/www.gps-carminat.com\/v3\/wp-content\/uploads\/2019\/07\/install-17.jpg\" class=\"aligncenter size-full wp-image-3583\" src=\"https:\/\/www.gps-carminat.com\/v3\/wp-content\/uploads\/2019\/07\/install-17.jpg\" alt=\"\" width=\"511\" height=\"166\" srcset=\"https:\/\/www.gps-carminat.com\/v3\/wp-content\/uploads\/2019\/07\/install-17.jpg 511w, https:\/\/www.gps-carminat.com\/v3\/wp-content\/uploads\/2019\/07\/install-17-300x97.jpg 300w, https:\/\/www.gps-carminat.com\/v3\/wp-content\/uploads\/2019\/07\/install-17-500x162.jpg 500w\" sizes=\"auto, (max-width: 511px) 100vw, 511px\" \/><\/a><\/p>\n<p>C&rsquo;est bon, la source AUX apparait au milieu des sources FM\/CD.<\/p>\n<p><a href=\"https:\/\/www.gps-carminat.com\/v3\/wp-content\/uploads\/2019\/07\/install-18.jpg\"><img loading=\"lazy\" decoding=\"async\" data-attachment-id=\"3584\" data-permalink=\"https:\/\/www.gps-carminat.com\/v3\/audio\/ajouter-une-entree-de-ligne-aux-prise-jack\/install_18\/\" data-orig-file=\"https:\/\/www.gps-carminat.com\/v3\/wp-content\/uploads\/2019\/07\/install-18.jpg\" data-orig-size=\"543,208\" data-comments-opened=\"1\" data-image-meta=\"{&quot;aperture&quot;:&quot;0&quot;,&quot;credit&quot;:&quot;&quot;,&quot;camera&quot;:&quot;&quot;,&quot;caption&quot;:&quot;&quot;,&quot;created_timestamp&quot;:&quot;1563267885&quot;,&quot;copyright&quot;:&quot;&quot;,&quot;focal_length&quot;:&quot;0&quot;,&quot;iso&quot;:&quot;0&quot;,&quot;shutter_speed&quot;:&quot;0&quot;,&quot;title&quot;:&quot;&quot;,&quot;orientation&quot;:&quot;1&quot;}\" data-image-title=\"install_18\" data-image-description=\"\" data-image-caption=\"\" data-large-file=\"https:\/\/www.gps-carminat.com\/v3\/wp-content\/uploads\/2019\/07\/install-18.jpg\" class=\"aligncenter size-full wp-image-3584\" src=\"https:\/\/www.gps-carminat.com\/v3\/wp-content\/uploads\/2019\/07\/install-18.jpg\" alt=\"\" width=\"543\" height=\"208\" srcset=\"https:\/\/www.gps-carminat.com\/v3\/wp-content\/uploads\/2019\/07\/install-18.jpg 543w, https:\/\/www.gps-carminat.com\/v3\/wp-content\/uploads\/2019\/07\/install-18-300x115.jpg 300w, https:\/\/www.gps-carminat.com\/v3\/wp-content\/uploads\/2019\/07\/install-18-500x192.jpg 500w\" sizes=\"auto, (max-width: 543px) 100vw, 543px\" \/><\/a><\/p>\n<p>N&rsquo;oubliez pas de monter le volume sur votre smartphone.<\/p>\n<p>&nbsp;<\/p>\n<p>&nbsp;<\/p>\n<!-- AddThis Advanced Settings generic via filter on the_content --><!-- AddThis Share Buttons generic via filter on the_content -->","protected":false},"excerpt":{"rendered":"<p>Sur beaucoup d&rsquo;autoradio Renault il est possible de rajouter une entr\u00e9e de ligne, (AUX ou jack)\u00a0 pour y brancher un lecteur MP3 ou surtout un smartphone. Les avantages sont nombreux: le faible prix (~ 10\u20ac) on garde l&rsquo;autoradio d&rsquo;origine et &hellip; <a href=\"https:\/\/www.gps-carminat.com\/v3\/audio\/ajouter-une-entree-de-ligne-aux-prise-jack\/\">Continuer la lecture <span class=\"meta-nav\">&rarr;<\/span><\/a><!-- AddThis Advanced Settings generic via filter on get_the_excerpt --><!-- AddThis Share Buttons generic via filter on get_the_excerpt --><\/p>\n","protected":false},"author":1,"featured_media":0,"parent":3592,"menu_order":0,"comment_status":"open","ping_status":"closed","template":"","meta":{"advanced_seo_description":"","jetpack_seo_html_title":"","jetpack_seo_noindex":false,"footnotes":""},"class_list":["post-2026","page","type-page","status-publish","hentry"],"jetpack_sharing_enabled":true,"_links":{"self":[{"href":"https:\/\/www.gps-carminat.com\/v3\/wp-json\/wp\/v2\/pages\/2026","targetHints":{"allow":["GET"]}}],"collection":[{"href":"https:\/\/www.gps-carminat.com\/v3\/wp-json\/wp\/v2\/pages"}],"about":[{"href":"https:\/\/www.gps-carminat.com\/v3\/wp-json\/wp\/v2\/types\/page"}],"author":[{"embeddable":true,"href":"https:\/\/www.gps-carminat.com\/v3\/wp-json\/wp\/v2\/users\/1"}],"replies":[{"embeddable":true,"href":"https:\/\/www.gps-carminat.com\/v3\/wp-json\/wp\/v2\/comments?post=2026"}],"version-history":[{"count":1,"href":"https:\/\/www.gps-carminat.com\/v3\/wp-json\/wp\/v2\/pages\/2026\/revisions"}],"predecessor-version":[{"id":4576,"href":"https:\/\/www.gps-carminat.com\/v3\/wp-json\/wp\/v2\/pages\/2026\/revisions\/4576"}],"up":[{"embeddable":true,"href":"https:\/\/www.gps-carminat.com\/v3\/wp-json\/wp\/v2\/pages\/3592"}],"wp:attachment":[{"href":"https:\/\/www.gps-carminat.com\/v3\/wp-json\/wp\/v2\/media?parent=2026"}],"curies":[{"name":"wp","href":"https:\/\/api.w.org\/{rel}","templated":true}]}}