{"id":2171,"date":"2017-09-08T13:53:13","date_gmt":"2017-09-08T11:53:13","guid":{"rendered":"https:\/\/www.gps-carminat.com\/v3\/?page_id=2171"},"modified":"2021-03-31T11:28:52","modified_gmt":"2021-03-31T09:28:52","slug":"contacter-la-helpline-renault","status":"publish","type":"page","link":"https:\/\/www.gps-carminat.com\/v3\/r-link-2\/contacter-la-helpline-renault\/","title":{"rendered":"Contacter la Helpline Renault"},"content":{"rendered":"<p><span style=\"font-weight: 300;\">Depuis 2013 Renault a mis en place un acc\u00e8s direct \u00e0 une assistance pour les utilisateurs en cas de question ou probl\u00e8me sur les syst\u00e8mes multim\u00e9dia Renault. Cette assistance s\u2019appelle la <strong>Helpline<\/strong>.<\/span><\/p>\n<p>&nbsp;<\/p>\n<p>&nbsp;<\/p>\n<p>Voici les coordonn\u00e9es\u00a0:<\/p>\n<ul>\n<li>France : 0170489258 \/ R-Link.helplineFR@renault.com<\/li>\n<li>Royaume-Uni : +44 8443690000 \/ R-Link.helplineUK@renault.com<\/li>\n<li>Irlande : 1890710200 \/ R-Link.helplineIE@renault.com<\/li>\n<li>Espagne : +34 902011076 \/ R-Link.helplineES@renault.com<\/li>\n<li>Belgique : 078600007 \/ R-Link.helplineBE@renault.com<\/li>\n<li>Pays-Bas : 0800 0303 \/ contact-klant.nl@renault.nl<\/li>\n<\/ul>\n<script async src=\"https:\/\/pagead2.googlesyndication.com\/pagead\/js\/adsbygoogle.js\"><\/script>\r\n<!-- carminat v3 responsive -->\r\n<ins class=\"adsbygoogle\"\r\n     style=\"display:block\"\r\n     data-ad-client=\"ca-pub-6295180017562087\"\r\n     data-ad-slot=\"8112832501\"\r\n     data-ad-format=\"auto\"\r\n     data-full-width-responsive=\"true\"><\/ins>\r\n<script>\r\n     (adsbygoogle = window.adsbygoogle || []).push({});\r\n<\/script>\n<p>Voici les informations que je vous recommande de mettre dans votre mail (ou avoir sous la main en cas d\u2019appel) pour vous faire gagner du temps\u00a0et \u00e9viter des \u00e9changes inutiles au d\u00e9but\u00a0:<\/p>\n<ul>\n<li>Votre Nom et Pr\u00e9nom.<\/li>\n<li>Le Vin du v\u00e9hicule (case E de la carte grise\u00a0: num\u00e9ro commen\u00e7ant par VF1 pour Renault ou UU1 pour Dacia)<\/li>\n<li>Le num\u00e9ro de s\u00e9rie du R-Link<\/li>\n<li>La version software du R-Link.<\/li>\n<li>L\u2019Etat du R\u00e9seau avec une photo (surtout si \u00e7a concerne un probl\u00e8me de connectivit\u00e9)<\/li>\n<li>Si possible des photos pour illustrer l\u2019\u00e9ventuel probl\u00e8me.<\/li>\n<\/ul>\n<p>&nbsp;<\/p>\n<p>&nbsp;<\/p>\n<!-- AddThis Advanced Settings generic via filter on the_content --><!-- AddThis Share Buttons generic via filter on the_content -->","protected":false},"excerpt":{"rendered":"<p>Depuis 2013 Renault a mis en place un acc\u00e8s direct \u00e0 une assistance pour les utilisateurs en cas de question ou probl\u00e8me sur les syst\u00e8mes multim\u00e9dia Renault. Cette assistance s\u2019appelle la Helpline. &nbsp; &nbsp; Voici les coordonn\u00e9es\u00a0: France : 0170489258 &hellip; <a href=\"https:\/\/www.gps-carminat.com\/v3\/r-link-2\/contacter-la-helpline-renault\/\">Continuer la lecture <span class=\"meta-nav\">&rarr;<\/span><\/a><!-- AddThis Advanced Settings generic via filter on get_the_excerpt --><!-- AddThis Share Buttons generic via filter on get_the_excerpt --><\/p>\n","protected":false},"author":1,"featured_media":0,"parent":1940,"menu_order":5,"comment_status":"closed","ping_status":"closed","template":"","meta":{"advanced_seo_description":"","jetpack_seo_html_title":"","jetpack_seo_noindex":false,"footnotes":""},"class_list":["post-2171","page","type-page","status-publish","hentry"],"jetpack_sharing_enabled":true,"_links":{"self":[{"href":"https:\/\/www.gps-carminat.com\/v3\/wp-json\/wp\/v2\/pages\/2171","targetHints":{"allow":["GET"]}}],"collection":[{"href":"https:\/\/www.gps-carminat.com\/v3\/wp-json\/wp\/v2\/pages"}],"about":[{"href":"https:\/\/www.gps-carminat.com\/v3\/wp-json\/wp\/v2\/types\/page"}],"author":[{"embeddable":true,"href":"https:\/\/www.gps-carminat.com\/v3\/wp-json\/wp\/v2\/users\/1"}],"replies":[{"embeddable":true,"href":"https:\/\/www.gps-carminat.com\/v3\/wp-json\/wp\/v2\/comments?post=2171"}],"version-history":[{"count":0,"href":"https:\/\/www.gps-carminat.com\/v3\/wp-json\/wp\/v2\/pages\/2171\/revisions"}],"up":[{"embeddable":true,"href":"https:\/\/www.gps-carminat.com\/v3\/wp-json\/wp\/v2\/pages\/1940"}],"wp:attachment":[{"href":"https:\/\/www.gps-carminat.com\/v3\/wp-json\/wp\/v2\/media?parent=2171"}],"curies":[{"name":"wp","href":"https:\/\/api.w.org\/{rel}","templated":true}]}}