{"id":2871,"date":"2018-07-19T10:15:51","date_gmt":"2018-07-19T08:15:51","guid":{"rendered":"https:\/\/www.gps-carminat.com\/v3\/?page_id=2871"},"modified":"2020-01-28T14:28:57","modified_gmt":"2020-01-28T13:28:57","slug":"questions-courantes","status":"publish","type":"page","link":"https:\/\/www.gps-carminat.com\/v3\/r-link-2\/questions-courantes\/","title":{"rendered":"Questions courantes"},"content":{"rendered":"<p>Comme il y a beaucoup de questions qui reviennent sur R-Link 2, je les centraliserai ici.<\/p>\n<h3>Probl\u00e8mes Bluetooth<\/h3>\n<p><a href=\"https:\/\/www.gps-carminat.com\/v3\/wp-content\/uploads\/2018\/07\/Bluetooth-lancement-650x300.jpg\"><img loading=\"lazy\" decoding=\"async\" data-attachment-id=\"2868\" data-permalink=\"https:\/\/www.gps-carminat.com\/v3\/2018\/07\/19\/divers-problemes-bluetooth-avec-les-solutions\/bluetooth-lancement-650x300\/\" data-orig-file=\"https:\/\/www.gps-carminat.com\/v3\/wp-content\/uploads\/2018\/07\/Bluetooth-lancement-650x300.jpg\" data-orig-size=\"650,300\" data-comments-opened=\"1\" data-image-meta=\"{&quot;aperture&quot;:&quot;0&quot;,&quot;credit&quot;:&quot;&quot;,&quot;camera&quot;:&quot;&quot;,&quot;caption&quot;:&quot;&quot;,&quot;created_timestamp&quot;:&quot;0&quot;,&quot;copyright&quot;:&quot;&quot;,&quot;focal_length&quot;:&quot;0&quot;,&quot;iso&quot;:&quot;0&quot;,&quot;shutter_speed&quot;:&quot;0&quot;,&quot;title&quot;:&quot;&quot;,&quot;orientation&quot;:&quot;0&quot;}\" data-image-title=\"Bluetooth-lancement-650&amp;#215;300\" data-image-description=\"\" data-image-caption=\"\" data-large-file=\"https:\/\/www.gps-carminat.com\/v3\/wp-content\/uploads\/2018\/07\/Bluetooth-lancement-650x300.jpg\" class=\"aligncenter size-medium wp-image-2868\" src=\"https:\/\/www.gps-carminat.com\/v3\/wp-content\/uploads\/2018\/07\/Bluetooth-lancement-650x300-300x138.jpg\" alt=\"\" width=\"300\" height=\"138\" srcset=\"https:\/\/www.gps-carminat.com\/v3\/wp-content\/uploads\/2018\/07\/Bluetooth-lancement-650x300-300x138.jpg 300w, https:\/\/www.gps-carminat.com\/v3\/wp-content\/uploads\/2018\/07\/Bluetooth-lancement-650x300-500x231.jpg 500w, https:\/\/www.gps-carminat.com\/v3\/wp-content\/uploads\/2018\/07\/Bluetooth-lancement-650x300.jpg 650w\" sizes=\"auto, (max-width: 300px) 100vw, 300px\" \/><\/a><\/p>\n<h4>Je n&rsquo;arrive pas \u00e0 connecter mon iPhone depuis mon passage sous iOS11<\/h4>\n<p>Il est n\u00e9cessaire de mettre \u00e0 jour le R-Link 2 (<a href=\"https:\/\/www.gps-carminat.com\/v3\/r-link-2\/mettre-a-jour-gps-r-link-2\/\">voir cette page<\/a>)<\/p>\n<h4>Probl\u00e8me bluetooth avec mon iPhone depuis mon passage sous iOS13<\/h4>\n<p>Le passage sous iOS13 a provoqu\u00e9 un bug avec le bluetooth: l&rsquo;appareil se connecte \/ d\u00e9connecte toutes les 30 secondes&#8230;<\/p>\n<p>Solution: installer la mise \u00e0 jour iSO13.2<\/p>\n<p><del>Si l&rsquo;iPhone \u00e9tait d\u00e9j\u00e0 connect\u00e9 au R-Link2, vous pouvez d\u00e9sactiver la synchronisation des contacts dans les param\u00e8tres Bluetooth de l&rsquo;iphone pour le R-Link2. (Param\u00e8tres \/ Bluetooth \/ cliquer sur le ! (bleu) de la connexion du R-Link 2 \/ d\u00e9sactiver la synchro des contacts)<\/del><\/p>\n<p><a href=\"https:\/\/www.gps-carminat.com\/v3\/wp-content\/uploads\/2019\/09\/ios12-iphonex-settings-bluetooth-devices-9.jpg\"><img loading=\"lazy\" decoding=\"async\" data-attachment-id=\"3752\" data-permalink=\"https:\/\/www.gps-carminat.com\/v3\/2019\/09\/25\/r-link2-probleme-bluetooth-avec-apple-ios13\/ios12-iphonex-settings-bluetooth-devices-10\/\" data-orig-file=\"https:\/\/www.gps-carminat.com\/v3\/wp-content\/uploads\/2019\/09\/ios12-iphonex-settings-bluetooth-devices-9.jpg\" data-orig-size=\"640,1286\" data-comments-opened=\"1\" data-image-meta=\"{&quot;aperture&quot;:&quot;0&quot;,&quot;credit&quot;:&quot;&quot;,&quot;camera&quot;:&quot;&quot;,&quot;caption&quot;:&quot;&quot;,&quot;created_timestamp&quot;:&quot;0&quot;,&quot;copyright&quot;:&quot;&quot;,&quot;focal_length&quot;:&quot;0&quot;,&quot;iso&quot;:&quot;0&quot;,&quot;shutter_speed&quot;:&quot;0&quot;,&quot;title&quot;:&quot;&quot;,&quot;orientation&quot;:&quot;1&quot;}\" data-image-title=\"ios12-iphonex-settings-bluetooth-devices\" data-image-description=\"\" data-image-caption=\"\" data-large-file=\"https:\/\/www.gps-carminat.com\/v3\/wp-content\/uploads\/2019\/09\/ios12-iphonex-settings-bluetooth-devices-9-510x1024.jpg\" class=\"aligncenter size-medium wp-image-3752\" src=\"https:\/\/www.gps-carminat.com\/v3\/wp-content\/uploads\/2019\/09\/ios12-iphonex-settings-bluetooth-devices-9-149x300.jpg\" alt=\"\" width=\"149\" height=\"300\" srcset=\"https:\/\/www.gps-carminat.com\/v3\/wp-content\/uploads\/2019\/09\/ios12-iphonex-settings-bluetooth-devices-9-149x300.jpg 149w, https:\/\/www.gps-carminat.com\/v3\/wp-content\/uploads\/2019\/09\/ios12-iphonex-settings-bluetooth-devices-9-510x1024.jpg 510w, https:\/\/www.gps-carminat.com\/v3\/wp-content\/uploads\/2019\/09\/ios12-iphonex-settings-bluetooth-devices-9.jpg 640w\" sizes=\"auto, (max-width: 149px) 100vw, 149px\" \/><\/a><\/p>\n<p><del>Si c&rsquo;est la premi\u00e8re fois que vous voulez connecter l&rsquo;iPhone au R-Link 2, il faut que vous restiez sur le menu Bluetooth du t\u00e9l\u00e9phone jusqu&rsquo;\u00e0 ce que la premi\u00e8re synchronisation des contacts soit termin\u00e9 (cela peut prendre plusieurs minutes). Il faut donc maintenir l&rsquo;\u00e9cran de l&rsquo;iPhone allum\u00e9 pour que le bluetooth de l&rsquo;iPhone reste visible. Une fois que la synchronisation est termin\u00e9e, il faudra d\u00e9sactiver la synchronisation des contacts dans les param\u00e8tres Bluetooth de l&rsquo;iPhone pour le R-Link 2.<\/del><\/p>\n<p><del>Le bug semble du c\u00f4t\u00e9 d&rsquo;Apple, on va donc guetter les correctifs.<\/del><\/p>\n<h4>Probl\u00e8me Carplay avec iOS13<\/h4>\n<p>Les utilisateurs qui ont des probl\u00e8mes avec Carplay pour les applications utilisant le son (Musique, appel t\u00e9l\u00e9phone) et qui rencontrent un plantage de Carplay n\u00e9cessite une mise \u00e0 jour. Si vous \u00eates en 7.0.24.126 (ou 7.0.24.16x) vous pouvez mettre \u00e0jour votre syst\u00e8me vers la version v7.0.24.166 (ou 7.0.24.16x) en visitant <a href=\"https:\/\/www.gps-carminat.com\/v3\/r-link-2\/r-link-2-mettre-a-jour-le-logiciel-soi-meme\/\">cette page<\/a>.<\/p>\n<h4>Probl\u00e8me Bluetooth avec un t\u00e9l\u00e9phone Samsung<\/h4>\n<p>Il est n\u00e9cessaire de mettre \u00e0 jour le R-Link 2 (<a href=\"https:\/\/www.gps-carminat.com\/v3\/r-link-2\/mettre-a-jour-gps-r-link-2\/\">voir cette page<\/a>)<\/p>\n<h4>Probl\u00e8me affichage du r\u00e9seau avec Android 8.1<\/h4>\n<p>C&rsquo;est un bug Google connu, il est n\u00e9cessaire d&rsquo;attendre la mise \u00e0 jour de la part de Google pour le t\u00e9l\u00e9phone.<\/p>\n<h4>Impossible de s\u00e9lectionner la source Bluetooth pour mon iPhone pour Deezer ou Spotify<\/h4>\n<p>C&rsquo;est un bug sous certaines versions du R-Link 2, si vous \u00eates \u00e0 jour sur le R-Link 2, il est possible de contourner le bug. Pour cela, copier l&rsquo;iPhone avec iTunes un fichier MP3, n&rsquo;importe lequel. Une fois fait, vous pourrez s\u00e9lectionner la source audio Bluetooth.<\/p>\n<p>Si vous n&rsquo;avez pas de MP3 sous la main en voici un gratuit contentant un chant d&rsquo;oiseau, un peu de po\u00e9sie dans ce monde de brutes ne fera pas de mal:<\/p>\n<p><a href=\"https:\/\/www.gps-carminat.com\/v3\/wp-content\/uploads\/2018\/07\/Bruant_des_roseaux.mp3\">Bruant_des_roseaux<\/a>\u00a0(clic droit, t\u00e9l\u00e9charger la cible, pour t\u00e9l\u00e9charger le fichier)<\/p>\n<h4>Afficher les radars dans R-Link 2.<\/h4>\n<p>Le R-Link 2 peut afficher des alertes \u00e0 l&rsquo;approche des radars. Vous pouvez consulter &#x27a1; <a href=\"https:\/\/www.gps-carminat.com\/v3\/r-link-2\/r-link-2-afficher-les-radars\/\">cette page<\/a> pour la marche \u00e0 suivre.<\/p>\n<!-- AddThis Advanced Settings generic via filter on the_content --><!-- AddThis Share Buttons generic via filter on the_content -->","protected":false},"excerpt":{"rendered":"<p>Comme il y a beaucoup de questions qui reviennent sur R-Link 2, je les centraliserai ici. Probl\u00e8mes Bluetooth Je n&rsquo;arrive pas \u00e0 connecter mon iPhone depuis mon passage sous iOS11 Il est n\u00e9cessaire de mettre \u00e0 jour le R-Link 2 &hellip; <a href=\"https:\/\/www.gps-carminat.com\/v3\/r-link-2\/questions-courantes\/\">Continuer la lecture <span class=\"meta-nav\">&rarr;<\/span><\/a><!-- AddThis Advanced Settings generic via filter on get_the_excerpt --><!-- AddThis Share Buttons generic via filter on get_the_excerpt --><\/p>\n","protected":false},"author":1,"featured_media":0,"parent":1940,"menu_order":0,"comment_status":"closed","ping_status":"closed","template":"","meta":{"advanced_seo_description":"","jetpack_seo_html_title":"","jetpack_seo_noindex":false,"footnotes":""},"class_list":["post-2871","page","type-page","status-publish","hentry"],"jetpack_sharing_enabled":true,"_links":{"self":[{"href":"https:\/\/www.gps-carminat.com\/v3\/wp-json\/wp\/v2\/pages\/2871","targetHints":{"allow":["GET"]}}],"collection":[{"href":"https:\/\/www.gps-carminat.com\/v3\/wp-json\/wp\/v2\/pages"}],"about":[{"href":"https:\/\/www.gps-carminat.com\/v3\/wp-json\/wp\/v2\/types\/page"}],"author":[{"embeddable":true,"href":"https:\/\/www.gps-carminat.com\/v3\/wp-json\/wp\/v2\/users\/1"}],"replies":[{"embeddable":true,"href":"https:\/\/www.gps-carminat.com\/v3\/wp-json\/wp\/v2\/comments?post=2871"}],"version-history":[{"count":0,"href":"https:\/\/www.gps-carminat.com\/v3\/wp-json\/wp\/v2\/pages\/2871\/revisions"}],"up":[{"embeddable":true,"href":"https:\/\/www.gps-carminat.com\/v3\/wp-json\/wp\/v2\/pages\/1940"}],"wp:attachment":[{"href":"https:\/\/www.gps-carminat.com\/v3\/wp-json\/wp\/v2\/media?parent=2871"}],"curies":[{"name":"wp","href":"https:\/\/api.w.org\/{rel}","templated":true}]}}