{"id":337,"date":"2012-09-05T16:27:34","date_gmt":"2012-09-05T15:27:34","guid":{"rendered":"https:\/\/www.gps-carminat.com\/v3\/?page_id=337"},"modified":"2018-07-02T21:02:11","modified_gmt":"2018-07-02T19:02:11","slug":"carminat-tomtom","status":"publish","type":"page","link":"https:\/\/www.gps-carminat.com\/v3\/carminat-tomtom\/","title":{"rendered":"Carminat TomTom"},"content":{"rendered":"<p>Le Carminat TomTom (surnomm\u00e9 tominat) est le premier Carminat \u00e0 \u00eatre d\u00e9velopp\u00e9 \u00e0 partir d&rsquo;une base connue de tous : les nomades de la marque TomTom. C\u2019est la premi\u00e8re fois que le lancement d\u2019un nouveau Carminat a \u00e9t\u00e9 aussi m\u00e9diatis\u00e9. Ainsi l\u2019info a \u00e9t\u00e9 relay\u00e9e par la tr\u00e8s grande majorit\u00e9 des m\u00e9dias internet mais aussi papier. La notori\u00e9t\u00e9 de TomTom n\u2019y est pas \u00e9trang\u00e8re.<\/p>\n<p>&nbsp;<\/p>\n<div class=\"pubmain\"><script type=\"text\/javascript\"><!-- google_ad_client = \"ca-pub-6295180017562087\"; \/* V3 *\/ google_ad_slot = \"8915205629\"; google_ad_width = 728; google_ad_height = 90; \/\/-->\n<\/script><br \/>\n<script type=\"text\/javascript\" src=\"http:\/\/pagead2.googlesyndication.com\/pagead\/show_ads.js\">\n<\/script><\/div>\n<p>&nbsp;<\/p>\n<p><img loading=\"lazy\" decoding=\"async\" class=\"dispositif\" style=\"margin: auto; width: 635px; display: block;\" src=\"\/v3\/images\/news\/1012.jpg\" alt=\"GPS renault tomtom carminat \" width=\"635\" height=\"426\" \/><\/p>\n<p>La force de ce syst\u00e8me est bien \u00e9videmment son prix : moins de 500\u20ac. Du jamais vu sur un syst\u00e8me de navigation fixe. Renault a \u00e9t\u00e9 novateur concernant la navigation, avec ce syst\u00e8me la marque va faire du bruit et des heureux. C&rsquo;est le retour d&rsquo;une navigation couleur sur la Clio (disparu depuis le CNI 1 sur Clio II) et qui plus est de s\u00e9rie sur les finitions hautes, bravo! Ce syst\u00e8me est de s\u00e9rie sur tous les Sc\u00e9nic III (pas sur les versions longues).<\/p>\n<p>Une fonction embl\u00e9matique apparait enfin : la signalisation des radars !! Renault n\u2019a pas communiqu\u00e9 sur cette fonction lors de la pr\u00e9sentation du syst\u00e8me au salon de Gen\u00e8ve pour une simple et bonne raison : les avertisseurs de radars sont interdits en Suisse. Cette fonction se d\u00e9sactivera automatiquement en Suisse (logique : le GPS sait o\u00f9 il se trouve\u2026).<\/p>\n<p>Une version TomTom Live est apparu en 2011, cette version apportait une carte SIM int\u00e9gr\u00e9 permettant de profiter de l&rsquo;excellent HD Trafic Live de TomTom. Malheureusement depuis 2017, si aucun abonnement n&rsquo;a \u00e9t\u00e9 pris les 3 derni\u00e8res ann\u00e9es, la carte SIM est d\u00e9finitivement d\u00e9sactiv\u00e9e. On ne b\u00e9n\u00e9ficie alors que de l&rsquo;info trafic TMC qui n&rsquo;est pas tr\u00e8s fiable.<\/p>\n<p><a href=\"https:\/\/www.gps-carminat.com\/v3\/carminat-tomtom\/mettre-a-jour-carminat-tomtom\/\"><strong>Mettre \u00e0 jour Carminat TomTom<\/strong><\/a><\/p>\n<p><strong>\n<table id=\"tablepress-11\" class=\"tablepress tablepress-id-11\">\n<thead>\n<tr class=\"row-1\">\n\t<td class=\"column-1\"><\/td><th class=\"column-2\">Mod\u00e8le<\/th><th class=\"column-3\">Nom de code<\/th><th class=\"column-4\">D\u00e9but<\/th><th class=\"column-5\">Fin<\/th>\n<\/tr>\n<\/thead>\n<tbody class=\"row-striping\">\n<tr class=\"row-2\">\n\t<td class=\"column-1\"><img decoding=\"async\" class=\"image_news\" src=\"\/v3\/images\/voiture\/clio3.2.jpg\" \/><\/td><td class=\"column-2\">Clio III.2<\/td><td class=\"column-3\">BDK 85<\/td><td class=\"column-4\">04\/2008<\/td><td class=\"column-5\">>><\/td>\n<\/tr>\n<tr class=\"row-3\">\n\t<td class=\"column-1\"><img decoding=\"async\" class=\"image_news\" src=\"\/v3\/images\/voiture\/fluence1.1.jpg\" \/><\/td><td class=\"column-2\">Fluence I.1<\/td><td class=\"column-3\">L38<\/td><td class=\"column-4\">09\/2009<\/td><td class=\"column-5\">>><\/td>\n<\/tr>\n<tr class=\"row-4\">\n\t<td class=\"column-1\"><img decoding=\"async\" class=\"image_news\" src=\"\/v3\/images\/voiture\/kangoo2.1.jpg\" \/><\/td><td class=\"column-2\">Kangoo II.1<\/td><td class=\"column-3\">K61<\/td><td class=\"column-4\">01\/2010<\/td><td class=\"column-5\">>><\/td>\n<\/tr>\n<tr class=\"row-5\">\n\t<td class=\"column-1\"><img decoding=\"async\" class=\"image_news\" src=\"\/v3\/images\/voiture\/laguna3.1.jpg\" \/><\/td><td class=\"column-2\">Laguna III.1<\/td><td class=\"column-3\">BK91<\/td><td class=\"column-4\">06\/2009<\/td><td class=\"column-5\">>><\/td>\n<\/tr>\n<tr class=\"row-6\">\n\t<td class=\"column-1\"><img decoding=\"async\" class=\"image_news\" src=\"\/v3\/images\/voiture\/megane3.1.jpg\" \/><\/td><td class=\"column-2\">M\u00e9gane III.1<\/td><td class=\"column-3\">BCKLE 95<\/td><td class=\"column-4\">04\/2008<\/td><td class=\"column-5\">>><\/td>\n<\/tr>\n<tr class=\"row-7\">\n\t<td class=\"column-1\"><img decoding=\"async\" class=\"image_news\" src=\"\/v3\/images\/voiture\/scenic3.1.jpg\" \/><\/td><td class=\"column-2\">Sc\u00e9nic III.1<\/td><td class=\"column-3\">JR 95<\/td><td class=\"column-4\">04\/2008<\/td><td class=\"column-5\">>><\/td>\n<\/tr>\n<\/tbody>\n<\/table>\n<!-- #tablepress-11 from cache --><\/strong><\/p>\n<!-- AddThis Advanced Settings generic via filter on the_content --><!-- AddThis Share Buttons generic via filter on the_content -->","protected":false},"excerpt":{"rendered":"<p>Le Carminat TomTom (surnomm\u00e9 tominat) est le premier Carminat \u00e0 \u00eatre d\u00e9velopp\u00e9 \u00e0 partir d&rsquo;une base connue de tous : les nomades de la marque TomTom. C\u2019est la premi\u00e8re fois que le lancement d\u2019un nouveau Carminat a \u00e9t\u00e9 aussi m\u00e9diatis\u00e9. &hellip; <a href=\"https:\/\/www.gps-carminat.com\/v3\/carminat-tomtom\/\">Continuer la lecture <span class=\"meta-nav\">&rarr;<\/span><\/a><!-- AddThis Advanced Settings generic via filter on get_the_excerpt --><!-- AddThis Share Buttons generic via filter on get_the_excerpt --><\/p>\n","protected":false},"author":1,"featured_media":0,"parent":0,"menu_order":0,"comment_status":"open","ping_status":"open","template":"","meta":{"advanced_seo_description":"","jetpack_seo_html_title":"","jetpack_seo_noindex":false,"footnotes":""},"class_list":["post-337","page","type-page","status-publish","hentry"],"jetpack_sharing_enabled":true,"_links":{"self":[{"href":"https:\/\/www.gps-carminat.com\/v3\/wp-json\/wp\/v2\/pages\/337","targetHints":{"allow":["GET"]}}],"collection":[{"href":"https:\/\/www.gps-carminat.com\/v3\/wp-json\/wp\/v2\/pages"}],"about":[{"href":"https:\/\/www.gps-carminat.com\/v3\/wp-json\/wp\/v2\/types\/page"}],"author":[{"embeddable":true,"href":"https:\/\/www.gps-carminat.com\/v3\/wp-json\/wp\/v2\/users\/1"}],"replies":[{"embeddable":true,"href":"https:\/\/www.gps-carminat.com\/v3\/wp-json\/wp\/v2\/comments?post=337"}],"version-history":[{"count":0,"href":"https:\/\/www.gps-carminat.com\/v3\/wp-json\/wp\/v2\/pages\/337\/revisions"}],"wp:attachment":[{"href":"https:\/\/www.gps-carminat.com\/v3\/wp-json\/wp\/v2\/media?parent=337"}],"curies":[{"name":"wp","href":"https:\/\/api.w.org\/{rel}","templated":true}]}}