{"id":3592,"date":"2019-07-16T09:18:04","date_gmt":"2019-07-16T07:18:04","guid":{"rendered":"https:\/\/www.gps-carminat.com\/v3\/?page_id=3592"},"modified":"2019-07-16T17:30:15","modified_gmt":"2019-07-16T15:30:15","slug":"audio","status":"publish","type":"page","link":"https:\/\/www.gps-carminat.com\/v3\/audio\/","title":{"rendered":"Audio"},"content":{"rendered":"<p>La gamme Renault a commenc\u00e9 \u00e0 recevoir des prises USB qu&rsquo;avec l&rsquo;arriv\u00e9e de la M\u00e9gane 3. Celle-ci a permis l&rsquo;arriv\u00e9e de l&rsquo;option Plug&amp;Music un boitier comportant une prise USB et une entr\u00e9e de ligne.<\/p>\n<p>Lorsque l&rsquo;on ach\u00e8te un v\u00e9hicule d&rsquo;occasion il est malheureusement courant de tomber sur des v\u00e9hicule sans prise USB ou Jack permettant d&rsquo;\u00e9couter la musique issue d&rsquo;un lecteur MP3 ou d&rsquo;un smartphone.<\/p>\n<p>Il est certe possible de changer d&rsquo;autoradio mais il cela entra\u00eene g\u00e9n\u00e9ralement la perte des commandes au volant, de l&rsquo;afficheur d\u00e9port\u00e9 sans compter le c\u00f4t\u00e9 moins int\u00e9gr\u00e9 visuellement.<\/p>\n<p>Je vous propose de d\u00e9couvrir les diff\u00e9rentes solutions qui s&rsquo;offre \u00e0 vous.<\/p>\n<p>Ici des tutoriaux pour les anciens autoradios de la gamme Renault avant la g\u00e9n\u00e9ralisation des prises AUX et USB.<\/p>\n<p>Premier tutorial: <a href=\"https:\/\/www.gps-carminat.com\/v3\/audio\/ajouter-une-entree-de-ligne-aux-prise-jack\/\"><strong>comment installer une prise jack \/ AUX sur les autoradios Renault Update List.<\/strong><\/a><\/p>\n<p>&nbsp;<\/p>\n<p><a href=\"https:\/\/www.gps-carminat.com\/v3\/wp-content\/uploads\/2019\/07\/adaptateur-mp3-renault.jpg\"><img loading=\"lazy\" decoding=\"async\" data-attachment-id=\"3588\" data-permalink=\"https:\/\/www.gps-carminat.com\/v3\/audio\/ajouter-une-entree-de-ligne-aux-prise-jack\/adaptateur-mp3-renault\/\" data-orig-file=\"https:\/\/www.gps-carminat.com\/v3\/wp-content\/uploads\/2019\/07\/adaptateur-mp3-renault.jpg\" data-orig-size=\"300,250\" data-comments-opened=\"1\" data-image-meta=\"{&quot;aperture&quot;:&quot;0&quot;,&quot;credit&quot;:&quot;&quot;,&quot;camera&quot;:&quot;&quot;,&quot;caption&quot;:&quot;&quot;,&quot;created_timestamp&quot;:&quot;0&quot;,&quot;copyright&quot;:&quot;&quot;,&quot;focal_length&quot;:&quot;0&quot;,&quot;iso&quot;:&quot;0&quot;,&quot;shutter_speed&quot;:&quot;0&quot;,&quot;title&quot;:&quot;&quot;,&quot;orientation&quot;:&quot;0&quot;}\" data-image-title=\"adaptateur MP3 Renault\" data-image-description=\"\" data-image-caption=\"\" data-large-file=\"https:\/\/www.gps-carminat.com\/v3\/wp-content\/uploads\/2019\/07\/adaptateur-mp3-renault.jpg\" class=\"aligncenter size-full wp-image-3588\" src=\"https:\/\/www.gps-carminat.com\/v3\/wp-content\/uploads\/2019\/07\/adaptateur-mp3-renault.jpg\" alt=\"\" width=\"300\" height=\"250\" \/><\/a><\/p>\n<!-- AddThis Advanced Settings generic via filter on the_content --><!-- AddThis Share Buttons generic via filter on the_content -->","protected":false},"excerpt":{"rendered":"<p>La gamme Renault a commenc\u00e9 \u00e0 recevoir des prises USB qu&rsquo;avec l&rsquo;arriv\u00e9e de la M\u00e9gane 3. Celle-ci a permis l&rsquo;arriv\u00e9e de l&rsquo;option Plug&amp;Music un boitier comportant une prise USB et une entr\u00e9e de ligne. Lorsque l&rsquo;on ach\u00e8te un v\u00e9hicule d&rsquo;occasion &hellip; <a href=\"https:\/\/www.gps-carminat.com\/v3\/audio\/\">Continuer la lecture <span class=\"meta-nav\">&rarr;<\/span><\/a><!-- AddThis Advanced Settings generic via filter on get_the_excerpt --><!-- AddThis Share Buttons generic via filter on get_the_excerpt --><\/p>\n","protected":false},"author":1,"featured_media":0,"parent":0,"menu_order":0,"comment_status":"closed","ping_status":"closed","template":"","meta":{"advanced_seo_description":"","jetpack_seo_html_title":"","jetpack_seo_noindex":false,"footnotes":""},"class_list":["post-3592","page","type-page","status-publish","hentry"],"jetpack_sharing_enabled":true,"_links":{"self":[{"href":"https:\/\/www.gps-carminat.com\/v3\/wp-json\/wp\/v2\/pages\/3592","targetHints":{"allow":["GET"]}}],"collection":[{"href":"https:\/\/www.gps-carminat.com\/v3\/wp-json\/wp\/v2\/pages"}],"about":[{"href":"https:\/\/www.gps-carminat.com\/v3\/wp-json\/wp\/v2\/types\/page"}],"author":[{"embeddable":true,"href":"https:\/\/www.gps-carminat.com\/v3\/wp-json\/wp\/v2\/users\/1"}],"replies":[{"embeddable":true,"href":"https:\/\/www.gps-carminat.com\/v3\/wp-json\/wp\/v2\/comments?post=3592"}],"version-history":[{"count":0,"href":"https:\/\/www.gps-carminat.com\/v3\/wp-json\/wp\/v2\/pages\/3592\/revisions"}],"wp:attachment":[{"href":"https:\/\/www.gps-carminat.com\/v3\/wp-json\/wp\/v2\/media?parent=3592"}],"curies":[{"name":"wp","href":"https:\/\/api.w.org\/{rel}","templated":true}]}}