{"id":371,"date":"2012-09-05T21:52:05","date_gmt":"2012-09-05T20:52:05","guid":{"rendered":"https:\/\/www.gps-carminat.com\/v3\/?page_id=371"},"modified":"2012-10-17T11:48:54","modified_gmt":"2012-10-17T09:48:54","slug":"multimedias","status":"publish","type":"page","link":"https:\/\/www.gps-carminat.com\/v3\/carminat-tomtom\/multimedias\/","title":{"rendered":"Multim\u00e9dias"},"content":{"rendered":"<p>Je regroupe ici divers vid\u00e9os, interviews concernant le Carminat TomTom<\/p>\n<p>&nbsp;<\/p>\n<div class=\"pubmain\">\n<script type=\"text\/javascript\"><!--\ngoogle_ad_client = \"ca-pub-6295180017562087\";\n\/* V3 *\/\ngoogle_ad_slot = \"8915205629\";\ngoogle_ad_width = 728;\ngoogle_ad_height = 90;\n\/\/-->\n<\/script><br \/>\n<script type=\"text\/javascript\"\nsrc=\"http:\/\/pagead2.googlesyndication.com\/pagead\/show_ads.js\">\n<\/script><\/div>\n<p>&nbsp;<\/p>\n<h3>Interviews<\/h3>\n<p><strong>Le site gps-carminat a interview\u00e9 Patrick Vergelas le responsable du Carminat TomTom (NFA).<\/strong><\/p>\n<p><a title=\"Interview de Patrick Vergelas, responsable projet NFA (Carminat Tomtom)\" href=\"https:\/\/www.gps-carminat.com\/v3\/2009\/02\/22\/interview-de-patrick-vergelas-responsable-projet-nfa-carminat-tomtom\/\">Pour acc\u00e9der \u00e0 l&rsquo;interview cliquez ici<\/a><\/p>\n<p><strong>Interview par RMC du responsable du programme NFA qui a abouti au Carminat Tomtom.<\/strong><\/p>\n<p><a href=\"http:\/v3\/data\/interview_patrick_vergelas_carminat.mp3\">Ecouter l&rsquo;interview<\/a><\/p>\n<p><strong>Pr\u00e9sentation du Carminat Tomtom par le site mobinaute.<\/strong><\/p>\n<p><iframe loading=\"lazy\" frameborder=\"0\" width=\"560\" height=\"420\" src=\"http:\/\/www.dailymotion.com\/embed\/video\/xtc7tj\"><\/iframe><br \/><a href=\"http:\/\/www.dailymotion.com\/video\/xtc7tj_presentation-du-carminat-tomtom-par-le-site-mobinaute_auto\" target=\"_blank\">Pr&eacute;sentation du Carminat TomTom par le site&#8230;<\/a> <i>par <a href=\"http:\/\/www.dailymotion.com\/GPS-Carminat\" target=\"_blank\">GPS-Carminat<\/a><\/i><\/p>\n<p><a href=\"http:\/\/www.mobinaute.com\/259760-video-renault-carminat-tomtom-presentation.html\">Origine de la vid\u00e9o: site mobinaute<\/a><\/p>\n<p>Une petite le\u00e7on d&rsquo;ergonomie pour le journaliste de mobinaute&#8230; Je pense que \u00e7a serait une bonne chose que les journalistes se renseignent un minimum sur la gamme Renault avant de venir faire un essai pour qu&rsquo;ils aient l&rsquo;air un minimum au courant.<\/p>\n<p>&nbsp;<\/p>\n<div class=\"pubmain\">\n<script type=\"text\/javascript\"><!--\ngoogle_ad_client = \"ca-pub-6295180017562087\";\n\/* V3 *\/\ngoogle_ad_slot = \"8915205629\";\ngoogle_ad_width = 728;\ngoogle_ad_height = 90;\n\/\/-->\n<\/script><br \/>\n<script type=\"text\/javascript\"\nsrc=\"http:\/\/pagead2.googlesyndication.com\/pagead\/show_ads.js\">\n<\/script><\/div>\n<p>&nbsp;<\/p>\n<h3>Vid\u00e9os<\/h3>\n<p>Renault se met \u00e0 communiquer sur ces syst\u00e8mes multim\u00e9dias, c&rsquo;est suffisamment rare pour \u00eatre signal\u00e9. Ainsi pour la premi\u00e8re fois, Renault met en avant le Carminat Tomtom dans ses pubs, on ainsi vu fleurir sur le web des vid\u00e9os: en voici 3.<\/p>\n<p>La premi\u00e8re est un teaser annon\u00e7ant le Carminat Tomtom dans la clio. On notera la disposition du moteur qui fait assez BMW, enfin je dis \u00e7a, je ne dis rien\u2026<\/p>\n<p><iframe loading=\"lazy\" frameborder=\"0\" width=\"560\" height=\"315\" src=\"http:\/\/www.dailymotion.com\/embed\/video\/xtc7ua\"><\/iframe><br \/><a href=\"http:\/\/www.dailymotion.com\/video\/xtc7ua_teaser-annoncant-le-carminat-tomtom_auto\" target=\"_blank\">Teaser annon&ccedil;ant le Carminat TomTom<\/a> <i>par <a href=\"http:\/\/www.dailymotion.com\/GPS-Carminat\" target=\"_blank\">GPS-Carminat<\/a><\/i><\/p>\n<p>La seconde est, je pense, une publicit\u00e9 mais j\u2019ignore si elle passe ou non actuellement \u00e0 la t\u00e9l\u00e9vision.<\/p>\n<p><iframe loading=\"lazy\" frameborder=\"0\" width=\"560\" height=\"315\" src=\"http:\/\/www.dailymotion.com\/embed\/video\/xtc7um\"><\/iframe><br \/><a href=\"http:\/\/www.dailymotion.com\/video\/xtc7um_publicite-pour-le-carminat-tomtom_auto\" target=\"_blank\">Publicit&eacute; pour le Carminat TomTom<\/a> <i>par <a href=\"http:\/\/www.dailymotion.com\/GPS-Carminat\" target=\"_blank\">GPS-Carminat<\/a><\/i><\/p>\n<p>La troisi\u00e8me est une vid\u00e9o officielle de pr\u00e9sentation. Sur internet seul des exemplaire muets de cette vid\u00e9o sont pr\u00e9sents, j\u2019ai donc rajout\u00e9 une musique de fond pour meubler.<\/p>\n<p><iframe loading=\"lazy\" frameborder=\"0\" width=\"560\" height=\"420\" src=\"http:\/\/www.dailymotion.com\/embed\/video\/xtc7v1\"><\/iframe><br \/><a href=\"http:\/\/www.dailymotion.com\/video\/xtc7v1_video-de-presentation-du-carminat-tomtom_auto\" target=\"_blank\">Vid&eacute;o de Pr&eacute;sentation du Carminat TomTom<\/a> <i>par <a href=\"http:\/\/www.dailymotion.com\/GPS-Carminat\" target=\"_blank\">GPS-Carminat<\/a><\/i><\/p>\n<!-- AddThis Advanced Settings generic via filter on the_content --><!-- AddThis Share Buttons generic via filter on the_content -->","protected":false},"excerpt":{"rendered":"<p>Je regroupe ici divers vid\u00e9os, interviews concernant le Carminat TomTom &nbsp; &nbsp; Interviews Le site gps-carminat a interview\u00e9 Patrick Vergelas le responsable du Carminat TomTom (NFA). Pour acc\u00e9der \u00e0 l&rsquo;interview cliquez ici Interview par RMC du responsable du programme NFA &hellip; <a href=\"https:\/\/www.gps-carminat.com\/v3\/carminat-tomtom\/multimedias\/\">Continuer la lecture <span class=\"meta-nav\">&rarr;<\/span><\/a><!-- AddThis Advanced Settings generic via filter on get_the_excerpt --><!-- AddThis Share Buttons generic via filter on get_the_excerpt --><\/p>\n","protected":false},"author":1,"featured_media":0,"parent":337,"menu_order":3,"comment_status":"open","ping_status":"open","template":"","meta":{"advanced_seo_description":"","jetpack_seo_html_title":"","jetpack_seo_noindex":false,"footnotes":""},"class_list":["post-371","page","type-page","status-publish","hentry"],"jetpack_sharing_enabled":true,"_links":{"self":[{"href":"https:\/\/www.gps-carminat.com\/v3\/wp-json\/wp\/v2\/pages\/371","targetHints":{"allow":["GET"]}}],"collection":[{"href":"https:\/\/www.gps-carminat.com\/v3\/wp-json\/wp\/v2\/pages"}],"about":[{"href":"https:\/\/www.gps-carminat.com\/v3\/wp-json\/wp\/v2\/types\/page"}],"author":[{"embeddable":true,"href":"https:\/\/www.gps-carminat.com\/v3\/wp-json\/wp\/v2\/users\/1"}],"replies":[{"embeddable":true,"href":"https:\/\/www.gps-carminat.com\/v3\/wp-json\/wp\/v2\/comments?post=371"}],"version-history":[{"count":0,"href":"https:\/\/www.gps-carminat.com\/v3\/wp-json\/wp\/v2\/pages\/371\/revisions"}],"up":[{"embeddable":true,"href":"https:\/\/www.gps-carminat.com\/v3\/wp-json\/wp\/v2\/pages\/337"}],"wp:attachment":[{"href":"https:\/\/www.gps-carminat.com\/v3\/wp-json\/wp\/v2\/media?parent=371"}],"curies":[{"name":"wp","href":"https:\/\/api.w.org\/{rel}","templated":true}]}}