{"id":376,"date":"2012-09-05T22:46:03","date_gmt":"2012-09-05T21:46:03","guid":{"rendered":"https:\/\/www.gps-carminat.com\/v3\/?page_id=376"},"modified":"2017-06-27T08:46:40","modified_gmt":"2017-06-27T06:46:40","slug":"carminat-bluetooth-cd","status":"publish","type":"page","link":"https:\/\/www.gps-carminat.com\/v3\/carminat-bluetooth-cd\/","title":{"rendered":"Carminat Bluetooth CD"},"content":{"rendered":"<p>Le CB CD est le premier GPS pour lequel Renault a particip\u00e9 d\u00e8s le d\u00e9but au d\u00e9veloppement et \u00e0 l&rsquo;\u00e9laboration du cahier des charges.<\/p>\n<p>R\u00e9sultat des courses: on a un syst\u00e8me abordable (d&rsquo;ailleurs son nom de code interne c&rsquo;est LPN = Low Price Navigation) tr\u00e8s intuitif et performant. Je consid\u00e8re que c&rsquo;est ce qu&rsquo;aurait du \u00eatre le CNI 2. On continue sur le type d&rsquo;architecture inaugur\u00e9 avec ce dernier: tous les \u00e9l\u00e9ments du syst\u00e8me sont regroup\u00e9s dans la console \u00e0 l&#8217;emplacement autoradio donc au format DIN 1.<\/p>\n<p>&nbsp;<\/p>\n<div class=\"pubmain\"><script type=\"text\/javascript\"><!-- google_ad_client = \"ca-pub-6295180017562087\"; \/* V3 *\/ google_ad_slot = \"8915205629\"; google_ad_width = 728; google_ad_height = 90; \/\/-->\n<\/script><br \/>\n<script type=\"text\/javascript\" src=\"http:\/\/pagead2.googlesyndication.com\/pagead\/show_ads.js\">\n<\/script><\/div>\n<p>&nbsp;<\/p>\n<p>Par rapport au CNI 2 c&rsquo;est un v\u00e9ritable bond en avant: une ergonomie tr\u00e8s satisfaisante, un \u00e9cran tr\u00e8s clair et \u00e9pur\u00e9 qui abandonne le style windows 95 des CNI 1 et CNI 2. Pour le support de la cartographie, l\u00e0 encore on a une \u00e9volution: il suffit de charger le CD cartographique une seule fois dans la m\u00e9moire interne du syst\u00e8me (512 Mo) et apr\u00e8s on peut utiliser librement le lecteur CD compatible MP3 (et non WMA) pour \u00e9couter de la musique. Ainsi on b\u00e9n\u00e9ficie de la vitesse d&rsquo;acc\u00e8s de la m\u00e9moire flash pour les donn\u00e9es cartographiques.<\/p>\n<p>Veuillez notez que certains v\u00e9hicules ne sont pas \u00e9quip\u00e9s de la commande vocale: l&rsquo;Espace IV. (c&rsquo;est le seul dont je suis certain, peut \u00eatre le Sc\u00e9nic, \u00e0 confirmer, si vous avez la r\u00e9ponse envoyez moi un mail, Contact en bas de la page).<\/p>\n<p>&nbsp;<\/p>\n<div class=\"pubmain\"><script type=\"text\/javascript\"><!-- google_ad_client = \"ca-pub-6295180017562087\"; \/* V3 *\/ google_ad_slot = \"8915205629\"; google_ad_width = 728; google_ad_height = 90; \/\/-->\n<\/script><br \/>\n<script type=\"text\/javascript\" src=\"http:\/\/pagead2.googlesyndication.com\/pagead\/show_ads.js\">\n<\/script><\/div>\n<p>&nbsp;<\/p>\n\n<table id=\"tablepress-13\" class=\"tablepress tablepress-id-13\">\n<thead>\n<tr class=\"row-1\">\n\t<td class=\"column-1\"><\/td><th class=\"column-2\">Mod\u00e8le<\/th><th class=\"column-3\">Nom de code<\/th><th class=\"column-4\">D\u00e9but<\/th><th class=\"column-5\">Fin<\/th>\n<\/tr>\n<\/thead>\n<tbody class=\"row-striping\">\n<tr class=\"row-2\">\n\t<td class=\"column-1\"><img decoding=\"async\" class=\"image_news\" src=\"\/v3\/images\/voiture\/espace4.2.jpg\" \/><\/td><td class=\"column-2\">Espace IV.2<\/td><td class=\"column-3\">X81<\/td><td class=\"column-4\">11\/2007<\/td><td class=\"column-5\">>><\/td>\n<\/tr>\n<tr class=\"row-3\">\n\t<td class=\"column-1\"><img decoding=\"async\" class=\"image_news\" src=\"\/v3\/images\/voiture\/kangoo2.1.jpg\" \/><\/td><td class=\"column-2\">Kangoo II.1<\/td><td class=\"column-3\"><\/td><td class=\"column-4\">04\/2008<\/td><td class=\"column-5\">12\/2009<\/td>\n<\/tr>\n<tr class=\"row-4\">\n\t<td class=\"column-1\"><img decoding=\"async\" class=\"image_news\" src=\"\/v3\/images\/voiture\/koleos1.1.jpg\" \/><\/td><td class=\"column-2\">Kol\u00e9os<\/td><td class=\"column-3\">H45<\/td><td class=\"column-4\">01\/2008<\/td><td class=\"column-5\">01\/2010<\/td>\n<\/tr>\n<tr class=\"row-5\">\n\t<td class=\"column-1\"><img decoding=\"async\" class=\"image_news\" src=\"\/v3\/images\/voiture\/laguna3.1.jpg\" \/><\/td><td class=\"column-2\">Laguna III.1<\/td><td class=\"column-3\">X91<\/td><td class=\"column-4\">10\/2007<\/td><td class=\"column-5\">06\/2009<\/td>\n<\/tr>\n<tr class=\"row-6\">\n\t<td class=\"column-1\"><img decoding=\"async\" class=\"image_news\" src=\"\/v3\/images\/voiture\/megane3.1.jpg\" \/><\/td><td class=\"column-2\">M\u00e9gane III.1<\/td><td class=\"column-3\">X95<\/td><td class=\"column-4\">10\/2008<\/td><td class=\"column-5\">06\/2009<\/td>\n<\/tr>\n<tr class=\"row-7\">\n\t<td class=\"column-1\"><img decoding=\"async\" class=\"image_news\" src=\"\/v3\/images\/voiture\/scenic2.2.png\" \/><\/td><td class=\"column-2\">Sc\u00e9nic II.2<\/td><td class=\"column-3\">JR84<\/td><td class=\"column-4\">10\/2007<\/td><td class=\"column-5\">062007<\/td>\n<\/tr>\n<\/tbody>\n<\/table>\n<!-- #tablepress-13 from cache -->\n<p>On tient \u00e0 remercier particuli\u00e8rement la concession\u00a0Renault Retail Group Rennes\u00a0(<a href=\"http:\/\/www.renault.fr\/concession\/rennes\">site web<\/a>) d&rsquo;avoir accueilli Just1, de lui avoir ouvert le v\u00e9hicule et de lui avoir fournit tous les \u00e9l\u00e9ments lui permettant de faire les photos dans le v\u00e9hicule (carte du v\u00e9hicule, CD cartographique)<\/p>\n<!-- AddThis Advanced Settings generic via filter on the_content --><!-- AddThis Share Buttons generic via filter on the_content -->","protected":false},"excerpt":{"rendered":"<p>Le CB CD est le premier GPS pour lequel Renault a particip\u00e9 d\u00e8s le d\u00e9but au d\u00e9veloppement et \u00e0 l&rsquo;\u00e9laboration du cahier des charges. R\u00e9sultat des courses: on a un syst\u00e8me abordable (d&rsquo;ailleurs son nom de code interne c&rsquo;est LPN &hellip; <a href=\"https:\/\/www.gps-carminat.com\/v3\/carminat-bluetooth-cd\/\">Continuer la lecture <span class=\"meta-nav\">&rarr;<\/span><\/a><!-- AddThis Advanced Settings generic via filter on get_the_excerpt --><!-- AddThis Share Buttons generic via filter on get_the_excerpt --><\/p>\n","protected":false},"author":1,"featured_media":0,"parent":0,"menu_order":0,"comment_status":"open","ping_status":"open","template":"","meta":{"advanced_seo_description":"","jetpack_seo_html_title":"","jetpack_seo_noindex":false,"footnotes":""},"class_list":["post-376","page","type-page","status-publish","hentry"],"jetpack_sharing_enabled":true,"_links":{"self":[{"href":"https:\/\/www.gps-carminat.com\/v3\/wp-json\/wp\/v2\/pages\/376","targetHints":{"allow":["GET"]}}],"collection":[{"href":"https:\/\/www.gps-carminat.com\/v3\/wp-json\/wp\/v2\/pages"}],"about":[{"href":"https:\/\/www.gps-carminat.com\/v3\/wp-json\/wp\/v2\/types\/page"}],"author":[{"embeddable":true,"href":"https:\/\/www.gps-carminat.com\/v3\/wp-json\/wp\/v2\/users\/1"}],"replies":[{"embeddable":true,"href":"https:\/\/www.gps-carminat.com\/v3\/wp-json\/wp\/v2\/comments?post=376"}],"version-history":[{"count":0,"href":"https:\/\/www.gps-carminat.com\/v3\/wp-json\/wp\/v2\/pages\/376\/revisions"}],"wp:attachment":[{"href":"https:\/\/www.gps-carminat.com\/v3\/wp-json\/wp\/v2\/media?parent=376"}],"curies":[{"name":"wp","href":"https:\/\/api.w.org\/{rel}","templated":true}]}}