{"id":387,"date":"2012-09-05T22:57:40","date_gmt":"2012-09-05T21:57:40","guid":{"rendered":"https:\/\/www.gps-carminat.com\/v3\/?page_id=387"},"modified":"2012-10-17T11:39:26","modified_gmt":"2012-10-17T09:39:26","slug":"affichages","status":"publish","type":"page","link":"https:\/\/www.gps-carminat.com\/v3\/carminat-bluetooth-cd\/affichages\/","title":{"rendered":"Affichages"},"content":{"rendered":"<p>Voici un r\u00e9capitulatif des diff\u00e9rents \u00e9crans que vous pourriez rencontrer lors d&rsquo;un guidage simple.<br \/>\n&nbsp;<\/p>\n<div class=\"pubmain\">\n<script type=\"text\/javascript\"><!--\ngoogle_ad_client = \"ca-pub-6295180017562087\";\n\/* V3 *\/\ngoogle_ad_slot = \"8915205629\";\ngoogle_ad_width = 728;\ngoogle_ad_height = 90;\n\/\/-->\n<\/script><br \/>\n<script type=\"text\/javascript\"\nsrc=\"http:\/\/pagead2.googlesyndication.com\/pagead\/show_ads.js\">\n<\/script><\/div>\n<p>&nbsp;<br \/>\n<img loading=\"lazy\" decoding=\"async\" src=\"\/v3\/images\/cbcd\/affichage\/ecran.png\" alt=\"\" width=\"700\" height=\"400\" \/><\/p>\n<p>Lors de l&rsquo;appui sur le bouton rotatif lorsque la carte est affich\u00e9e, s&rsquo;affiche alors sur la droite un menu sous forme d&rsquo;ic\u00f4ne.<\/p>\n<p>Comme pour le CNI 1 et CNI 2 il est possible d&rsquo;avoir 3 modes de carte. Pour passer de l&rsquo;un \u00e0 l&rsquo;autre il suffit d&rsquo;appuyer sur la touche\u00a0<strong>MAP<\/strong>.<\/p>\n<p>Mode Pleine carte<\/p>\n<p><img loading=\"lazy\" decoding=\"async\" src=\"\/v3\/images\/cbcd\/affichage\/24072008048.jpg\" alt=\"\" width=\"350\" height=\"210\" \/><\/p>\n<p>Carte \/ symbole<\/p>\n<p><img loading=\"lazy\" decoding=\"async\" src=\"\/v3\/images\/cbcd\/affichage\/24072008049.jpg\" alt=\"\" width=\"350\" height=\"221\" \/><\/p>\n<p>Symbole<\/p>\n<p><img loading=\"lazy\" decoding=\"async\" src=\"\/v3\/images\/cbcd\/affichage\/24072008050.jpg\" alt=\"\" width=\"350\" height=\"215\" \/><\/p>\n<p>Pour moi le mode Carte\/Symbole est devenu totalament inutil car il est possible de configurer que le syst\u00e8me passe dans ce mode (si on \u00e9tait en mode carte) \u00e0 l&rsquo;approche d&rsquo;une intersection<\/p>\n<!-- AddThis Advanced Settings generic via filter on the_content --><!-- AddThis Share Buttons generic via filter on the_content -->","protected":false},"excerpt":{"rendered":"<p>Voici un r\u00e9capitulatif des diff\u00e9rents \u00e9crans que vous pourriez rencontrer lors d&rsquo;un guidage simple. &nbsp; &nbsp; Lors de l&rsquo;appui sur le bouton rotatif lorsque la carte est affich\u00e9e, s&rsquo;affiche alors sur la droite un menu sous forme d&rsquo;ic\u00f4ne. Comme pour &hellip; <a href=\"https:\/\/www.gps-carminat.com\/v3\/carminat-bluetooth-cd\/affichages\/\">Continuer la lecture <span class=\"meta-nav\">&rarr;<\/span><\/a><!-- AddThis Advanced Settings generic via filter on get_the_excerpt --><!-- AddThis Share Buttons generic via filter on get_the_excerpt --><\/p>\n","protected":false},"author":1,"featured_media":0,"parent":376,"menu_order":2,"comment_status":"open","ping_status":"open","template":"","meta":{"advanced_seo_description":"","jetpack_seo_html_title":"","jetpack_seo_noindex":false,"footnotes":""},"class_list":["post-387","page","type-page","status-publish","hentry"],"jetpack_sharing_enabled":true,"_links":{"self":[{"href":"https:\/\/www.gps-carminat.com\/v3\/wp-json\/wp\/v2\/pages\/387","targetHints":{"allow":["GET"]}}],"collection":[{"href":"https:\/\/www.gps-carminat.com\/v3\/wp-json\/wp\/v2\/pages"}],"about":[{"href":"https:\/\/www.gps-carminat.com\/v3\/wp-json\/wp\/v2\/types\/page"}],"author":[{"embeddable":true,"href":"https:\/\/www.gps-carminat.com\/v3\/wp-json\/wp\/v2\/users\/1"}],"replies":[{"embeddable":true,"href":"https:\/\/www.gps-carminat.com\/v3\/wp-json\/wp\/v2\/comments?post=387"}],"version-history":[{"count":0,"href":"https:\/\/www.gps-carminat.com\/v3\/wp-json\/wp\/v2\/pages\/387\/revisions"}],"up":[{"embeddable":true,"href":"https:\/\/www.gps-carminat.com\/v3\/wp-json\/wp\/v2\/pages\/376"}],"wp:attachment":[{"href":"https:\/\/www.gps-carminat.com\/v3\/wp-json\/wp\/v2\/media?parent=387"}],"curies":[{"name":"wp","href":"https:\/\/api.w.org\/{rel}","templated":true}]}}