{"id":3926,"date":"2020-11-15T00:48:38","date_gmt":"2020-11-14T23:48:38","guid":{"rendered":"https:\/\/www.gps-carminat.com\/v3\/?page_id=3926"},"modified":"2020-11-15T00:52:14","modified_gmt":"2020-11-14T23:52:14","slug":"easy-link-les-compteurs-numeriques","status":"publish","type":"page","link":"https:\/\/www.gps-carminat.com\/v3\/easy-link\/easy-link-les-compteurs-numeriques\/","title":{"rendered":"Easy link : les compteurs num\u00e9riques"},"content":{"rendered":"<p>Vous trouverez ci-dessous deux tests vid\u00e9os concernant les compteurs 7 et 10 pouces disponibles avec Easy Link. Il existe aussi des compteurs \u00e0 aiguille \u00ab\u00a0classique\u00a0\u00bb.<\/p>\n<p>La version 10 pouces outre sa plus grande taille peut disposer de la r\u00e9plication de la cartographie directement dans les compteurs.<\/p>\n<p>N&rsquo;h\u00e9sitez pas \u00e0 vous abonner \u00e0 la cha\u00eene Youtube! &#x1f609;<\/p>\n<div class=\"pubmain\"><script type=\"text\/javascript\"><!-- google_ad_client = \"ca-pub-6295180017562087\"; \/* V3 *\/ google_ad_slot = \"8915205629\"; google_ad_width = 728; google_ad_height = 90; \/\/-->\n<\/script><br \/>\n<script type=\"text\/javascript\" src=\"http:\/\/pagead2.googlesyndication.com\/pagead\/show_ads.js\">\n<\/script><\/div>\n<p>&nbsp;<\/p>\n<h2>Test version 7 pouces compteur Renault:<\/h2>\n<p><iframe loading=\"lazy\" src=\"https:\/\/www.youtube.com\/embed\/4NrLK_lXIuc\" width=\"900\" height=\"506\" frameborder=\"0\" allowfullscreen=\"allowfullscreen\"><\/iframe><\/p>\n<div class=\"pubmain\"><script type=\"text\/javascript\"><!-- google_ad_client = \"ca-pub-6295180017562087\"; \/* V3 *\/ google_ad_slot = \"8915205629\"; google_ad_width = 728; google_ad_height = 90; \/\/-->\n<\/script><br \/>\n<script type=\"text\/javascript\" src=\"http:\/\/pagead2.googlesyndication.com\/pagead\/show_ads.js\">\n<\/script><\/div>\n<p>&nbsp;<\/p>\n<h2>Test version 10 pouces compteur Renault<\/h2>\n<p><iframe loading=\"lazy\" src=\"https:\/\/www.youtube.com\/embed\/CA6zRrXBx5E\" width=\"900\" height=\"506\" frameborder=\"0\" allowfullscreen=\"allowfullscreen\"><span data-mce-type=\"bookmark\" style=\"display: inline-block; width: 0px; overflow: hidden; line-height: 0;\" class=\"mce_SELRES_start\">\ufeff<\/span><\/iframe><\/p>\n<!-- AddThis Advanced Settings generic via filter on the_content --><!-- AddThis Share Buttons generic via filter on the_content -->","protected":false},"excerpt":{"rendered":"<p>Vous trouverez ci-dessous deux tests vid\u00e9os concernant les compteurs 7 et 10 pouces disponibles avec Easy Link. Il existe aussi des compteurs \u00e0 aiguille \u00ab\u00a0classique\u00a0\u00bb. La version 10 pouces outre sa plus grande taille peut disposer de la r\u00e9plication de &hellip; <a href=\"https:\/\/www.gps-carminat.com\/v3\/easy-link\/easy-link-les-compteurs-numeriques\/\">Continuer la lecture <span class=\"meta-nav\">&rarr;<\/span><\/a><!-- AddThis Advanced Settings generic via filter on get_the_excerpt --><!-- AddThis Share Buttons generic via filter on get_the_excerpt --><\/p>\n","protected":false},"author":1,"featured_media":0,"parent":3644,"menu_order":0,"comment_status":"closed","ping_status":"closed","template":"","meta":{"advanced_seo_description":"","jetpack_seo_html_title":"","jetpack_seo_noindex":false,"footnotes":""},"class_list":["post-3926","page","type-page","status-publish","hentry"],"jetpack_sharing_enabled":true,"_links":{"self":[{"href":"https:\/\/www.gps-carminat.com\/v3\/wp-json\/wp\/v2\/pages\/3926","targetHints":{"allow":["GET"]}}],"collection":[{"href":"https:\/\/www.gps-carminat.com\/v3\/wp-json\/wp\/v2\/pages"}],"about":[{"href":"https:\/\/www.gps-carminat.com\/v3\/wp-json\/wp\/v2\/types\/page"}],"author":[{"embeddable":true,"href":"https:\/\/www.gps-carminat.com\/v3\/wp-json\/wp\/v2\/users\/1"}],"replies":[{"embeddable":true,"href":"https:\/\/www.gps-carminat.com\/v3\/wp-json\/wp\/v2\/comments?post=3926"}],"version-history":[{"count":0,"href":"https:\/\/www.gps-carminat.com\/v3\/wp-json\/wp\/v2\/pages\/3926\/revisions"}],"up":[{"embeddable":true,"href":"https:\/\/www.gps-carminat.com\/v3\/wp-json\/wp\/v2\/pages\/3644"}],"wp:attachment":[{"href":"https:\/\/www.gps-carminat.com\/v3\/wp-json\/wp\/v2\/media?parent=3926"}],"curies":[{"name":"wp","href":"https:\/\/api.w.org\/{rel}","templated":true}]}}