{"id":3974,"date":"2020-12-26T15:10:34","date_gmt":"2020-12-26T14:10:34","guid":{"rendered":"https:\/\/www.gps-carminat.com\/v3\/?page_id=3974"},"modified":"2022-12-07T15:16:46","modified_gmt":"2022-12-07T14:16:46","slug":"la-conduite-autonome-easy-drive","status":"publish","type":"page","link":"https:\/\/www.gps-carminat.com\/v3\/easy-link\/la-conduite-autonome-easy-drive\/","title":{"rendered":"La conduite autonome Easy Drive"},"content":{"rendered":"<p>Le syst\u00e8me Easy Link a permis \u00e0 Renault d&rsquo;inaugurer de nouveaux Adas (aide \u00e0 la conduite) dont le pack Easy Drive (ou assistant trafic et autoroute).<\/p>\n<p>Ce syst\u00e8me est compos\u00e9 d&rsquo;un r\u00e9gulateur de vitesse adaptatif allant jusqu&rsquo;\u00e0 l&rsquo;arr\u00eat du v\u00e9hicule et d&rsquo;un centrage voie (\u00e0 ne pas confondre avec le maintient de voie). Easy Drive permet donc la conduite autonome de niveau 2.<\/p>\n<p>J&rsquo;ai pu le tester sur pr\u00e8s de 2000 km sur une Clio et une Espace.<\/p>\n<p>Le syst\u00e8me est disponible sur les v\u00e9hicules suivants (boite auto obligatoire):<\/p>\n<ul>\n<li>Clio V<\/li>\n<li>Captur II<\/li>\n<li>M\u00e9gane IV phase 2 (2020)<\/li>\n<li>Talisman phase 2 (2020)<\/li>\n<li>Espace V phase 2 (2020)<\/li>\n<li>Arkana<\/li>\n<\/ul>\n<p>Voici la vid\u00e9o test, enjoy! \ud83d\ude09<\/p>\n<p><iframe loading=\"lazy\" frameborder=\"0\" src=\"https:\/\/www.youtube.com\/embed\/eTmC-OWBUxI\" width=\"800\" height=\"450\" allowfullscreen=\"\"><\/iframe><\/p>\n<p>Pour soutenir le site n&rsquo;h\u00e9sitez pas \u00e0 vous abonner \u00e0 la cha\u00eene Youtube (c&rsquo;est gratuit mais \u00e7a m&rsquo;aide \ud83d\ude09 ).<\/p>\n<p>\ud83d\udd3d\ud83d\udd3d\ud83d\udd3d\ud83d\udd3d\ud83d\udd3d\ud83d\udd3d\ud83d\udd3d\ud83d\udd3d\ud83d\udd3d\ud83d\udd3d\ud83d\udd3d\ud83d\udd3d\ud83d\udd3d\ud83d\udd3d\ud83d\udd3d\ud83d\udd3d\ud83d\udd3d<\/p>\n<p><script src=\"https:\/\/apis.google.com\/js\/platform.js\"><\/script><\/p>\n<div class=\"g-ytsubscribe\" data-channelid=\"UCI2PpGLvY41SEUtjhb3kMEw\" data-layout=\"full\" data-count=\"default\"><\/div>\n<script async src=\"https:\/\/pagead2.googlesyndication.com\/pagead\/js\/adsbygoogle.js\"><\/script>\r\n<!-- carminat v3 responsive -->\r\n<ins class=\"adsbygoogle\"\r\n     style=\"display:block\"\r\n     data-ad-client=\"ca-pub-6295180017562087\"\r\n     data-ad-slot=\"8112832501\"\r\n     data-ad-format=\"auto\"\r\n     data-full-width-responsive=\"true\"><\/ins>\r\n<script>\r\n     (adsbygoogle = window.adsbygoogle || []).push({});\r\n<\/script>\n<p>Suite \u00e0 des commentaires, une vid\u00e9o sans voix off avec plus de mise en situation.<\/p>\n<p><iframe loading=\"lazy\" frameborder=\"0\" src=\"https:\/\/www.youtube.com\/embed\/j1pmMvHfRgI\" width=\"800\" height=\"450\" allowfullscreen=\"\"><\/iframe><\/p>\n<script async src=\"https:\/\/pagead2.googlesyndication.com\/pagead\/js\/adsbygoogle.js\"><\/script>\r\n<!-- carminat v3 responsive -->\r\n<ins class=\"adsbygoogle\"\r\n     style=\"display:block\"\r\n     data-ad-client=\"ca-pub-6295180017562087\"\r\n     data-ad-slot=\"8112832501\"\r\n     data-ad-format=\"auto\"\r\n     data-full-width-responsive=\"true\"><\/ins>\r\n<script>\r\n     (adsbygoogle = window.adsbygoogle || []).push({});\r\n<\/script>\n<!-- AddThis Advanced Settings generic via filter on the_content --><!-- AddThis Share Buttons generic via filter on the_content -->","protected":false},"excerpt":{"rendered":"<p>Le syst\u00e8me Easy Link a permis \u00e0 Renault d&rsquo;inaugurer de nouveaux Adas (aide \u00e0 la conduite) dont le pack Easy Drive (ou assistant trafic et autoroute). Ce syst\u00e8me est compos\u00e9 d&rsquo;un r\u00e9gulateur de vitesse adaptatif allant jusqu&rsquo;\u00e0 l&rsquo;arr\u00eat du v\u00e9hicule &hellip; <a href=\"https:\/\/www.gps-carminat.com\/v3\/easy-link\/la-conduite-autonome-easy-drive\/\">Continuer la lecture <span class=\"meta-nav\">&rarr;<\/span><\/a><!-- AddThis Advanced Settings generic via filter on get_the_excerpt --><!-- AddThis Share Buttons generic via filter on get_the_excerpt --><\/p>\n","protected":false},"author":1,"featured_media":0,"parent":3644,"menu_order":0,"comment_status":"open","ping_status":"closed","template":"","meta":{"advanced_seo_description":"","jetpack_seo_html_title":"","jetpack_seo_noindex":false,"footnotes":""},"class_list":["post-3974","page","type-page","status-publish","hentry"],"jetpack_sharing_enabled":true,"_links":{"self":[{"href":"https:\/\/www.gps-carminat.com\/v3\/wp-json\/wp\/v2\/pages\/3974","targetHints":{"allow":["GET"]}}],"collection":[{"href":"https:\/\/www.gps-carminat.com\/v3\/wp-json\/wp\/v2\/pages"}],"about":[{"href":"https:\/\/www.gps-carminat.com\/v3\/wp-json\/wp\/v2\/types\/page"}],"author":[{"embeddable":true,"href":"https:\/\/www.gps-carminat.com\/v3\/wp-json\/wp\/v2\/users\/1"}],"replies":[{"embeddable":true,"href":"https:\/\/www.gps-carminat.com\/v3\/wp-json\/wp\/v2\/comments?post=3974"}],"version-history":[{"count":1,"href":"https:\/\/www.gps-carminat.com\/v3\/wp-json\/wp\/v2\/pages\/3974\/revisions"}],"predecessor-version":[{"id":4159,"href":"https:\/\/www.gps-carminat.com\/v3\/wp-json\/wp\/v2\/pages\/3974\/revisions\/4159"}],"up":[{"embeddable":true,"href":"https:\/\/www.gps-carminat.com\/v3\/wp-json\/wp\/v2\/pages\/3644"}],"wp:attachment":[{"href":"https:\/\/www.gps-carminat.com\/v3\/wp-json\/wp\/v2\/media?parent=3974"}],"curies":[{"name":"wp","href":"https:\/\/api.w.org\/{rel}","templated":true}]}}