{"id":4029,"date":"2021-06-30T09:53:08","date_gmt":"2021-06-30T07:53:08","guid":{"rendered":"https:\/\/www.gps-carminat.com\/v3\/politique-de-cookies-eu\/"},"modified":"2024-01-03T09:43:25","modified_gmt":"2024-01-03T08:43:25","slug":"politique-de-cookies-eu","status":"publish","type":"page","link":"https:\/\/www.gps-carminat.com\/v3\/politique-de-cookies-eu\/","title":{"rendered":"Politique de cookies (EU)"},"content":{"rendered":"\n<h2 class=\"wp-block-heading\">Politique g\u00e9n\u00e9rale de confidentialit\u00e9<\/h2>\n\n\n\n<p>De mani\u00e8re g\u00e9n\u00e9rale, il n\u2019est pas n\u00e9cessaire de fournir des renseignements personnels pour utiliser notre site Internet. Dans la mesure du possible, nous collectons des donn\u00e9es vous concernant, telles que vos noms, adresses postales ou \u00e9lectroniques, uniquement si vous nous les fournissez de votre plein gr\u00e9. Ces donn\u00e9es personnelles ne seront pas transmises \u00e0 des tiers sans votre consentement explicite. Veuillez noter que le transfert de donn\u00e9es sur Internet n\u2019est pas sans risque en termes de s\u00e9curit\u00e9. Il est impossible de prot\u00e9ger totalement les donn\u00e9es contre les acc\u00e8s non autoris\u00e9s par des tiers.<\/p>\n\n\n\n<p>Il est express\u00e9ment interdit \u00e0 tout tiers d\u2019utiliser les coordonn\u00e9es publi\u00e9es dans le cadre de nos mentions l\u00e9gales pour nous envoyer du mat\u00e9riel publicitaire et informatif sans sollicitation de notre part. Les exploitants du site se r\u00e9servent le droit de prendre des mesures l\u00e9gales en cas de r\u00e9ception d\u2019informations promotionnelles non sollicit\u00e9es, telles que des courriers \u00e9lectroniques ind\u00e9sirables par exemple.<\/p>\n\n\n\n<h2 class=\"wp-block-heading\">D\u00e9claration de confidentialit\u00e9 concernant l\u2019utilisation de Google Analytics et Google Adsense<\/h2>\n\n\n\n<p>Le site Internet utilise Google Analytics, un service d\u2019analyse d\u2019audiences de site Web propos\u00e9 par google.com, exploit\u00e9 par Google Inc., Gordon House, Barrow St, Dublin 4, Ireland (\u2018Google\u2019). Google Analytics utilise des \u2018cookies\u2019, des fichiers texte qui sont stock\u00e9s sur votre ordinateur et permettent d\u2019analyser l\u2019utilisation du site Internet. Les renseignements g\u00e9n\u00e9r\u00e9s par les cookies concernant votre utilisation de ce site sont g\u00e9n\u00e9ralement envoy\u00e9s vers un serveur Google aux Etats-Unis pour y \u00eatre conserv\u00e9s. Google utilise ces renseignements afin d\u2019\u00e9valuer votre utilisation de ce site Internet pour le compte de son exploitant, compiler des rapports sur l\u2019activit\u00e9 du site Internet et les remettre \u00e0 l\u2019exploitant. L\u2019adresse IP fournie par le navigateur dans le cadre de l\u2019utilisation de Google Analytics n\u2019est connect\u00e9e \u00e0 aucune autre donn\u00e9e d\u00e9tenue par Google. Vous pouvez refuser l\u2019utilisation des cookies en configurant les r\u00e9glages appropri\u00e9s dans votre navigateur. Veuillez noter toutefois qu\u2019en refusant les cookies, vous ne serez pas en mesure d\u2019utiliser ce site Internet dans toutes ces fonctionnalit\u00e9s.<\/p>\n\n\n\n<p>Si la fonction \u00ab IP anonymization&nbsp;\u00bb est activ\u00e9e sur ce site Internet, votre adresse IP sera tronqu\u00e9e sur le territoire des Etats membres de l\u2019Union europ\u00e9enne ou d\u2019autres signataires de l\u2019Accord sur l\u2019Espace \u00e9conomique europ\u00e9en. L\u2019adresse IP compl\u00e8te sera transf\u00e9r\u00e9e vers un serveur Google aux Etats-Unis pour y \u00eatre tronqu\u00e9e uniquement dans les cas exceptionnels. La fonction \u00ab&nbsp;IP anonymization&nbsp;\u00bb est active sur ce site Internet.<\/p>\n\n\n\n<p>Vous pouvez aussi vous opposer \u00e0 la collecte de donn\u00e9es g\u00e9n\u00e9r\u00e9es par des cookies concernant votre utilisation du site Internet (y compris votre adresse IP) et au traitement de ces donn\u00e9es par Google en t\u00e9l\u00e9chargeant et en installant le plugin de navigateur disponible \u00e0 l\u2019adresse suivante :&nbsp;<a href=\"https:\/\/tools.google.com\/dlpage\/gaoptout\">https:\/\/tools.google.com\/dlpage\/gaoptout<\/a>.<\/p>\n\n\n\n<h2 class=\"wp-block-heading\">D\u00e9claration de confidentialit\u00e9 concernant l\u2019utilisation des plugins Facebook<\/h2>\n\n\n\n<p>Notre site Internet utilise des plugins sociaux (\u2018plugins\u2019) fournis par le r\u00e9seau social facebook.com, exploit\u00e9 par Facebook Ireland Ltd., 4 Grand Canal Square, Grand Canal Harbour, Dublin 2, Irlande (\u2018Facebook\u2019). Les plugins peuvent \u00eatre identifi\u00e9s par le logo Facebook (une lettre blanche \u2018f\u2019 sur un fond bleu, le mot \u2018J\u2019aime\u2019 ou une ic\u00f4ne pouce lev\u00e9) ou la mention \u2018Facebook Social Plugin\u2019. Pour une liste compl\u00e8te de plugins sociaux, consultez le site&nbsp;<a href=\"https:\/\/developers.facebook.com\/docs\/plugins\">https:\/\/developers.facebook.com\/docs\/plugins<\/a>.<\/p>\n\n\n\n<p>Lorsque vous visitez une page sur notre site Internet contenant un plugin social, votre navigateur \u00e9tablit une connexion directe avec les serveurs de Facebook. Facebook transf\u00e8re directement le contenu du plugin vers votre navigateur, avant de l\u2019int\u00e9grer sur le site Internet, permettant ainsi \u00e0 Facebook de recevoir l\u2019information selon laquelle vous avez acc\u00e9d\u00e9 \u00e0 la page correspondante sur notre site Internet. Veuillez noter qu\u2019en tant que fournisseur du site, nous ne recevons aucune information concernant le contenu des donn\u00e9es transmises ou leur utilisation par Facebook. Pour plus de renseignements concernant le but et l\u2019\u00e9tendue de la collecte et du traitement des donn\u00e9es par Facebook, ainsi que vos droits \u00e0 cet \u00e9gard et les options de r\u00e9glage pour la protection de votre vie priv\u00e9e, reportez-vous \u00e0 la politique de confidentialit\u00e9 de Facebook :&nbsp;<a href=\"http:\/\/www.facebook.com\/policy.php\">http:\/\/www.facebook.com\/policy.php<\/a>.<\/p>\n\n\n\n<p>Les plugins int\u00e9gr\u00e9s fournissent \u00e0 Facebook l\u2019information selon laquelle vous avez acc\u00e9d\u00e9 \u00e0 la page correspondante de notre site Internet. Si vous \u00eates connect\u00e9 sur Facebook, votre visite peut \u00eatre mise en lien avec votre compte Facebook. En cas d\u2019interaction de votre part au moyen des plugins, en cliquant sur \u2018J\u2019aime\u2019 ou en inscrivant un commentaire par exemple, le renseignement correspondant est transmis depuis votre navigateur directement \u00e0 Facebook pour y \u00eatre enregistr\u00e9. M\u00eame lorsque vous n\u2019\u00eates pas connect\u00e9 sur Facebook, il est possible que les plugins transmettent votre adresse IP \u00e0 Facebook.<\/p>\n\n\n\n<p>Si vous \u00eates membre de Facebook et que vous ne voulez pas que Facebook \u00e9tablisse un lien entre les donn\u00e9es concernant votre visite de notre site Internet et les donn\u00e9es de membre d\u00e9j\u00e0 enregistr\u00e9es par Facebook, d\u00e9connectez-vous de Facebook avant de revenir sur notre site Internet et supprimer vos cookies.<\/p>\n\n\n\n<h2 class=\"wp-block-heading\">D\u00e9claration de confidentialit\u00e9 concernant l\u2019utilisation de Twitter<\/h2>\n\n\n\n<p>Les fonctions du service Twitter sont int\u00e9gr\u00e9es \u00e0 notre site Internet. Ces fonctions sont propos\u00e9es par Twitter Inc., 795 Folsom St., Suite 600, San Francisco, CA 94107, USA (\u2018Twitter\u2019). Lorsque vous utilisez Twitter et la fonction \u2018re-tweet\u2019, un lien est \u00e9tabli entre les pages Internet que vous visitez et votre compte Twitter et les autres utilisateurs en sont inform\u00e9s. Ces donn\u00e9es sont \u00e9galement transmises \u00e0 Twitter. Veuillez noter qu\u2019en tant que fournisseurs du site, nous ne recevons aucune information concernant le contenu des donn\u00e9es transmises ou leur utilisation par Twitter. Pour de plus amples renseignements, nous vous renvoyons \u00e0 la d\u00e9claration de confidentialit\u00e9 de Twitter&nbsp;<a href=\"http:\/\/twitter.com\/privacy\">http:\/\/twitter.com\/privacy<\/a>.<\/p>\n\n\n\n<p>Vous pouvez modifier vos pr\u00e9f\u00e9rences de confidentialit\u00e9 sur Twitter dans les r\u00e9glages de compte \u00e0 l\u2019adresse&nbsp;<a href=\"http:\/\/twitter.com\/account\/settings\">http:\/\/twitter.com\/account\/settings<\/a>.<\/p>\n\n\n\n<h2 class=\"wp-block-heading\">D\u00e9claration de confidentialit\u00e9 concernant l\u2019utilisation de LinkedIn<\/h2>\n\n\n\n<p>Vous trouverez sur notre site Internet des plugins du r\u00e9seau social LinkedIn.com, exploit\u00e9 par LinkedIn Corporation, 2029 Stierlin Court, Mountain View, CA 94043, USA (\u2018LinkedIn\u2019). Les plugins LinkedIn sont indiqu\u00e9s par le logo LinkedIn ou le bouton \u2018Recommander\u2019 sur notre site Internet. Veuillez noter que lorsque vous visitez notre site Internet, le plugin connecte votre navigateur Internet au serveur LinkedIn. LinkedIn est ainsi inform\u00e9 que notre site Internet a \u00e9t\u00e9 visit\u00e9 par votre adresse IP. Si vous cliquez sur le bouton \u2018Recommander\u2019 de LinkedIn lorsque que vous \u00eates connect\u00e9 \u00e0 votre compte LinkedIn, vous pouvez \u00e9tablir un lien entre le contenu depuis notre site Internet et votre profil LinkedIn. LinkedIn affecte ainsi votre visite sur notre site Internet \u00e0 votre compte d\u2019utilisateur. Veuillez noter que nous ne recevons aucune information concernant le contenu des donn\u00e9es transmises ou leur utilisation par LinkedIn.<\/p>\n\n\n\n<p>Pour de plus amples renseignements concernant la collecte de donn\u00e9es, vos droits juridiques et vos options de r\u00e9glage, nous vous renvoyons \u00e0 la politique de confidentialit\u00e9 de LinkedIn \u00e0 l\u2019adresse&nbsp;<a href=\"https:\/\/www.linkedin.com\/legal\/privacy-policy\">https:\/\/www.linkedin.com\/legal\/privacy-policy<\/a>.<\/p>\n\n\n\n<h2 class=\"wp-block-heading\">Formulaires de site Internet (newsletters et publications \u00e9lectroniques)<\/h2>\n\n\n\n<p>Si vous souhaitez recevoir les newsletters propos\u00e9es sur notre site Internet ou si vous voulez commander l\u2019une de nos publications gratuites au format PDF ou e-PUB, vous devez indiquer votre adresse E-mail et fournir des renseignements suppl\u00e9mentaires nous permettant de v\u00e9rifier que vous \u00eates bien le propri\u00e9taire de l\u2019adresse E-mail et pr\u00e9cisant que vous acceptez de recevoir la newsletter ou les publications \u00e9lectroniques. Nous utilisons ces informations exclusivement pour envoyer les renseignements demand\u00e9s et ne les transmettons pas \u00e0 des tiers. Le consentement pour l\u2019utilisation et le stockage des donn\u00e9es et de l\u2019adresse E-mail peut \u00eatre r\u00e9voqu\u00e9 \u00e0 tout moment, en cliquant sur le lien \u2018se d\u00e9sabonner\u2019 dans la newsletter par exemple.<\/p>\n\n\n\n<h2 class=\"wp-block-heading\">D\u00e9claration de confidentialit\u00e9 pour les fichiers journal de serveur<\/h2>\n\n\n\n<p>Le fournisseur de ces pages collecte et enregistre automatiquement des informations dans des \u2018log files\u2019 (fichiers journal) de serveur que votre navigateur nous transmet de fa\u00e7on automatique. Ces renseignements incluent le type de navigateur, la version du navigateur, le syst\u00e8me d\u2019exploitation utilis\u00e9, l\u2019URL de r\u00e9f\u00e9rence, le nom d\u2019h\u00f4te de l\u2019ordinateur acc\u00e9dant au site ainsi que l\u2019heure de la requ\u00eate du serveur. Ces donn\u00e9es ne peuvent \u00eatre utilis\u00e9es afin d\u2019identifier les individus sp\u00e9cifiques et ne sont pas connect\u00e9es \u00e0 d\u2019autres sources de donn\u00e9es. Nous nous r\u00e9servons le droit d\u2019examiner ces donn\u00e9es r\u00e9trospectivement si nous prenons connaissance de preuves concr\u00e8tes d\u2019utilisation ill\u00e9gale.<\/p>\n<!-- AddThis Advanced Settings generic via filter on the_content --><!-- AddThis Share Buttons generic via filter on the_content -->","protected":false},"excerpt":{"rendered":"<p>Politique g\u00e9n\u00e9rale de confidentialit\u00e9 De mani\u00e8re g\u00e9n\u00e9rale, il n\u2019est pas n\u00e9cessaire de fournir des renseignements personnels pour utiliser notre site Internet. Dans la mesure du possible, nous collectons des donn\u00e9es vous concernant, telles que vos noms, adresses postales ou \u00e9lectroniques, &hellip; <a href=\"https:\/\/www.gps-carminat.com\/v3\/politique-de-cookies-eu\/\">Continuer la lecture <span class=\"meta-nav\">&rarr;<\/span><\/a><!-- AddThis Advanced Settings generic via filter on get_the_excerpt --><!-- AddThis Share Buttons generic via filter on get_the_excerpt --><\/p>\n","protected":false},"author":1,"featured_media":0,"parent":0,"menu_order":0,"comment_status":"closed","ping_status":"closed","template":"","meta":{"advanced_seo_description":"","jetpack_seo_html_title":"","jetpack_seo_noindex":false,"footnotes":""},"class_list":["post-4029","page","type-page","status-publish","hentry"],"jetpack_sharing_enabled":true,"_links":{"self":[{"href":"https:\/\/www.gps-carminat.com\/v3\/wp-json\/wp\/v2\/pages\/4029","targetHints":{"allow":["GET"]}}],"collection":[{"href":"https:\/\/www.gps-carminat.com\/v3\/wp-json\/wp\/v2\/pages"}],"about":[{"href":"https:\/\/www.gps-carminat.com\/v3\/wp-json\/wp\/v2\/types\/page"}],"author":[{"embeddable":true,"href":"https:\/\/www.gps-carminat.com\/v3\/wp-json\/wp\/v2\/users\/1"}],"replies":[{"embeddable":true,"href":"https:\/\/www.gps-carminat.com\/v3\/wp-json\/wp\/v2\/comments?post=4029"}],"version-history":[{"count":2,"href":"https:\/\/www.gps-carminat.com\/v3\/wp-json\/wp\/v2\/pages\/4029\/revisions"}],"predecessor-version":[{"id":4334,"href":"https:\/\/www.gps-carminat.com\/v3\/wp-json\/wp\/v2\/pages\/4029\/revisions\/4334"}],"wp:attachment":[{"href":"https:\/\/www.gps-carminat.com\/v3\/wp-json\/wp\/v2\/media?parent=4029"}],"curies":[{"name":"wp","href":"https:\/\/api.w.org\/{rel}","templated":true}]}}