{"id":408,"date":"2012-09-06T00:06:38","date_gmt":"2012-09-05T23:06:38","guid":{"rendered":"https:\/\/www.gps-carminat.com\/v3\/?page_id=408"},"modified":"2012-10-17T11:40:49","modified_gmt":"2012-10-17T09:40:49","slug":"support","status":"publish","type":"page","link":"https:\/\/www.gps-carminat.com\/v3\/carminat-bluetooth-cd\/support\/","title":{"rendered":"Support"},"content":{"rendered":"<h2>T\u00e9l\u00e9chargement<\/h2>\n<p><a href=\"\/v3\/data\/cbcd\/Notice_CBCD.pdf\">T\u00e9l\u00e9charger la notice du Carminat Bleutooth CD<\/a><\/p>\n<p><a href=\"\/v3\/data\/cbcd\/compatibilite_bluetooth_cbcd.pdf\">T\u00e9l\u00e9charger la liste des t\u00e9l\u00e9phones bluetooth compatibles selon Renault<\/a><\/p>\n<p>&nbsp;<\/p>\n<div class=\"pubmain\">\n<script type=\"text\/javascript\"><!--\ngoogle_ad_client = \"ca-pub-6295180017562087\";\n\/* V3 *\/\ngoogle_ad_slot = \"8915205629\";\ngoogle_ad_width = 728;\ngoogle_ad_height = 90;\n\/\/-->\n<\/script><br \/>\n<script type=\"text\/javascript\"\nsrc=\"http:\/\/pagead2.googlesyndication.com\/pagead\/show_ads.js\">\n<\/script><\/div>\n<p>&nbsp;<\/p>\n<h2>FAQ<\/h2>\n<h4>Est-il possible de rajouter les radars?\u00a0<em>(\u00e7a c&rsquo;est vraiment la question constamment en haut du box-office&#8230;)<\/em><\/h4>\n<p>Il n&rsquo;est malheureusement pas possible de rajouter les radars sur le CNI 1. Nous vous conseillons de vous tourner vers un appareil du type\u00a0<em>inforad<\/em>.<\/p>\n<h4>Je poss\u00e8de actuellement la derni\u00e8re cartographie sortie pourtant il subsiste des erreurs.<\/h4>\n<p>Sachez d&rsquo;abord que Renault n&rsquo;est pas reponsable de la cartographie: C&rsquo;est une soci\u00e9t\u00e9 appel\u00e9 Navteq qui est le fournisseur de la cartographie. Il nous est tout \u00e0 fait possible de leur signaler une erreur en passant par leur site web. Vous devrez alors renseigner une fiche avec l&rsquo;adresse exacte et les changements constat\u00e9s.<\/p>\n<p><a href=\"http:\/\/mapreporter.navteq.com\/dur-web-external\/secured\/submitDur.do?userType=CONSUMER&amp;language=fr\">Acc\u00e9der au site Navteq<\/a><\/p>\n<h4>Le CB CD est il compatible avec l&rsquo;Audio Connection Box de Renault?<\/h4>\n<p>Officiellement non. Apr\u00e8s un tel d\u00e9but je ne peux commencer la suivante par \u00ab\u00a0mais officieusement\u00a0\u00bb. Effectivement officieusement c&rsquo;est compatible avec l&rsquo;Audio Connection Box de Renault. La raison serait qu&rsquo;il ne peuvent pas garantir un fonctionnement 100% parfait. Si vous ne poss\u00e9dez pas de chargeur CD vous pourrez alors rajouter cet accessoire fort utile.<\/p>\n<p><a href=\"http:\/\/www.planeterenault.com\/forum\/tous-modeles-topic-unique-audio-connexion-box-t18755.html\">Plus d&rsquo;information sur l&rsquo;ACB ici.<\/a><\/p>\n<p>Par contre pour finaliser l&rsquo;installation il faudra obligatoirement passer en concession pour un coup de valise clip. Le technicien va devoir se brancher \u00e0 l&rsquo;aide d&rsquo;un ordinateur \u00e0 la voiture et activer dans les menus de l&rsquo;autoradio la prise chargeur CD. Apr\u00e8s \u00e7a votre boitier sera fonctionnel. L&rsquo;intervention est factur\u00e9e mais c&rsquo;est moins de 20\u20ac normalement.<\/p>\n<h4>Mon v\u00e9hicule n&rsquo;est pas \u00e9quip\u00e9e en s\u00e9rie du CB CD (\u00e0 l&rsquo;\u00e9poque disponible en option), est-il possible de le monter sois m\u00eame?<\/h4>\n<p>Non cette op\u00e9ration n&rsquo;est malheureusement pas possible.<\/p>\n<h4>Est il possible de copier son CD cartographique pour le garder au chaud chez soi?<\/h4>\n<p>Oui et cette op\u00e9ration est m\u00eame conseill\u00e9e: d&rsquo;abord parce-que vu le prix d&rsquo;un CD cartographique \u00e7a limite la perte en cas de vol par exemple, mais aussi parce-qu&rsquo;\u00e0 force d&rsquo;\u00eatre dans le lecteur il peut, dans certains cas, s&rsquo;ab\u00eemer avec le temps.<\/p>\n<h4>Je viens d&rsquo;ins\u00e9rer mon CD cartographique mais celui-ci est constamment \u00e9ject\u00e9.<\/h4>\n<p>D&rsquo;abord si c&rsquo;est un CD grav\u00e9 (l&rsquo;original \u00e9tant chez vous) peut \u00eatre l&rsquo;avez vous grav\u00e9 avec une vitesse trop \u00e9lev\u00e9e. Essayez alors avec une vitesse plus faible et un CD de marque pour b\u00e9n\u00e9ficier d&rsquo;une meilleure qualit\u00e9.<br \/>\nSi c&rsquo;est un CD neuf, celui ci peut \u00eatre gras ce qui peut m\u00eame entra\u00eener dans des cas extr\u00eames (fort rares heureusement) le clignotement de l&rsquo;interface de commande. Dans tous les cas, un nettoyage de la lentille avec un CD nettoyeur peut r\u00e9soudre bien des probl\u00e8mes.<\/p>\n<p>&nbsp;<\/p>\n<div class=\"pubmain\">\n<script type=\"text\/javascript\"><!--\ngoogle_ad_client = \"ca-pub-6295180017562087\";\n\/* V3 *\/\ngoogle_ad_slot = \"8915205629\";\ngoogle_ad_width = 728;\ngoogle_ad_height = 90;\n\/\/-->\n<\/script><br \/>\n<script type=\"text\/javascript\"\nsrc=\"http:\/\/pagead2.googlesyndication.com\/pagead\/show_ads.js\">\n<\/script><\/div>\n<p>&nbsp;<\/p>\n<h4>La r\u00e9ception GPS est constamment rouge alors que je suis dans une zone d\u00e9gag\u00e9e.<\/h4>\n<p>Il arrive que, dans certains cass il y ait une oxydation de l&rsquo;antenne GPS situ\u00e9e sur le toit, celle-ci sera donc \u00e0 remplacer.<br \/>\nIl arrive aussi que le c\u00e2ble se d\u00e9branche du bo\u00eetier de l&rsquo;UC.<\/p>\n<h4>Est il possible d&rsquo;avoir la vitesse calcul\u00e9e \u00e0 l&rsquo;aide des donn\u00e9es satellites?<\/h4>\n<p>Tout d&rsquo;abord le syst\u00e8me ne calcule pas la vitesse du v\u00e9hicule par ce biais l\u00e0 mais gr\u00e2ce au tachym\u00e8tre du v\u00e9hicule. Si justement vous vouliez utiliser cette m\u00e9thode pour \u00e9talonner le dit tachym\u00e8tre j&rsquo;en ai une autre:<br \/>\ntrouvez-vous un radar dans une ligne droite sur l&rsquo;autoroute flashant par l&rsquo;avant, passez plusieurs fois devant en augmentant \u00e0 chaque fois la vitesse d&rsquo;1 Km\/h, je conseille d&rsquo;utiliser le r\u00e9gulateur de vitesse pour que le v\u00e9hicule soit bien \u00e0 vitesse constante.<br \/>\nLors du passage o\u00f9 il va vous flasher, vous serez exactement \u00e0 136 Km\/h. En plus vous aurez la confirmation de votre vitesse exacte par un papier officiel et authentifi\u00e9 par l&rsquo;Etat qui arrivera par la poste (r\u00e9clamez le si vous ne recevez rien au bout d&rsquo;un mois.)<br \/>\nCe service est payant (l&rsquo;\u00e9talonnage des appareils co\u00fbte cher), ainsi il vous en co\u00fbtera 45\u20ac et un point sur votre permis. Mais pour ce prix l\u00e0 vous pouvez demander la photo gratuitement (sisi) donc pensez \u00e0 le faire en famille et \u00e0 faire plein de grimaces.<\/p>\n<h2><\/h2>\n<p>&nbsp;<\/p>\n<!-- AddThis Advanced Settings generic via filter on the_content --><!-- AddThis Share Buttons generic via filter on the_content -->","protected":false},"excerpt":{"rendered":"<p>T\u00e9l\u00e9chargement T\u00e9l\u00e9charger la notice du Carminat Bleutooth CD T\u00e9l\u00e9charger la liste des t\u00e9l\u00e9phones bluetooth compatibles selon Renault &nbsp; &nbsp; FAQ Est-il possible de rajouter les radars?\u00a0(\u00e7a c&rsquo;est vraiment la question constamment en haut du box-office&#8230;) Il n&rsquo;est malheureusement pas possible &hellip; <a href=\"https:\/\/www.gps-carminat.com\/v3\/carminat-bluetooth-cd\/support\/\">Continuer la lecture <span class=\"meta-nav\">&rarr;<\/span><\/a><!-- AddThis Advanced Settings generic via filter on get_the_excerpt --><!-- AddThis Share Buttons generic via filter on get_the_excerpt --><\/p>\n","protected":false},"author":1,"featured_media":0,"parent":376,"menu_order":7,"comment_status":"open","ping_status":"open","template":"","meta":{"advanced_seo_description":"","jetpack_seo_html_title":"","jetpack_seo_noindex":false,"footnotes":""},"class_list":["post-408","page","type-page","status-publish","hentry"],"jetpack_sharing_enabled":true,"_links":{"self":[{"href":"https:\/\/www.gps-carminat.com\/v3\/wp-json\/wp\/v2\/pages\/408","targetHints":{"allow":["GET"]}}],"collection":[{"href":"https:\/\/www.gps-carminat.com\/v3\/wp-json\/wp\/v2\/pages"}],"about":[{"href":"https:\/\/www.gps-carminat.com\/v3\/wp-json\/wp\/v2\/types\/page"}],"author":[{"embeddable":true,"href":"https:\/\/www.gps-carminat.com\/v3\/wp-json\/wp\/v2\/users\/1"}],"replies":[{"embeddable":true,"href":"https:\/\/www.gps-carminat.com\/v3\/wp-json\/wp\/v2\/comments?post=408"}],"version-history":[{"count":0,"href":"https:\/\/www.gps-carminat.com\/v3\/wp-json\/wp\/v2\/pages\/408\/revisions"}],"up":[{"embeddable":true,"href":"https:\/\/www.gps-carminat.com\/v3\/wp-json\/wp\/v2\/pages\/376"}],"wp:attachment":[{"href":"https:\/\/www.gps-carminat.com\/v3\/wp-json\/wp\/v2\/media?parent=408"}],"curies":[{"name":"wp","href":"https:\/\/api.w.org\/{rel}","templated":true}]}}