{"id":4165,"date":"2022-12-07T17:41:31","date_gmt":"2022-12-07T16:41:31","guid":{"rendered":"https:\/\/www.gps-carminat.com\/v3\/?page_id=4165"},"modified":"2024-01-25T10:34:07","modified_gmt":"2024-01-25T09:34:07","slug":"openr-link","status":"publish","type":"page","link":"https:\/\/www.gps-carminat.com\/v3\/openr-link\/","title":{"rendered":"OpenR Link"},"content":{"rendered":"\n<p>Syst\u00e8me apparu avec la Megane Electrique en 2021, OpenR Link est une \u00e9tape majeure pour les syst\u00e8mes multim\u00e9dia de Renault. En effet, il est bas\u00e9 sur le syst\u00e8me de Google: Android Automotive. Cette base android permet d&rsquo;avoir le c\u00e9l\u00e8bre Google Maps en application par d\u00e9faut pour la navigation tout comme l&rsquo;acc\u00e8s au Play Store pour t\u00e9l\u00e9charger des applications comme sur notre smartphone comme Spotify ou Waze. <\/p>\n\n\n\n<p>Page en cours de r\u00e9daction. <\/p>\n\n\n\n<p><\/p>\n\n\n\n<p>\u27a1\ufe0f <a href=\"https:\/\/www.gps-carminat.com\/v3\/openr-link\/mises-a-jour-openr-link\/\" data-type=\"page\" data-id=\"4275\">Les mises \u00e0 jour <\/a><\/p>\n\n\n\n<p>\u27a1\ufe0f <a href=\"https:\/\/www.gps-carminat.com\/v3\/openr-link\/les-abonnements-internet-sur-openr-link\/\" data-type=\"page\" data-id=\"4265\">Les abonnements internet <\/a><\/p>\n\n\n\n<p>\u27a1\ufe0f<a href=\"https:\/\/www.gps-carminat.com\/v3\/openr-link\/les-nouveautes-google-maps-dans-openr-link\/\" data-type=\"page\" data-id=\"4354\">Les nouveaut\u00e9s Google Maps<\/a><\/p>\n\n\n\n<p><\/p>\n\n\n\n<figure class=\"wp-block-image size-large\"><a href=\"https:\/\/www.gps-carminat.com\/v3\/wp-content\/uploads\/2022\/12\/renault-premiere-marque-a-integrer-waze-directement-dans-son-systeme-multimedia-1-1.jpg\"><img loading=\"lazy\" decoding=\"async\" width=\"1024\" height=\"536\" data-attachment-id=\"4173\" data-permalink=\"https:\/\/www.gps-carminat.com\/v3\/openr-link\/renault-premiere-marque-a-integrer-waze-directement-dans-son-systeme-multimedia-1-1\/\" data-orig-file=\"https:\/\/www.gps-carminat.com\/v3\/wp-content\/uploads\/2022\/12\/renault-premiere-marque-a-integrer-waze-directement-dans-son-systeme-multimedia-1-1.jpg\" data-orig-size=\"2400,1256\" data-comments-opened=\"1\" data-image-meta=\"{&quot;aperture&quot;:&quot;0&quot;,&quot;credit&quot;:&quot;&quot;,&quot;camera&quot;:&quot;&quot;,&quot;caption&quot;:&quot;&quot;,&quot;created_timestamp&quot;:&quot;0&quot;,&quot;copyright&quot;:&quot;&quot;,&quot;focal_length&quot;:&quot;0&quot;,&quot;iso&quot;:&quot;0&quot;,&quot;shutter_speed&quot;:&quot;0&quot;,&quot;title&quot;:&quot;&quot;,&quot;orientation&quot;:&quot;0&quot;}\" data-image-title=\"renault-premiere-marque-a-integrer-waze-directement-dans-son-systeme-multimedia-1-1\" data-image-description=\"\" data-image-caption=\"\" data-large-file=\"https:\/\/www.gps-carminat.com\/v3\/wp-content\/uploads\/2022\/12\/renault-premiere-marque-a-integrer-waze-directement-dans-son-systeme-multimedia-1-1-1024x536.jpg\" src=\"https:\/\/www.gps-carminat.com\/v3\/wp-content\/uploads\/2022\/12\/renault-premiere-marque-a-integrer-waze-directement-dans-son-systeme-multimedia-1-1-1024x536.jpg\" alt=\"\" class=\"wp-image-4173\" srcset=\"https:\/\/www.gps-carminat.com\/v3\/wp-content\/uploads\/2022\/12\/renault-premiere-marque-a-integrer-waze-directement-dans-son-systeme-multimedia-1-1-1024x536.jpg 1024w, https:\/\/www.gps-carminat.com\/v3\/wp-content\/uploads\/2022\/12\/renault-premiere-marque-a-integrer-waze-directement-dans-son-systeme-multimedia-1-1-300x157.jpg 300w, https:\/\/www.gps-carminat.com\/v3\/wp-content\/uploads\/2022\/12\/renault-premiere-marque-a-integrer-waze-directement-dans-son-systeme-multimedia-1-1-768x402.jpg 768w, https:\/\/www.gps-carminat.com\/v3\/wp-content\/uploads\/2022\/12\/renault-premiere-marque-a-integrer-waze-directement-dans-son-systeme-multimedia-1-1-1536x804.jpg 1536w, https:\/\/www.gps-carminat.com\/v3\/wp-content\/uploads\/2022\/12\/renault-premiere-marque-a-integrer-waze-directement-dans-son-systeme-multimedia-1-1-2048x1072.jpg 2048w, https:\/\/www.gps-carminat.com\/v3\/wp-content\/uploads\/2022\/12\/renault-premiere-marque-a-integrer-waze-directement-dans-son-systeme-multimedia-1-1-500x262.jpg 500w\" sizes=\"auto, (max-width: 1024px) 100vw, 1024px\" \/><\/a><\/figure>\n<!-- AddThis Advanced Settings generic via filter on the_content --><!-- AddThis Share Buttons generic via filter on the_content -->","protected":false},"excerpt":{"rendered":"<p>Syst\u00e8me apparu avec la Megane Electrique en 2021, OpenR Link est une \u00e9tape majeure pour les syst\u00e8mes multim\u00e9dia de Renault. En effet, il est bas\u00e9 sur le syst\u00e8me de Google: Android Automotive. Cette base android permet d&rsquo;avoir le c\u00e9l\u00e8bre Google &hellip; <a href=\"https:\/\/www.gps-carminat.com\/v3\/openr-link\/\">Continuer la lecture <span class=\"meta-nav\">&rarr;<\/span><\/a><!-- AddThis Advanced Settings generic via filter on get_the_excerpt --><!-- AddThis Share Buttons generic via filter on get_the_excerpt --><\/p>\n","protected":false},"author":1,"featured_media":0,"parent":0,"menu_order":0,"comment_status":"closed","ping_status":"closed","template":"","meta":{"advanced_seo_description":"","jetpack_seo_html_title":"","jetpack_seo_noindex":false,"footnotes":""},"class_list":["post-4165","page","type-page","status-publish","hentry"],"jetpack_sharing_enabled":true,"_links":{"self":[{"href":"https:\/\/www.gps-carminat.com\/v3\/wp-json\/wp\/v2\/pages\/4165","targetHints":{"allow":["GET"]}}],"collection":[{"href":"https:\/\/www.gps-carminat.com\/v3\/wp-json\/wp\/v2\/pages"}],"about":[{"href":"https:\/\/www.gps-carminat.com\/v3\/wp-json\/wp\/v2\/types\/page"}],"author":[{"embeddable":true,"href":"https:\/\/www.gps-carminat.com\/v3\/wp-json\/wp\/v2\/users\/1"}],"replies":[{"embeddable":true,"href":"https:\/\/www.gps-carminat.com\/v3\/wp-json\/wp\/v2\/comments?post=4165"}],"version-history":[{"count":12,"href":"https:\/\/www.gps-carminat.com\/v3\/wp-json\/wp\/v2\/pages\/4165\/revisions"}],"predecessor-version":[{"id":4371,"href":"https:\/\/www.gps-carminat.com\/v3\/wp-json\/wp\/v2\/pages\/4165\/revisions\/4371"}],"wp:attachment":[{"href":"https:\/\/www.gps-carminat.com\/v3\/wp-json\/wp\/v2\/media?parent=4165"}],"curies":[{"name":"wp","href":"https:\/\/api.w.org\/{rel}","templated":true}]}}