{"id":422,"date":"2012-09-06T09:26:40","date_gmt":"2012-09-06T08:26:40","guid":{"rendered":"https:\/\/www.gps-carminat.com\/v3\/?page_id=422"},"modified":"2012-10-17T11:34:04","modified_gmt":"2012-10-17T09:34:04","slug":"dispositif","status":"publish","type":"page","link":"https:\/\/www.gps-carminat.com\/v3\/carminat-navigation-informe-2\/dispositif\/","title":{"rendered":"Dispositif"},"content":{"rendered":"<p>Le syst\u00e8me est compos\u00e9 de plusieurs \u00e9l\u00e9ments qui vont permettre une utilisation ais\u00e9e. En voici une pr\u00e9sentation.<\/p>\n<div><\/div>\n<h3>Un \u00e9cran couleur<\/h3>\n<p>G\u00e9n\u00e9ralement au milieu de la planche de bord sous une casquette,<br \/>\nc&rsquo;est la partie la plus visible du syst\u00e8me.<\/p>\n<div class=\"pubmain\">\n<script type=\"text\/javascript\"><!--\ngoogle_ad_client = \"ca-pub-6295180017562087\";\n\/* V3 *\/\ngoogle_ad_slot = \"8915205629\";\ngoogle_ad_width = 728;\ngoogle_ad_height = 90;\n\/\/-->\n<\/script><br \/>\n<script type=\"text\/javascript\"\nsrc=\"http:\/\/pagead2.googlesyndication.com\/pagead\/show_ads.js\">\n<\/script><\/div>\n<p><img decoding=\"async\" src=\"\/v3\/images\/cni2\/dispositif\/2.jpg\" alt=\"\" \/><\/p>\n<h3>L&rsquo;interface de commande<\/h3>\n<p>Les commandes de navigation sont regroup\u00e9es sur la fa\u00e7ade de l&rsquo;autoradio<\/p>\n<p><img decoding=\"async\" src=\"\/v3\/images\/cni2\/dispositif\/1.png\" alt=\"\" \/><\/p>\n<h3>Le CD cartographique<\/h3>\n<p>C&rsquo;est un CD contenant des cartes sous un format num\u00e9rique avec en plus des POI,<br \/>\nc&rsquo;est \u00e0 dire des adresses pratiques comme par exemple des mus\u00e9es ou des stations services.<\/p>\n<div class=\"pubmain\">\n<script type=\"text\/javascript\"><!--\ngoogle_ad_client = \"ca-pub-6295180017562087\";\n\/* V3 *\/\ngoogle_ad_slot = \"8915205629\";\ngoogle_ad_width = 728;\ngoogle_ad_height = 90;\n\/\/-->\n<\/script><br \/>\n<script type=\"text\/javascript\"\nsrc=\"http:\/\/pagead2.googlesyndication.com\/pagead\/show_ads.js\">\n<\/script><\/div>\n<p>Le CNI 2 apporte une nouveaut\u00e9: la pr\u00e9sence d&rsquo;une m\u00e9moire flash de 128Mo qui permet de mettre en cache une partie du CD de navigation. On peut ainsi on peut retirer le CD cartographique du lecteur et mettre un CD musical par exemple encod\u00e9 en MP3\/WMA. Si le syst\u00e8me a de nouveau besoin du CD il le demandera&#8230;<\/p>\n<p><img decoding=\"async\" src=\"\/v3\/images\/cni1\/dispositif\/cn1464copie.gif\" alt=\"\" \/><\/p>\n<h3>Un POI (Point Of Interest)<\/h3>\n<p>Ce sont des donn\u00e9es suppl\u00e9mentaires qui sont sur le CD comme par exemple les garages Renault, les stations-service, mairies, restaurants, h\u00f4tels&#8230; avec le plus souvent le num\u00e9ro de t\u00e9l\u00e9phone.<\/p>\n<!-- AddThis Advanced Settings generic via filter on the_content --><!-- AddThis Share Buttons generic via filter on the_content -->","protected":false},"excerpt":{"rendered":"<p>Le syst\u00e8me est compos\u00e9 de plusieurs \u00e9l\u00e9ments qui vont permettre une utilisation ais\u00e9e. En voici une pr\u00e9sentation. Un \u00e9cran couleur G\u00e9n\u00e9ralement au milieu de la planche de bord sous une casquette, c&rsquo;est la partie la plus visible du syst\u00e8me. L&rsquo;interface &hellip; <a href=\"https:\/\/www.gps-carminat.com\/v3\/carminat-navigation-informe-2\/dispositif\/\">Continuer la lecture <span class=\"meta-nav\">&rarr;<\/span><\/a><!-- AddThis Advanced Settings generic via filter on get_the_excerpt --><!-- AddThis Share Buttons generic via filter on get_the_excerpt --><\/p>\n","protected":false},"author":1,"featured_media":0,"parent":420,"menu_order":1,"comment_status":"open","ping_status":"open","template":"","meta":{"advanced_seo_description":"","jetpack_seo_html_title":"","jetpack_seo_noindex":false,"footnotes":""},"class_list":["post-422","page","type-page","status-publish","hentry"],"jetpack_sharing_enabled":true,"_links":{"self":[{"href":"https:\/\/www.gps-carminat.com\/v3\/wp-json\/wp\/v2\/pages\/422","targetHints":{"allow":["GET"]}}],"collection":[{"href":"https:\/\/www.gps-carminat.com\/v3\/wp-json\/wp\/v2\/pages"}],"about":[{"href":"https:\/\/www.gps-carminat.com\/v3\/wp-json\/wp\/v2\/types\/page"}],"author":[{"embeddable":true,"href":"https:\/\/www.gps-carminat.com\/v3\/wp-json\/wp\/v2\/users\/1"}],"replies":[{"embeddable":true,"href":"https:\/\/www.gps-carminat.com\/v3\/wp-json\/wp\/v2\/comments?post=422"}],"version-history":[{"count":0,"href":"https:\/\/www.gps-carminat.com\/v3\/wp-json\/wp\/v2\/pages\/422\/revisions"}],"up":[{"embeddable":true,"href":"https:\/\/www.gps-carminat.com\/v3\/wp-json\/wp\/v2\/pages\/420"}],"wp:attachment":[{"href":"https:\/\/www.gps-carminat.com\/v3\/wp-json\/wp\/v2\/media?parent=422"}],"curies":[{"name":"wp","href":"https:\/\/api.w.org\/{rel}","templated":true}]}}