{"id":424,"date":"2012-09-06T09:28:12","date_gmt":"2012-09-06T08:28:12","guid":{"rendered":"https:\/\/www.gps-carminat.com\/v3\/?page_id=424"},"modified":"2012-10-17T11:34:25","modified_gmt":"2012-10-17T09:34:25","slug":"affichages-4","status":"publish","type":"page","link":"https:\/\/www.gps-carminat.com\/v3\/carminat-navigation-informe-2\/affichages-4\/","title":{"rendered":"Affichages"},"content":{"rendered":"<p>Voici un r\u00e9capitulatif des diff\u00e9rents \u00e9crans que vous pouvez rencontrer lors d&rsquo;un guidage simple.<\/p>\n<div class=\"pubmain\">\n<script type=\"text\/javascript\"><!--\ngoogle_ad_client = \"ca-pub-6295180017562087\";\n\/* V3 *\/\ngoogle_ad_slot = \"8915205629\";\ngoogle_ad_width = 728;\ngoogle_ad_height = 90;\n\/\/-->\n<\/script><br \/>\n<script type=\"text\/javascript\"\nsrc=\"http:\/\/pagead2.googlesyndication.com\/pagead\/show_ads.js\">\n<\/script><\/div>\n<p><img decoding=\"async\" src=\"\/v3\/images\/cni2\/affichage\/1.png\" alt=\"\" \/><\/p>\n<h6>Le menu principal<\/h6>\n<p><img decoding=\"async\" src=\"\/v3\/images\/cni2\/affichage\/4.jpg\" alt=\"\" \/><\/p>\n<p><strong>DESTINATION<\/strong>: permet d&rsquo;acc\u00e9der au menu pour lancer un guidage.<br \/>\n<strong>CARTE<\/strong>: permet de voir \u00e9voluer le v\u00e9hicule sans guidage (pratique pour situer les bouchons sans guidage).<br \/>\n<strong>VEILLE NAVIGATION<\/strong>: permet d&rsquo;\u00e9teindre l&rsquo;\u00e9cran mais le guidage continue en vocal.<br \/>\n<strong>CARNET D&rsquo;ADRESSES<\/strong>: permet de g\u00e9rer les 2 carnets d&rsquo;adresses (perso &amp; pro).<br \/>\n<strong>CONFIGURATION<\/strong>: permet d&rsquo;acc\u00e9der aux diff\u00e9rentes options param\u00e8trables du syst\u00e8me (affichage, guidage&#8230;). On pourra noter la pr\u00e9sence d&rsquo;une \u00e9toile (*) devant. Si on suit cette \u00e9toile tout au long des menus on ne tombe certes pas sur un tr\u00e9sor mais sur l&rsquo;option langue du syst\u00e8me: ainsi on peut facilement changer la langue du syst\u00e8me m\u00eame si celui-ci est dans une langue inconnue.<br \/>\n<strong>URGENCES<\/strong>: permet d&rsquo;avoir la position exacte du v\u00e9hicule en longitude et latitude pas forc\u00e9ment tr\u00e8s pratique pour les secours&#8230;.<\/p>\n<div class=\"pubmain\">\n<script type=\"text\/javascript\"><!--\ngoogle_ad_client = \"ca-pub-6295180017562087\";\n\/* V3 *\/\ngoogle_ad_slot = \"8915205629\";\ngoogle_ad_width = 728;\ngoogle_ad_height = 90;\n\/\/-->\n<\/script><br \/>\n<script type=\"text\/javascript\"\nsrc=\"http:\/\/pagead2.googlesyndication.com\/pagead\/show_ads.js\">\n<\/script><\/div>\n<h6>Les diff\u00e9rents types d&rsquo;affichage pour la carte<\/h6>\n<p>La gestion des affichages de la carte est tr\u00e8s semblables \u00e0 celle du CNI 1.<\/p>\n<p>Pour passer d&rsquo;un mode \u00e0 l&rsquo;autre il suffit de tourner la molette sans avoir appuy\u00e9 dessus auparavant<\/p>\n<p>Mode pleine carte<\/p>\n<p><img decoding=\"async\" src=\"\/v3\/images\/cni2\/affichage\/2.jpg\" alt=\"\" \/><\/p>\n<p>Partag\u00e9 carte \/ symboles<\/p>\n<p><img decoding=\"async\" src=\"\/v3\/images\/cni2\/affichage\/1.jpg\" alt=\"\" \/><\/p>\n<p>Symboles<br \/>\n(permet notamment d&rsquo;avoir des pr\u00e9cisions sur les perturbations pr\u00e9vues sur le trajet)<\/p>\n<p><img decoding=\"async\" src=\"\/v3\/images\/cni2\/affichage\/3.jpg\" alt=\"\" \/><\/p>\n<!-- AddThis Advanced Settings generic via filter on the_content --><!-- AddThis Share Buttons generic via filter on the_content -->","protected":false},"excerpt":{"rendered":"<p>Voici un r\u00e9capitulatif des diff\u00e9rents \u00e9crans que vous pouvez rencontrer lors d&rsquo;un guidage simple. Le menu principal DESTINATION: permet d&rsquo;acc\u00e9der au menu pour lancer un guidage. CARTE: permet de voir \u00e9voluer le v\u00e9hicule sans guidage (pratique pour situer les bouchons &hellip; <a href=\"https:\/\/www.gps-carminat.com\/v3\/carminat-navigation-informe-2\/affichages-4\/\">Continuer la lecture <span class=\"meta-nav\">&rarr;<\/span><\/a><!-- AddThis Advanced Settings generic via filter on get_the_excerpt --><!-- AddThis Share Buttons generic via filter on get_the_excerpt --><\/p>\n","protected":false},"author":1,"featured_media":0,"parent":420,"menu_order":2,"comment_status":"open","ping_status":"open","template":"","meta":{"advanced_seo_description":"","jetpack_seo_html_title":"","jetpack_seo_noindex":false,"footnotes":""},"class_list":["post-424","page","type-page","status-publish","hentry"],"jetpack_sharing_enabled":true,"_links":{"self":[{"href":"https:\/\/www.gps-carminat.com\/v3\/wp-json\/wp\/v2\/pages\/424","targetHints":{"allow":["GET"]}}],"collection":[{"href":"https:\/\/www.gps-carminat.com\/v3\/wp-json\/wp\/v2\/pages"}],"about":[{"href":"https:\/\/www.gps-carminat.com\/v3\/wp-json\/wp\/v2\/types\/page"}],"author":[{"embeddable":true,"href":"https:\/\/www.gps-carminat.com\/v3\/wp-json\/wp\/v2\/users\/1"}],"replies":[{"embeddable":true,"href":"https:\/\/www.gps-carminat.com\/v3\/wp-json\/wp\/v2\/comments?post=424"}],"version-history":[{"count":0,"href":"https:\/\/www.gps-carminat.com\/v3\/wp-json\/wp\/v2\/pages\/424\/revisions"}],"up":[{"embeddable":true,"href":"https:\/\/www.gps-carminat.com\/v3\/wp-json\/wp\/v2\/pages\/420"}],"wp:attachment":[{"href":"https:\/\/www.gps-carminat.com\/v3\/wp-json\/wp\/v2\/media?parent=424"}],"curies":[{"name":"wp","href":"https:\/\/api.w.org\/{rel}","templated":true}]}}