{"id":430,"date":"2012-09-06T09:39:17","date_gmt":"2012-09-06T08:39:17","guid":{"rendered":"https:\/\/www.gps-carminat.com\/v3\/?page_id=430"},"modified":"2017-06-27T13:13:10","modified_gmt":"2017-06-27T11:13:10","slug":"lancer-un-guidage","status":"publish","type":"page","link":"https:\/\/www.gps-carminat.com\/v3\/carminat-navigation-informe-2\/navigation\/lancer-un-guidage\/","title":{"rendered":"Lancer un guidage"},"content":{"rendered":"<p>Nous allons ici voir comment lancer un guidage vers une destination.<\/p>\n<div class=\"pubmain\">\n<script type=\"text\/javascript\"><!--\ngoogle_ad_client = \"ca-pub-6295180017562087\";\n\/* V3 *\/\ngoogle_ad_slot = \"8915205629\";\ngoogle_ad_width = 728;\ngoogle_ad_height = 90;\n\/\/-->\n<\/script><br \/>\n<script type=\"text\/javascript\"\nsrc=\"http:\/\/pagead2.googlesyndication.com\/pagead\/show_ads.js\">\n<\/script><\/div>\n<div class=\"tableau\">\n\n<table id=\"tablepress-21\" class=\"tablepress tablepress-id-21\">\n<tbody>\n<tr class=\"row-1\">\n\t<td class=\"column-1\"><img decoding=\"async\" src=\"\/v3\/images\/cni2\/guidage\/1.jpg\" alt=\"\" \/><\/td><td class=\"column-2\">Nous avons donc s\u00e9lectionn\u00e9 <strong>DESTINATION<\/strong> dans le menu principal, et on arrive au menu de saisie de l'adresse de destination. Le curseur est par d\u00e9faut sur la ville, pour modifier le pays il suffit de remonter. On saisit la ville avec le clavier virtuel et on valide.<\/td>\n<\/tr>\n<tr class=\"row-2\">\n\t<td class=\"column-1\"><img decoding=\"async\" src=\"\/v3\/images\/cni2\/guidage\/2.jpg\" alt=\"\" \/><\/td><td class=\"column-2\">On s\u00e9lectionne la voie.<br \/>Pour passer d'une ligne \u00e0 l'autre, il est malin d'utiliser le bouton en croix 4 directions: \u00e7a \u00e9vite de se faire toute la ligne en tournant le bouton...<\/td>\n<\/tr>\n<tr class=\"row-3\">\n\t<td class=\"column-1\"><img decoding=\"async\" src=\"\/v3\/images\/cni2\/guidage\/3.jpg\" alt=\"\" \/><\/td><td class=\"column-2\">On se retrouve avec cette situation : pour gagner en rapidit\u00e9 et\/ou on est pas certain de l'orthographe du nom, on peut s\u00e9lectionner <strong>LISTE<\/strong> apr\u00e8s avoir \u00e9crit quelques lettres.<\/td>\n<\/tr>\n<tr class=\"row-4\">\n\t<td class=\"column-1\"><img decoding=\"async\" src=\"\/v3\/images\/cni2\/guidage\/4.jpg\" alt=\"\" \/><\/td><td class=\"column-2\">L\u00e0, la liste des noms s'affiche, on peut ainsi s\u00e9lectionner plus rapidement un nom.<\/td>\n<\/tr>\n<\/tbody>\n<\/table>\n<!-- #tablepress-21 from cache -->\n<\/div class=\"tableau\">\n<p>Ensuite il suffit de s\u00e9lectionner\u00a0<strong>LANCER GUIDAGE<\/strong>\u00a0pour que le syst\u00e8me calcule l&rsquo;itin\u00e9raire d&rsquo;apr\u00e8s vos crit\u00e8res de navigation.<\/p>\n<p>Note:<br \/>\nsi au cours de la navigation le contact est coup\u00e9, lors du red\u00e9marrage vous aurez cet \u00e9cran vous demandant si vous voulez poursuivre le m\u00eame itin\u00e9raire.<\/p>\n<p style=\"text-align: center;\"><img loading=\"lazy\" decoding=\"async\" class=\"dispositif aligncenter\" src=\"\/v3\/images\/cni2\/guidage\/5.jpg\" alt=\"\" width=\"350\" height=\"203\" \/><\/p>\n<!-- AddThis Advanced Settings generic via filter on the_content --><!-- AddThis Share Buttons generic via filter on the_content -->","protected":false},"excerpt":{"rendered":"<p>Nous allons ici voir comment lancer un guidage vers une destination. Ensuite il suffit de s\u00e9lectionner\u00a0LANCER GUIDAGE\u00a0pour que le syst\u00e8me calcule l&rsquo;itin\u00e9raire d&rsquo;apr\u00e8s vos crit\u00e8res de navigation. Note: si au cours de la navigation le contact est coup\u00e9, lors du &hellip; <a href=\"https:\/\/www.gps-carminat.com\/v3\/carminat-navigation-informe-2\/navigation\/lancer-un-guidage\/\">Continuer la lecture <span class=\"meta-nav\">&rarr;<\/span><\/a><!-- AddThis Advanced Settings generic via filter on get_the_excerpt --><!-- AddThis Share Buttons generic via filter on get_the_excerpt --><\/p>\n","protected":false},"author":1,"featured_media":0,"parent":428,"menu_order":1,"comment_status":"open","ping_status":"open","template":"","meta":{"advanced_seo_description":"","jetpack_seo_html_title":"","jetpack_seo_noindex":false,"footnotes":""},"class_list":["post-430","page","type-page","status-publish","hentry"],"jetpack_sharing_enabled":true,"_links":{"self":[{"href":"https:\/\/www.gps-carminat.com\/v3\/wp-json\/wp\/v2\/pages\/430","targetHints":{"allow":["GET"]}}],"collection":[{"href":"https:\/\/www.gps-carminat.com\/v3\/wp-json\/wp\/v2\/pages"}],"about":[{"href":"https:\/\/www.gps-carminat.com\/v3\/wp-json\/wp\/v2\/types\/page"}],"author":[{"embeddable":true,"href":"https:\/\/www.gps-carminat.com\/v3\/wp-json\/wp\/v2\/users\/1"}],"replies":[{"embeddable":true,"href":"https:\/\/www.gps-carminat.com\/v3\/wp-json\/wp\/v2\/comments?post=430"}],"version-history":[{"count":0,"href":"https:\/\/www.gps-carminat.com\/v3\/wp-json\/wp\/v2\/pages\/430\/revisions"}],"up":[{"embeddable":true,"href":"https:\/\/www.gps-carminat.com\/v3\/wp-json\/wp\/v2\/pages\/428"}],"wp:attachment":[{"href":"https:\/\/www.gps-carminat.com\/v3\/wp-json\/wp\/v2\/media?parent=430"}],"curies":[{"name":"wp","href":"https:\/\/api.w.org\/{rel}","templated":true}]}}