{"id":434,"date":"2012-09-06T09:41:58","date_gmt":"2012-09-06T08:41:58","guid":{"rendered":"https:\/\/www.gps-carminat.com\/v3\/?page_id=434"},"modified":"2012-09-06T09:41:58","modified_gmt":"2012-09-06T08:41:58","slug":"carnet-dadresses","status":"publish","type":"page","link":"https:\/\/www.gps-carminat.com\/v3\/carminat-navigation-informe-2\/carnet-dadresses\/","title":{"rendered":"Carnet d&rsquo;adresses"},"content":{"rendered":"<p>Je n&rsquo;ai qu&rsquo;une photo vous montrant les possiblit\u00e9s s&rsquo;offrant \u00e0 vous si vous s\u00e9lectionnez<strong>Carnet d&rsquo;adresses<\/strong>\u00a0dans le menu navigation.<\/p>\n<p style=\"text-align: center;\"><img loading=\"lazy\" decoding=\"async\" class=\"dispositif aligncenter\" src=\"\/v3\/images\/cni2\/carnet\/1.jpg\" alt=\"\" width=\"350\" height=\"200\" \/><\/p>\n<!-- AddThis Advanced Settings generic via filter on the_content --><!-- AddThis Share Buttons generic via filter on the_content -->","protected":false},"excerpt":{"rendered":"<p>Je n&rsquo;ai qu&rsquo;une photo vous montrant les possiblit\u00e9s s&rsquo;offrant \u00e0 vous si vous s\u00e9lectionnezCarnet d&rsquo;adresses\u00a0dans le menu navigation.<!-- AddThis Advanced Settings generic via filter on get_the_excerpt --><!-- AddThis Share Buttons generic via filter on get_the_excerpt --><\/p>\n","protected":false},"author":1,"featured_media":0,"parent":420,"menu_order":3,"comment_status":"open","ping_status":"open","template":"","meta":{"advanced_seo_description":"","jetpack_seo_html_title":"","jetpack_seo_noindex":false,"footnotes":""},"class_list":["post-434","page","type-page","status-publish","hentry"],"jetpack_sharing_enabled":true,"_links":{"self":[{"href":"https:\/\/www.gps-carminat.com\/v3\/wp-json\/wp\/v2\/pages\/434","targetHints":{"allow":["GET"]}}],"collection":[{"href":"https:\/\/www.gps-carminat.com\/v3\/wp-json\/wp\/v2\/pages"}],"about":[{"href":"https:\/\/www.gps-carminat.com\/v3\/wp-json\/wp\/v2\/types\/page"}],"author":[{"embeddable":true,"href":"https:\/\/www.gps-carminat.com\/v3\/wp-json\/wp\/v2\/users\/1"}],"replies":[{"embeddable":true,"href":"https:\/\/www.gps-carminat.com\/v3\/wp-json\/wp\/v2\/comments?post=434"}],"version-history":[{"count":0,"href":"https:\/\/www.gps-carminat.com\/v3\/wp-json\/wp\/v2\/pages\/434\/revisions"}],"up":[{"embeddable":true,"href":"https:\/\/www.gps-carminat.com\/v3\/wp-json\/wp\/v2\/pages\/420"}],"wp:attachment":[{"href":"https:\/\/www.gps-carminat.com\/v3\/wp-json\/wp\/v2\/media?parent=434"}],"curies":[{"name":"wp","href":"https:\/\/api.w.org\/{rel}","templated":true}]}}