{"id":436,"date":"2012-09-06T10:13:53","date_gmt":"2012-09-06T09:13:53","guid":{"rendered":"https:\/\/www.gps-carminat.com\/v3\/?page_id=436"},"modified":"2017-06-27T13:14:00","modified_gmt":"2017-06-27T11:14:00","slug":"configuration","status":"publish","type":"page","link":"https:\/\/www.gps-carminat.com\/v3\/carminat-navigation-informe-2\/configuration\/","title":{"rendered":"Configuration"},"content":{"rendered":"<p>Voici une pr\u00e9sentation de l&rsquo;ensemble des param\u00e8tres que vous pouvez modifier pour que le syst\u00e8me r\u00e9ponde le mieux possible \u00e0 vos attentes.<\/p>\n<div class=\"pubmain\">\n<script type=\"text\/javascript\"><!--\ngoogle_ad_client = \"ca-pub-6295180017562087\";\n\/* V3 *\/\ngoogle_ad_slot = \"8915205629\";\ngoogle_ad_width = 728;\ngoogle_ad_height = 90;\n\/\/-->\n<\/script><br \/>\n<script type=\"text\/javascript\"\nsrc=\"http:\/\/pagead2.googlesyndication.com\/pagead\/show_ads.js\">\n<\/script><\/div>\n<p>&nbsp;<\/p>\n<div class=\"tableau\">\n\n<table id=\"tablepress-31\" class=\"tablepress tablepress-id-31\">\n<tbody>\n<tr class=\"row-1\">\n\t<td class=\"column-1\"><img decoding=\"async\" src=\"\/v3\/images\/cni2\/configuration\/75.jpg\" alt=\"\" \/><\/td><td class=\"column-2\">On a donc s\u00e9lectionn\u00e9 <strong>Configuration<\/strong> dans le menu principal.<br \/><br \/>\r\nOn voit que ce menu est divis\u00e9 en plusieurs parties que l'on va d\u00e9tailler chacune \u00e0 leur tour.<\/td>\n<\/tr>\n<tr class=\"row-2\">\n\t<td class=\"column-1\"><img decoding=\"async\" src=\"\/v3\/images\/cni2\/configuration\/76.jpg\" alt=\".\" \/><\/td><td class=\"column-2\"><strong>*Langue<\/strong><br \/>Ce menu permet de modifier la langue du syst\u00e8me.<\/td>\n<\/tr>\n<tr class=\"row-3\">\n\t<td class=\"column-1\"><img decoding=\"async\" src=\"\/v3\/images\/cni2\/configuration\/77.jpg\" alt=\"\" \/><\/td><td class=\"column-2\"><strong>UNITES<\/strong><br \/>Permet de changer les unit\u00e9s utilis\u00e9es par le syst\u00e8me.<\/td>\n<\/tr>\n<tr class=\"row-4\">\n\t<td class=\"column-1\"><img decoding=\"async\" src=\"\/v3\/images\/cni2\/configuration\/78.jpg\" alt=\"\" \/><\/td><td class=\"column-2\"><strong>COULEUR JOUR \/ NUIT<\/strong><br \/>Ce menu permet de choisir quel mode de couleurs sera utilis\u00e9 par le syst\u00e8me. La couleur NUIT permet de ne pas fatiguer les yeux du conducteur. Il est conseiller de laisser en commutation automatique.<br \/><br \/>\r\nLa commutation se fait alors avec l'allumage des feux. <\/td>\n<\/tr>\n<tr class=\"row-5\">\n\t<td class=\"column-1\"><img decoding=\"async\" src=\"\/v3\/images\/cni2\/configuration\/79.jpg\" alt=\"\" \/><\/td><td class=\"column-2\"><strong>CONFIG. ECRAN<\/strong><br \/>On va pouvoir personnaliser chaque mode (JOUR\/NUIT).<\/td>\n<\/tr>\n<tr class=\"row-6\">\n\t<td class=\"column-1\"><img decoding=\"async\" src=\"\/v3\/images\/cni2\/configuration\/81.jpg\" alt=\"\" \/><\/td><td class=\"column-2\">Pour chaque \u00e9l\u00e9ment on peut s\u00e9lectionner soit des couleurs claires avec fort contraste (<strong>bleu<\/strong>) plut\u00f4t utilis\u00e9es pour la journ\u00e9e, soit des couleurs fonc\u00e9es avec faible contraste (<strong>bleu fonc\u00e9<\/strong>) plut\u00f4t utilis\u00e9es pour la nuit.<\/td>\n<\/tr>\n<tr class=\"row-7\">\n\t<td class=\"column-1\"><img decoding=\"async\" src=\"\/v3\/images\/cni2\/configuration\/82.jpg\" alt=\"\" \/><\/td><td class=\"column-2\"><strong>Barre d'\u00e9tat<\/strong><br \/>On choisit ce que l'on va mettre dans la barre inf\u00e9rieure: <strong>Le temps restant<\/strong> ou <strong>l'heure d'arriv\u00e9e estim\u00e9e<\/strong>.<\/td>\n<\/tr>\n<tr class=\"row-8\">\n\t<td class=\"column-1\"><img decoding=\"async\" src=\"\/v3\/images\/cni2\/configuration\/84.jpg\" alt=\"\" \/><\/td><td class=\"column-2\"><strong>Horloge<\/strong><br \/>\r\n    Le syst\u00e8me re\u00e7oit l'heure exacte gr\u00e2ce aux satellites mais on peut avoir besoin de jouer sur les <strong>fuseaux <strong>horaire<\/strong>,<br \/> le passage \u00e0 l'heure \u00e9t\u00e9\/hiver ou alors mettre un <strong>d\u00e9calage personnel<\/strong>.<\/td>\n<\/tr>\n<tr class=\"row-9\">\n\t<td class=\"column-1\"><img decoding=\"async\" src=\"\/v3\/images\/cni2\/configuration\/85.jpg\" alt=\"\" \/><\/td><td class=\"column-2\"><strong>Guidage vocal<\/strong> <br \/><strong>Messages vocaux<\/strong>: active ou non le guidage vocal<br \/><br \/>\r\n    <strong>Guidage d\u00e9taill\u00e9<\/strong>: rajoute des annonces suppl\u00e9mentaires pour chaque intersection.<\/td>\n<\/tr>\n<tr class=\"row-10\">\n\t<td class=\"column-1\"><img decoding=\"async\" src=\"\/v3\/images\/cni2\/configuration\/86.jpg\" alt=\"\" \/><\/td><td class=\"column-2\"><strong>Information syst\u00e8me<\/strong><br \/><strong>Diagnostic<\/strong>: voir ci-dessous.<br \/><strong>R\u00e9glage par d\u00e9faut<\/strong>: remet les r\u00e9glages usine du syst\u00e8me.<br \/><br \/>\r\n<strong>Configuration<\/strong>: donne les caract\u00e9ristiques du syst\u00e8me (versions...).<br \/><br \/>\r\n<strong>Correction vitesse<\/strong>: le syst\u00e8me calcule le temps comme si vous rouliez toujours exactement aux vitesses autoris\u00e9es (mais bon, essayez de rouler tout le temps \u00e0 50 dans Paris ou \u00e0 90 sur une route Corse, c'est pas \u00e9vident). Cette fonction permet donc de corriger votre vitesse moyenne par rapport aux limitations.<\/td>\n<\/tr>\n<tr class=\"row-11\">\n\t<td class=\"column-1\"><img decoding=\"async\" src=\"\/v3\/images\/cni2\/configuration\/87.jpg\" alt=\"\" \/><\/td><td class=\"column-2\">L\u00e0 on rentre dans le genre de menu o\u00f9 l'on regarde mais on ne touche <strong>PAS<\/strong> aux options. Le code pour rentrer est le <strong>4112<\/strong><\/td>\n<\/tr>\n<tr class=\"row-12\">\n\t<td class=\"column-1\"><img decoding=\"async\" src=\"\/v3\/images\/cni2\/configuration\/88.jpg\" alt=\"\" \/><\/td><td class=\"column-2\"><\/td>\n<\/tr>\n<tr class=\"row-13\">\n\t<td class=\"column-1\"><img decoding=\"async\" src=\"\/v3\/images\/cni2\/configuration\/89.jpg\" alt=\"\" \/><\/td><td class=\"column-2\"><\/td>\n<\/tr>\n<tr class=\"row-14\">\n\t<td class=\"column-1\"><img decoding=\"async\" src=\"\/v3\/images\/cni2\/configuration\/90.jpg\" alt=\"\" \/><\/td><td class=\"column-2\"><\/td>\n<\/tr>\n<tr class=\"row-15\">\n\t<td class=\"column-1\"><img decoding=\"async\" src=\"\/v3\/images\/cni2\/configuration\/91.jpg\" alt=\"\" \/><\/td><td class=\"column-2\">Cet \u00e9cran permet surtout de voir si toutes les liaisons avec les \u00e9l\u00e9ments sont OK.<\/td>\n<\/tr>\n<\/tbody>\n<\/table>\n<!-- #tablepress-31 from cache -->\n<\/div class=\"tableau\">\n&nbsp;<\/p>\n<!-- AddThis Advanced Settings generic via filter on the_content --><!-- AddThis Share Buttons generic via filter on the_content -->","protected":false},"excerpt":{"rendered":"<p>Voici une pr\u00e9sentation de l&rsquo;ensemble des param\u00e8tres que vous pouvez modifier pour que le syst\u00e8me r\u00e9ponde le mieux possible \u00e0 vos attentes. &nbsp; &nbsp;<!-- AddThis Advanced Settings generic via filter on get_the_excerpt --><!-- AddThis Share Buttons generic via filter on get_the_excerpt --><\/p>\n","protected":false},"author":1,"featured_media":0,"parent":420,"menu_order":5,"comment_status":"open","ping_status":"closed","template":"","meta":{"advanced_seo_description":"","jetpack_seo_html_title":"","jetpack_seo_noindex":false,"footnotes":""},"class_list":["post-436","page","type-page","status-publish","hentry"],"jetpack_sharing_enabled":true,"_links":{"self":[{"href":"https:\/\/www.gps-carminat.com\/v3\/wp-json\/wp\/v2\/pages\/436","targetHints":{"allow":["GET"]}}],"collection":[{"href":"https:\/\/www.gps-carminat.com\/v3\/wp-json\/wp\/v2\/pages"}],"about":[{"href":"https:\/\/www.gps-carminat.com\/v3\/wp-json\/wp\/v2\/types\/page"}],"author":[{"embeddable":true,"href":"https:\/\/www.gps-carminat.com\/v3\/wp-json\/wp\/v2\/users\/1"}],"replies":[{"embeddable":true,"href":"https:\/\/www.gps-carminat.com\/v3\/wp-json\/wp\/v2\/comments?post=436"}],"version-history":[{"count":0,"href":"https:\/\/www.gps-carminat.com\/v3\/wp-json\/wp\/v2\/pages\/436\/revisions"}],"up":[{"embeddable":true,"href":"https:\/\/www.gps-carminat.com\/v3\/wp-json\/wp\/v2\/pages\/420"}],"wp:attachment":[{"href":"https:\/\/www.gps-carminat.com\/v3\/wp-json\/wp\/v2\/media?parent=436"}],"curies":[{"name":"wp","href":"https:\/\/api.w.org\/{rel}","templated":true}]}}