{"id":459,"date":"2012-09-06T11:05:13","date_gmt":"2012-09-06T10:05:13","guid":{"rendered":"https:\/\/www.gps-carminat.com\/v3\/?page_id=459"},"modified":"2012-10-17T11:42:54","modified_gmt":"2012-10-17T09:42:54","slug":"affichages","status":"publish","type":"page","link":"https:\/\/www.gps-carminat.com\/v3\/carminat-navigation-communication\/affichages\/","title":{"rendered":"Affichages"},"content":{"rendered":"<p><img decoding=\"async\" src=\"\/v3\/images\/cnc\/affichage\/ffichage.png\" alt=\"\" \/><\/p>\n<p><em>L&rsquo;affichage du niveau de batterie du t\u00e9l\u00e9phone est seulement diponible sur l&rsquo;ITD2 et d\u00e9pend aussi du t\u00e9l\u00e9phone.<\/em><\/p>\n<p>&nbsp;<\/p>\n<div class=\"pubmain\">\n<script type=\"text\/javascript\"><!--\ngoogle_ad_client = \"ca-pub-6295180017562087\";\n\/* V3 *\/\ngoogle_ad_slot = \"8915205629\";\ngoogle_ad_width = 728;\ngoogle_ad_height = 90;\n\/\/-->\n<\/script><br \/>\n<script type=\"text\/javascript\"\nsrc=\"http:\/\/pagead2.googlesyndication.com\/pagead\/show_ads.js\">\n<\/script><\/div>\n<p>&nbsp;<\/p>\n<p>Avant de voir les diff\u00e9rentes possibilit\u00e9s d&rsquo;affichage de la carte, voyons succinctement quelques particularit\u00e9s qui on fait de ce syst\u00e8me, un \u00ab must \u00bb \u00e0 son \u00e9poque :<\/p>\n<h3>L&rsquo;affichage 3D dit \u00ab Birdview \u00bb<\/h3>\n<div><img decoding=\"async\" src=\"\/v3\/images\/cnc\/affichage\/carte2dmontstmichel.gif\" alt=\"\" \/><img decoding=\"async\" src=\"\/v3\/images\/cnc\/affichage\/carte3dmontstmichel.gif\" alt=\"\" \/><\/div>\n<div><img decoding=\"async\" src=\"\/v3\/images\/cnc\/affichage\/carte2dzoom1.gif\" alt=\"\" \/><img decoding=\"async\" src=\"\/v3\/images\/cnc\/affichage\/carte3dzoom1.gif\" alt=\"\" \/><\/div>\n<h3>L&rsquo;affichage des panneaux d&rsquo;autoroute<\/h3>\n<div><img decoding=\"async\" src=\"\/v3\/images\/cnc\/affichage\/chc91.panneauA11_2.jpg\" alt=\"\" \/><img decoding=\"async\" src=\"\/v3\/images\/cnc\/affichage\/chc91.panneauA11_2reel.jpg\" alt=\"\" \/><\/div>\n<p>Ce n&rsquo;est pas une repr\u00e9sentation standard pour toutes les sorties d&rsquo;autoroute, mais \u00e0 partir de la base de donn\u00e9es du DVD le syst\u00e8me nous fait une repr\u00e9sentation r\u00e9aliste de l&#8217;embrenchement: le nombre de voies, l&rsquo;environnement (ville, campagne, pont, tunnel). A l&rsquo;usage c&rsquo;est tr\u00e8s impressionnant.<\/p>\n<h3>L&rsquo;affichage du d\u00e9tail des intersections avec indicateur de distance<\/h3>\n<div><img decoding=\"async\" src=\"\/v3\/images\/cnc\/affichage\/indicdistance1.gif\" alt=\"\" \/><img decoding=\"async\" src=\"\/v3\/images\/cnc\/affichage\/indicdistance2.gif\" alt=\"\" \/><\/div>\n<p>&nbsp;<\/p>\n<div class=\"pubmain\">\n<script type=\"text\/javascript\"><!--\ngoogle_ad_client = \"ca-pub-6295180017562087\";\n\/* V3 *\/\ngoogle_ad_slot = \"8915205629\";\ngoogle_ad_width = 728;\ngoogle_ad_height = 90;\n\/\/-->\n<\/script><br \/>\n<script type=\"text\/javascript\"\nsrc=\"http:\/\/pagead2.googlesyndication.com\/pagead\/show_ads.js\">\n<\/script><\/div>\n<p>&nbsp;<\/p>\n<h3>Les diff\u00e9rents types d&rsquo;affichage pour la carte<\/h3>\n<p>Pour modifier l&rsquo;affichage il faut appuyer sur la molette du joystick, choisir\u00a0<strong>Type de carte<\/strong>\u00a0puis choisir l&rsquo;affichage d\u00e9sir\u00e9 :<\/p>\n<div><img decoding=\"async\" src=\"\/v3\/images\/cnc\/affichage\/menucarte0.gif\" alt=\"\" \/><img decoding=\"async\" src=\"\/v3\/images\/cnc\/affichage\/menucarte1.gif\" alt=\"\" \/><\/div>\n<p><strong>Affichage 2D jour\/nuit<\/strong><\/p>\n<div><img decoding=\"async\" src=\"\/v3\/images\/cnc\/affichage\/carte2djour.gif\" alt=\"\" \/><img decoding=\"async\" src=\"\/v3\/images\/cnc\/affichage\/carte2dnuit.gif\" alt=\"\" \/><\/div>\n<p><strong>Affichage 3D<\/strong><\/p>\n<div><img decoding=\"async\" src=\"\/v3\/images\/cnc\/affichage\/carte3djour.gif\" alt=\"\" \/><img decoding=\"async\" src=\"\/v3\/images\/cnc\/affichage\/carte3dnuit.gif\" alt=\"\" \/><\/div>\n<p><strong>Carte partag\u00e9e 2D\/2D<\/strong><\/p>\n<div><img decoding=\"async\" src=\"\/v3\/images\/cnc\/affichage\/carte2d2djour.gif\" alt=\"\" \/><img decoding=\"async\" src=\"\/v3\/images\/cnc\/affichage\/carte2d2dnuit.gif\" alt=\"\" \/><\/div>\n<p><strong>Carte partag\u00e9e 2D\/3D<\/strong><\/p>\n<div><img decoding=\"async\" src=\"\/v3\/images\/cnc\/affichage\/carte2d3djour.gif\" alt=\"\" \/><img decoding=\"async\" src=\"\/v3\/images\/cnc\/affichage\/carte2d3dnuit.gif\" alt=\"\" \/><\/div>\n<p>Il est encore possible de faire 3D\/3D et 3D\/2D. Absolument tout est param\u00e9trable, les 2 \u00e9crans \u00e9tant totalement ind\u00e9pendants. Celui de droite se configurant \u00e0 l&rsquo;aide du menu vu pr\u00e9c\u00e9dement, celui de gauche par contre se fait avec l&rsquo;option\u00a0<strong>carte gauche<\/strong>\u00a0du menu.<\/p>\n<div><img decoding=\"async\" src=\"\/v3\/images\/cnc\/affichage\/menucarte0.gif\" alt=\"\" \/><img decoding=\"async\" src=\"\/v3\/images\/cnc\/affichage\/menucartegauche0.gif\" alt=\"\" \/><\/div>\n<p>Personnelement (Just1) j&rsquo;aime bien \u00eatre en 2D\/3D<br \/>\n* 2D (zoom large, carte orient\u00e9e vers le nord pour la vue d&rsquo;ensemble notamment pour le trafic)<br \/>\n* 3D (zoom rapproch\u00e9, carte orient\u00e9e par le v\u00e9hicule pour une meilleure orientation)<br \/>\nLa 3D \u00e0 droite pour qu&rsquo;elle ne soit pas masqu\u00e9e par les \u00e9crans d&rsquo;intersection.<\/p>\n<p>Par contre sur l&rsquo;autoroute c&rsquo;est en 2D zoom large.<\/p>\n<h2>Vid\u00e9o<\/h2>\n<p>&nbsp;<br \/>\n<iframe loading=\"lazy\" frameborder=\"0\" width=\"560\" height=\"418\" src=\"http:\/\/www.dailymotion.com\/embed\/video\/xtclxh\"><\/iframe><br \/><a href=\"http:\/\/www.dailymotion.com\/video\/xtclxh_performance-graphique-carminat-navigation-communication_auto\" target=\"_blank\">Performance graphique Carminat Navigation&#8230;<\/a> <i>par <a href=\"http:\/\/www.dailymotion.com\/GPS-Carminat\" target=\"_blank\">GPS-Carminat<\/a><\/i><\/p>\n<!-- AddThis Advanced Settings generic via filter on the_content --><!-- AddThis Share Buttons generic via filter on the_content -->","protected":false},"excerpt":{"rendered":"<p>L&rsquo;affichage du niveau de batterie du t\u00e9l\u00e9phone est seulement diponible sur l&rsquo;ITD2 et d\u00e9pend aussi du t\u00e9l\u00e9phone. &nbsp; &nbsp; Avant de voir les diff\u00e9rentes possibilit\u00e9s d&rsquo;affichage de la carte, voyons succinctement quelques particularit\u00e9s qui on fait de ce syst\u00e8me, un &hellip; <a href=\"https:\/\/www.gps-carminat.com\/v3\/carminat-navigation-communication\/affichages\/\">Continuer la lecture <span class=\"meta-nav\">&rarr;<\/span><\/a><!-- AddThis Advanced Settings generic via filter on get_the_excerpt --><!-- AddThis Share Buttons generic via filter on get_the_excerpt --><\/p>\n","protected":false},"author":1,"featured_media":0,"parent":455,"menu_order":2,"comment_status":"open","ping_status":"open","template":"","meta":{"advanced_seo_description":"","jetpack_seo_html_title":"","jetpack_seo_noindex":false,"footnotes":""},"class_list":["post-459","page","type-page","status-publish","hentry"],"jetpack_sharing_enabled":true,"_links":{"self":[{"href":"https:\/\/www.gps-carminat.com\/v3\/wp-json\/wp\/v2\/pages\/459","targetHints":{"allow":["GET"]}}],"collection":[{"href":"https:\/\/www.gps-carminat.com\/v3\/wp-json\/wp\/v2\/pages"}],"about":[{"href":"https:\/\/www.gps-carminat.com\/v3\/wp-json\/wp\/v2\/types\/page"}],"author":[{"embeddable":true,"href":"https:\/\/www.gps-carminat.com\/v3\/wp-json\/wp\/v2\/users\/1"}],"replies":[{"embeddable":true,"href":"https:\/\/www.gps-carminat.com\/v3\/wp-json\/wp\/v2\/comments?post=459"}],"version-history":[{"count":0,"href":"https:\/\/www.gps-carminat.com\/v3\/wp-json\/wp\/v2\/pages\/459\/revisions"}],"up":[{"embeddable":true,"href":"https:\/\/www.gps-carminat.com\/v3\/wp-json\/wp\/v2\/pages\/455"}],"wp:attachment":[{"href":"https:\/\/www.gps-carminat.com\/v3\/wp-json\/wp\/v2\/media?parent=459"}],"curies":[{"name":"wp","href":"https:\/\/api.w.org\/{rel}","templated":true}]}}