{"id":471,"date":"2012-09-06T11:58:40","date_gmt":"2012-09-06T10:58:40","guid":{"rendered":"https:\/\/www.gps-carminat.com\/v3\/?page_id=471"},"modified":"2017-06-27T13:01:41","modified_gmt":"2017-06-27T11:01:41","slug":"lancer-un-guidage","status":"publish","type":"page","link":"https:\/\/www.gps-carminat.com\/v3\/carminat-navigation-communication\/navigation\/lancer-un-guidage\/","title":{"rendered":"Lancer un guidage"},"content":{"rendered":"<p>Nous allons ici voir comment lancer un guidage vers une destination.<\/p>\n<p>&nbsp;<\/p>\n<div class=\"pubmain\"><script type=\"text\/javascript\"><!-- google_ad_client = \"ca-pub-6295180017562087\"; \/* V3 *\/ google_ad_slot = \"8915205629\"; google_ad_width = 728; google_ad_height = 90; \/\/-->\n<\/script><br \/>\n<script type=\"text\/javascript\" src=\"http:\/\/pagead2.googlesyndication.com\/pagead\/show_ads.js\">\n<\/script><\/div>\n<p>&nbsp;<\/p>\n<div class=\"tableau\">\n\n<table id=\"tablepress-34\" class=\"tablepress tablepress-id-34\">\n<tbody>\n<tr class=\"row-1\">\n\t<td class=\"column-1\"><img decoding=\"async\" src=\"\/v3\/images\/cnc\/guidage\/Key_Dest.gif\" alt=\"\" \/><\/td><td class=\"column-2\">S\u00e9lectionner le menu <strong>DEST <\/strong>en appuyant sur la touche correspondante du joystick<\/td>\n<\/tr>\n<tr class=\"row-2\">\n\t<td class=\"column-1\"><img decoding=\"async\" src=\"\/v3\/images\/cnc\/guidage\/dest1.gif\" alt=\"\" \/><\/td><td class=\"column-2\">S\u00e9lectionner <strong>Adresse<\/strong><br \/><br \/>\r\nValider en appuyant sur le joystick.<\/td>\n<\/tr>\n<tr class=\"row-3\">\n\t<td class=\"column-1\"><img decoding=\"async\" src=\"\/v3\/images\/cnc\/guidage\/dest3.gif\" alt=\"\" \/><\/td><td class=\"column-2\">L'\u00e9cran de saisie d'adresse appara\u00eet.<br \/>\r\nPour saisir il suffit de naviguer \u00e0 l'aide du joystick en le dirigeant de haut en bas et de droite \u00e0 gauche (pour les mouvement lat\u00e9raux il est \u00e9galement possible de tourner la molette).<\/td>\n<\/tr>\n<tr class=\"row-4\">\n\t<td class=\"column-1\"><img decoding=\"async\" src=\"\/v3\/images\/cnc\/guidage\/dest4.gif\" alt=\"\" \/><\/td><td class=\"column-2\">Il y a une aide \u00e0 la saisie en fonction du nombre de possibilit\u00e9s offertes. Ici d\u00e8s que AMBOI est saisi il n'y a que AMBOISE comme possibilit\u00e9 et le syst\u00e8me le propose. Pour la rue avec CHAT, il y a 5 (le chiffre \u00e0 c\u00f4t\u00e9) possibilit\u00e9s que le syst\u00e8me propose et il suffit de choisir avec le joystick.<\/td>\n<\/tr>\n<tr class=\"row-5\">\n\t<td class=\"column-1\"><img decoding=\"async\" src=\"\/v3\/images\/cnc\/guidage\/dest5.gif\" alt=\"\" \/><\/td><td class=\"column-2\">Apr\u00e8s avoir renseign\u00e9 :<br \/><br \/>\r\n    * Le pays<br \/><br \/>\r\n    * La ville<br \/><br \/>\r\n    * La rue<br \/>Il reste \u00e0 entrer le num\u00e9ro de la rue s'il est accessible<br \/><br \/>\r\nEnsuite il faut valider la saisie de l'adresse en cliquant sur OK \/ liste avec le bouton du joystick.<\/td>\n<\/tr>\n<tr class=\"row-6\">\n\t<td class=\"column-1\"><img decoding=\"async\" src=\"\/v3\/images\/cnc\/guidage\/dest6.gif\" alt=\"\" \/><\/td><td class=\"column-2\"><\/td>\n<\/tr>\n<tr class=\"row-7\">\n\t<td class=\"column-1\"><img decoding=\"async\" src=\"\/v3\/images\/cnc\/guidage\/dest7.gif\" alt=\"\" \/><\/td><td class=\"column-2\"><\/td>\n<\/tr>\n<tr class=\"row-8\">\n\t<td class=\"column-1\"><img decoding=\"async\" src=\"\/v3\/images\/cnc\/guidage\/dest8.gif\" alt=\"\" \/><\/td><td class=\"column-2\">A ce stade il est encore possible de modifier la destination :<br \/><br \/>\r\nS\u00e9lectionner <strong>Modif.position<\/strong> puis parcourir la carte \u00e0 l'aide du joystick.<\/td>\n<\/tr>\n<tr class=\"row-9\">\n\t<td class=\"column-1\"><img decoding=\"async\" src=\"\/v3\/images\/cnc\/guidage\/dest9a.gif\" alt=\"\" \/><\/td><td class=\"column-2\"><\/td>\n<\/tr>\n<tr class=\"row-10\">\n\t<td class=\"column-1\"><img decoding=\"async\" src=\"\/v3\/images\/cnc\/guidage\/dest9b.gif\" alt=\"\" \/><\/td><td class=\"column-2\">Lorsque la position est trouv\u00e9e, la valider en cliquant avec le joystick pour revenir \u00e0 l'\u00e9cran de validation de l'adresse.<\/td>\n<\/tr>\n<tr class=\"row-11\">\n\t<td class=\"column-1\"><img decoding=\"async\" src=\"\/v3\/images\/cnc\/guidage\/dest9c.gif\" alt=\"\" \/><\/td><td class=\"column-2\">Presser<strong> OK<\/strong> pour valider.<br \/><br \/>\r\nOn obtient l'\u00e9cran suivant:<\/td>\n<\/tr>\n<tr class=\"row-12\">\n\t<td class=\"column-1\">img src=\"\/v3\/images\/cnc\/guidage\/dest9d.gif\" alt=\"\" \/><\/td><td class=\"column-2\"><\/td>\n<\/tr>\n<tr class=\"row-13\">\n\t<td class=\"column-1\"><img decoding=\"async\" src=\"\/v3\/images\/cnc\/guidage\/dest10.gif\" alt=\"\" \/><\/td><td class=\"column-2\">On arrive ensuite sur l'\u00e9cran de calcul d'itin\u00e9raire qui offre plusieurs<br \/>\r\nchoix :<br \/><br \/>\r\n    * Lancer le guidage (<strong>D\u00e9part<\/strong>)<br \/><br \/>\r\n    * Choisir le type d'itin\u00e9raires (<strong>Autres itin.<\/strong>)<br \/><br \/>\r\n    * De visualiser l'itin\u00e9raire (<strong>Info itin.<\/strong>)<br \/><br \/>\r\n    * De d\u00e9finir des \u00e9tapes sur le trajet (<strong>Etape<\/strong>)<\/td>\n<\/tr>\n<tr class=\"row-14\">\n\t<td class=\"column-1\"><img decoding=\"async\" src=\"\/v3\/images\/cnc\/guidage\/dest11.gif\" alt=\"\" \/><\/td><td class=\"column-2\">Ici l'\u00e9cran <strong>Autres itin.<\/strong> permet de modifier les param\u00e8tres de guidage, en tournant la molette on laisse apara\u00eetre sur la carte les diff\u00e9rents trajets dans diff\u00e9rentes couleurs.<\/td>\n<\/tr>\n<tr class=\"row-15\">\n\t<td class=\"column-1\"><img decoding=\"async\" src=\"\/v3\/images\/cnc\/guidage\/dest12.gif\" alt=\"\" \/><\/td><td class=\"column-2\">L'\u00e9cran <strong>Info itin.<\/strong> offre 2 options :<br \/><br \/>\r\n<br \/>\r\n    * De voir la feuille de route avec chaque changement de direction (<strong>Visualisat.<\/strong>)<br \/><br \/>\r\n    * De simuler le trajet, on voit alors le v\u00e9hicule se d\u00e9placer tout seul sur la carte (<strong>Simulation<\/strong>).<\/td>\n<\/tr>\n<\/tbody>\n<\/table>\n<!-- #tablepress-34 from cache -->\n<\/div>\n<p>&nbsp;<\/p>\n<div class=\"pubmain\"><script type=\"text\/javascript\"><!-- google_ad_client = \"ca-pub-6295180017562087\"; \/* V3 *\/ google_ad_slot = \"8915205629\"; google_ad_width = 728; google_ad_height = 90; \/\/-->\n<\/script><br \/>\n<script type=\"text\/javascript\" src=\"http:\/\/pagead2.googlesyndication.com\/pagead\/show_ads.js\">\n<\/script><\/div>\n<p>&nbsp;<\/p>\n<h2>Vid\u00e9o<\/h2>\n<p>Comme on peut le voir, sur cette vid\u00e9o, le calcul est tr\u00e8s rapide mais surtout ce n&rsquo;est pas 1 mais 3 itin\u00e9raires diff\u00e9rents que le syst\u00e8me calcule en moins de 5 secondes!! Lorsqu&rsquo;on s\u00e9lectionne un itin\u00e9raire, l&rsquo;heure estim\u00e9e d&rsquo;arriv\u00e9e et le nombre de kilom\u00e8tres s&rsquo;affichent en bas.<\/p>\n<p><iframe loading=\"lazy\" src=\"http:\/\/www.dailymotion.com\/embed\/video\/xtcn2g?syndication=244253\" width=\"560\" height=\"422\" frameborder=\"0\"><\/iframe><br \/>\n<a href=\"http:\/\/www.dailymotion.com\/video\/xtcn2g_lancer-un-guidage-carminat-navigation-communication_auto\" target=\"_blank\" rel=\"noopener noreferrer\">Lancer un guidage Carminat Navigation&#8230;<\/a> <i>par <a href=\"http:\/\/www.dailymotion.com\/GPS-Carminat\" target=\"_blank\" rel=\"noopener noreferrer\">GPS-Carminat<\/a><\/i><\/p>\n<!-- AddThis Advanced Settings generic via filter on the_content --><!-- AddThis Share Buttons generic via filter on the_content -->","protected":false},"excerpt":{"rendered":"<p>Nous allons ici voir comment lancer un guidage vers une destination. &nbsp; &nbsp; &nbsp; &nbsp; Vid\u00e9o Comme on peut le voir, sur cette vid\u00e9o, le calcul est tr\u00e8s rapide mais surtout ce n&rsquo;est pas 1 mais 3 itin\u00e9raires diff\u00e9rents que &hellip; <a href=\"https:\/\/www.gps-carminat.com\/v3\/carminat-navigation-communication\/navigation\/lancer-un-guidage\/\">Continuer la lecture <span class=\"meta-nav\">&rarr;<\/span><\/a><!-- AddThis Advanced Settings generic via filter on get_the_excerpt --><!-- AddThis Share Buttons generic via filter on get_the_excerpt --><\/p>\n","protected":false},"author":1,"featured_media":0,"parent":469,"menu_order":1,"comment_status":"open","ping_status":"open","template":"","meta":{"advanced_seo_description":"","jetpack_seo_html_title":"","jetpack_seo_noindex":false,"footnotes":""},"class_list":["post-471","page","type-page","status-publish","hentry"],"jetpack_sharing_enabled":true,"_links":{"self":[{"href":"https:\/\/www.gps-carminat.com\/v3\/wp-json\/wp\/v2\/pages\/471","targetHints":{"allow":["GET"]}}],"collection":[{"href":"https:\/\/www.gps-carminat.com\/v3\/wp-json\/wp\/v2\/pages"}],"about":[{"href":"https:\/\/www.gps-carminat.com\/v3\/wp-json\/wp\/v2\/types\/page"}],"author":[{"embeddable":true,"href":"https:\/\/www.gps-carminat.com\/v3\/wp-json\/wp\/v2\/users\/1"}],"replies":[{"embeddable":true,"href":"https:\/\/www.gps-carminat.com\/v3\/wp-json\/wp\/v2\/comments?post=471"}],"version-history":[{"count":0,"href":"https:\/\/www.gps-carminat.com\/v3\/wp-json\/wp\/v2\/pages\/471\/revisions"}],"up":[{"embeddable":true,"href":"https:\/\/www.gps-carminat.com\/v3\/wp-json\/wp\/v2\/pages\/469"}],"wp:attachment":[{"href":"https:\/\/www.gps-carminat.com\/v3\/wp-json\/wp\/v2\/media?parent=471"}],"curies":[{"name":"wp","href":"https:\/\/api.w.org\/{rel}","templated":true}]}}