{"id":479,"date":"2012-09-06T12:06:11","date_gmt":"2012-09-06T11:06:11","guid":{"rendered":"https:\/\/www.gps-carminat.com\/v3\/?page_id=479"},"modified":"2012-10-17T11:43:15","modified_gmt":"2012-10-17T09:43:15","slug":"info-trafic-2","status":"publish","type":"page","link":"https:\/\/www.gps-carminat.com\/v3\/carminat-navigation-communication\/navigation\/info-trafic-2\/","title":{"rendered":"Info Trafic"},"content":{"rendered":"<p>Les GPS Carminat Renault disposent d&rsquo;une fonction fort int\u00e9ressante qui est l&rsquo;info trafic. Il est bas\u00e9 sur la diffusion par les ondes FM des informations\u00a0<strong>TMC<\/strong>\u00a0(Traffic Message Channel). Cela va permettre entre autres d&rsquo;\u00e9viter les embouteillages s&rsquo;ils sont sur l&rsquo;itineraire.<br \/>\n&nbsp;<\/p>\n<div class=\"pubmain\">\n<script type=\"text\/javascript\"><!--\ngoogle_ad_client = \"ca-pub-6295180017562087\";\n\/* V3 *\/\ngoogle_ad_slot = \"8915205629\";\ngoogle_ad_width = 728;\ngoogle_ad_height = 90;\n\/\/-->\n<\/script><br \/>\n<script type=\"text\/javascript\"\nsrc=\"http:\/\/pagead2.googlesyndication.com\/pagead\/show_ads.js\">\n<\/script><\/div>\n<p>&nbsp;<br \/>\n\n<table id=\"tablepress-36\" class=\"tablepress tablepress-id-36\">\n<tbody>\n<tr class=\"row-1\">\n\t<td class=\"column-1\"><img decoding=\"async\" src=\"\/v3\/images\/cnc\/infotrafic\/chc91.tmc02.jpg\" alt=\"\" \/><\/td><td class=\"column-2\">  Si une perturbation se trouve sur le trajet, appara\u00eet alors cet \u00e9cran.<br \/><br \/>\r\nOn y voit d'abord la nature de la perturbation (ici un accident) ainsi que sa distance.<br \/>\r\nLe syst\u00e8me propose alors un d\u00e9tour qui est symbolis\u00e9 en violet sur la carte, ainsi que la diff\u00e9rence de distance et de dur\u00e9e par rapport au trajet actuellement suivi.<br \/><br \/>\r\nOn accepte le d\u00e9tour en appuyant sur le joystick.<br \/><br \/>\r\nOn le refuse en appuyant sur la touche <strong>BACK<\/strong>.<br \/><br \/>\r\n<span class=\"Style1\">Voir en bas de la page pour les am\u00e9liorations apport\u00e9es par l'ITD2.<\/span><\/td>\n<\/tr>\n<tr class=\"row-2\">\n\t<td class=\"column-1\"><img decoding=\"async\" src=\"\/v3\/images\/cnc\/infotrafic\/keyinfoxm4 copie.gif\" alt=\"\" \/><\/td><td class=\"column-2\">Pas besoin d'\u00eatre en guidage pour b\u00e9nificier de l'info trafic.<br \/><br \/>\r\nSur la carte s'affiche en permanance les perturbations (toutes en rouge<br \/>\r\nsans guidage, seulement en rouge celles \u00e9tant sur l'itin\u00e9raire lors d'un<br \/>\r\nguidage. Pour voir l'\u00e9tendue de la perturbation il faut regarder les fl\u00e8ches jaunes qui longent les routes. Sinon on peut appuyer sur la touche <strong>INFO<\/strong><br \/>\r\n<\/td>\n<\/tr>\n<tr class=\"row-3\">\n\t<td class=\"column-1\"><img decoding=\"async\" src=\"\/v3\/images\/cnc\/infotrafic\/chc91.tmc09.jpg\" alt=\".\" \/><\/td><td class=\"column-2\">S\u00e9lectionner <strong>Informations Traffic (TMC)<\/strong>.<br \/>\r\n<\/td>\n<\/tr>\n<tr class=\"row-4\">\n\t<td class=\"column-1\"><img decoding=\"async\" src=\"\/v3\/images\/cnc\/infotrafic\/chc91.tmc10.jpg\" alt=\"\" \/><\/td><td class=\"column-2\">Puis <strong>Info trafic \u00e0 proximit\u00e9<\/strong>.<\/td>\n<\/tr>\n<tr class=\"row-5\">\n\t<td class=\"column-1\"><img decoding=\"async\" src=\"\/v3\/images\/cnc\/infotrafic\/chc91.tmc14.jpg\" alt=\"\" \/><\/td><td class=\"column-2\">On a ici la liste des perturbations \u00e0 proximit\u00e9.<\/td>\n<\/tr>\n<tr class=\"row-6\">\n\t<td class=\"column-1\"><img decoding=\"async\" src=\"\/v3\/images\/cnc\/infotrafic\/chc91.tmc15.jpg\" alt=\"\" \/><\/td><td class=\"column-2\">Si on en s\u00e9lectionne une on obtient sa description pr\u00e9cise.<\/td>\n<\/tr>\n<tr class=\"row-7\">\n\t<td class=\"column-1\"><img decoding=\"async\" src=\"\/v3\/images\/cnc\/infotrafic\/chc91.tmc11.jpg\" alt=\"\" \/><\/td><td class=\"column-2\">Dans le menu <strong>R\u00e9glages Infos Trafic<\/strong> on peut d'abord<br \/>\r\nchoisir d'activer ou non cette fonction (activ\u00e9e par d\u00e9fault)<br \/>\r\nmais aussi de s\u00e9lectionner les messages que l'on souhaite avoir avec le menu <strong>Types d'infos trafic \u00e0 afficher<\/strong>.<br \/>\r\n<\/td>\n<\/tr>\n<tr class=\"row-8\">\n\t<td class=\"column-1\"><img decoding=\"async\" src=\"\/v3\/images\/cnc\/infotrafic\/chc91.tmc12.jpg\" alt=\"\" \/><\/td><td class=\"column-2\">&nbsp;<\/td>\n<\/tr>\n<\/tbody>\n<\/table>\n<\/p>\n<p>&nbsp;<\/p>\n<div class=\"pubmain\">\n<script type=\"text\/javascript\"><!--\ngoogle_ad_client = \"ca-pub-6295180017562087\";\n\/* V3 *\/\ngoogle_ad_slot = \"8915205629\";\ngoogle_ad_width = 728;\ngoogle_ad_height = 90;\n\/\/-->\n<\/script><br \/>\n<script type=\"text\/javascript\"\nsrc=\"http:\/\/pagead2.googlesyndication.com\/pagead\/show_ads.js\">\n<\/script><\/div>\n<p>&nbsp;<\/p>\n<h3>Evolutions de l&rsquo;info trafic avec l&rsquo;ITD2<\/h3>\n<p align=\"justify\">Il y a eu des remaniements dans la gestion du syst\u00e8me des messages\u00a0<strong>TMC<\/strong>. En voici une liste:<\/p>\n<ul>\n<li>Prise en compte des embouteillages pour le calcul du temps de parcours. La norme\u00a0<strong>TMC<\/strong>\u00a0ne permet pas l&rsquo;envoi de ce genre d&rsquo;information, alors pour r\u00e9pondre aux demandes des clients, les ing\u00e9nieurs ont rajout\u00e9 dans le syst\u00e8me une estimation de la vitesse pour chaque type d&rsquo;incidents. Le syst\u00e8me peut ainsi estimer le gain de temps de fa\u00e7on plus pr\u00e9cise et plus proche de la r\u00e9alit\u00e9 lors de la proposition d&rsquo;itin\u00e9raire de secours.<\/li>\n<li>Un filtre a \u00e9t\u00e9 mis en place notamment l&rsquo;Ile de France iafin de ne pas proposer des d\u00e9tours tout le temps.<\/li>\n<li>Lorsqu&rsquo;on se d\u00e9place sur la carte, les longueurs de toutes les perturbations clignotent.<\/li>\n<\/ul>\n<!-- AddThis Advanced Settings generic via filter on the_content --><!-- AddThis Share Buttons generic via filter on the_content -->","protected":false},"excerpt":{"rendered":"<p>Les GPS Carminat Renault disposent d&rsquo;une fonction fort int\u00e9ressante qui est l&rsquo;info trafic. Il est bas\u00e9 sur la diffusion par les ondes FM des informations\u00a0TMC\u00a0(Traffic Message Channel). Cela va permettre entre autres d&rsquo;\u00e9viter les embouteillages s&rsquo;ils sont sur l&rsquo;itineraire. &nbsp; &hellip; <a href=\"https:\/\/www.gps-carminat.com\/v3\/carminat-navigation-communication\/navigation\/info-trafic-2\/\">Continuer la lecture <span class=\"meta-nav\">&rarr;<\/span><\/a><!-- AddThis Advanced Settings generic via filter on get_the_excerpt --><!-- AddThis Share Buttons generic via filter on get_the_excerpt --><\/p>\n","protected":false},"author":1,"featured_media":0,"parent":469,"menu_order":3,"comment_status":"open","ping_status":"open","template":"","meta":{"advanced_seo_description":"","jetpack_seo_html_title":"","jetpack_seo_noindex":false,"footnotes":""},"class_list":["post-479","page","type-page","status-publish","hentry"],"jetpack_sharing_enabled":true,"_links":{"self":[{"href":"https:\/\/www.gps-carminat.com\/v3\/wp-json\/wp\/v2\/pages\/479","targetHints":{"allow":["GET"]}}],"collection":[{"href":"https:\/\/www.gps-carminat.com\/v3\/wp-json\/wp\/v2\/pages"}],"about":[{"href":"https:\/\/www.gps-carminat.com\/v3\/wp-json\/wp\/v2\/types\/page"}],"author":[{"embeddable":true,"href":"https:\/\/www.gps-carminat.com\/v3\/wp-json\/wp\/v2\/users\/1"}],"replies":[{"embeddable":true,"href":"https:\/\/www.gps-carminat.com\/v3\/wp-json\/wp\/v2\/comments?post=479"}],"version-history":[{"count":0,"href":"https:\/\/www.gps-carminat.com\/v3\/wp-json\/wp\/v2\/pages\/479\/revisions"}],"up":[{"embeddable":true,"href":"https:\/\/www.gps-carminat.com\/v3\/wp-json\/wp\/v2\/pages\/469"}],"wp:attachment":[{"href":"https:\/\/www.gps-carminat.com\/v3\/wp-json\/wp\/v2\/media?parent=479"}],"curies":[{"name":"wp","href":"https:\/\/api.w.org\/{rel}","templated":true}]}}