{"id":499,"date":"2012-09-06T13:43:04","date_gmt":"2012-09-06T12:43:04","guid":{"rendered":"https:\/\/www.gps-carminat.com\/v3\/?page_id=499"},"modified":"2015-02-26T16:09:50","modified_gmt":"2015-02-26T15:09:50","slug":"carnet-dadresses","status":"publish","type":"page","link":"https:\/\/www.gps-carminat.com\/v3\/carminat-navigation-communication\/carnet-dadresses\/","title":{"rendered":"Carnet d&rsquo;adresses"},"content":{"rendered":"<p>&nbsp;<\/p>\n<div class=\"pubmain\">\n<script type=\"text\/javascript\"><!--\ngoogle_ad_client = \"ca-pub-6295180017562087\";\n\/* V3 *\/\ngoogle_ad_slot = \"8915205629\";\ngoogle_ad_width = 728;\ngoogle_ad_height = 90;\n\/\/-->\n<\/script><br \/>\n<script type=\"text\/javascript\"\nsrc=\"http:\/\/pagead2.googlesyndication.com\/pagead\/show_ads.js\">\n<\/script><\/div>\n<p>&nbsp;<\/p>\n\n<table id=\"tablepress-39\" class=\"tablepress tablepress-id-39\">\n<tbody>\n<tr class=\"row-1\">\n\t<td class=\"column-1\"><img decoding=\"async\" src=\"\/v3\/images\/cnc\/carnet\/chc91.carnet1.jpg\" alt=\"\" \/><\/td><td class=\"column-2\">Il permet de m\u00e9moriser jusqu \u2018\u00e0 100 destinations diff\u00e9rentes .<br \/>\r\nNormalement le carnet d\u2019adresses se compl\u00e8te \u00e0 partir du Menu <strong>SET<\/strong><br \/>\r\nOn peut aussi m\u00e9moriser l\u2019adresse programm\u00e9e \u00e0 partir du Menu <strong>DESTINATION<\/strong> dans le carnet d\u2019adresses.<br \/>\r\nIl faudra ensuite revenir au Menu SET pour y ajouter les fonctionnalit\u00e9s suppl\u00e9mentaires.<br \/>\r\n<\/td>\n<\/tr>\n<tr class=\"row-2\">\n\t<td class=\"column-1\"><img decoding=\"async\" src=\"\/v3\/images\/cnc\/carnet\/chc91.carnet10.jpg\" alt=\"\" \/><\/td><td class=\"column-2\">&nbsp;<\/td>\n<\/tr>\n<tr class=\"row-3\">\n\t<td class=\"column-1\"><img decoding=\"async\" src=\"\/v3\/images\/cnc\/carnet\/chc91.carnet2.jpg\" alt=\"\" \/><\/td><td class=\"column-2\">&nbsp;<\/td>\n<\/tr>\n<tr class=\"row-4\">\n\t<td class=\"column-1\"><img decoding=\"async\" src=\"\/v3\/images\/cnc\/carnet\/chc91.carnet3.jpg\" alt=\"\" \/><\/td><td class=\"column-2\">&nbsp;<\/td>\n<\/tr>\n<tr class=\"row-5\">\n\t<td class=\"column-1\"><img decoding=\"async\" src=\"\/v3\/images\/cnc\/carnet\/chc91.carnet4.jpg\" alt=\"\" \/><\/td><td class=\"column-2\">Les entr\u00e9es dans le carnet peuvent se faire de la m\u00eame mani\u00e8re que le choix de la destination :<br \/><br \/>\r\n<br \/>\r\n- sur la carte<br \/><br \/>\r\n- POI.<br \/><br \/>\r\n- en entrant l\u2019adresse (Pays, ville, rue, num\u00e9ro\u2026)<br \/><br \/>\r\n- Destination pr\u00e9c\u00e9dente<br \/><br \/>\r\n- Point de d\u00e9part pr\u00e9c\u00e9dent<br \/><br \/>\r\n- Entr\u00e9e\/Sortie d\u2019autoroute<br \/><br \/>\r\n- Intersection<br \/><br \/>\r\n- Centre Ville<br \/><br \/>\r\n<br \/>\r\n<\/td>\n<\/tr>\n<tr class=\"row-6\">\n\t<td class=\"column-1\"><img decoding=\"async\" src=\"\/v3\/images\/cnc\/carnet\/chc91.carnet5.jpg\" alt=\"\" \/><\/td><td class=\"column-2\">Nous nous focaliserons sur l\u2019entr\u00e9e sur les options suppl\u00e9mentaires du Carnet d\u2019adresses.<br \/>\r\nEn effet, une fois entr\u00e9e, l\u2019adresse peut \u00eatre \u00e9dit\u00e9e. <\/td>\n<\/tr>\n<tr class=\"row-7\">\n\t<td class=\"column-1\"><img decoding=\"async\" src=\"\/v3\/images\/cnc\/carnet\/chc91.carnet6.jpg\" alt=\"\" \/><\/td><td class=\"column-2\">L\u2019\u00e9dition se compose de 10 options :<br \/><br \/>\r\n- Ic\u00f4ne sur carte (affiche en permanence l\u2019ic\u00f4ne sur la carte)<br \/><br \/>\r\n- Nom (identification)<br \/><br \/>\r\n- Rep\u00e8re vocal (comme indiqu\u00e9, permet la s\u00e9lection vocale ult\u00e9rieure)<br \/><br \/>\r\n<br \/>\r\n<\/td>\n<\/tr>\n<tr class=\"row-8\">\n\t<td class=\"column-1\"><img decoding=\"async\" src=\"\/v3\/images\/cnc\/carnet\/chc91.carnet7.jpg\" alt=\"\" \/><\/td><td class=\"column-2\">- Ic\u00f4ne (choix de l\u2019ic\u00f4ne parmi 50)<br \/><br \/>\r\n- Son (d\u00e9finit le son d\u2019identification lors du passage \u00e0 proximit\u00e9)<br \/><br \/>\r\n- Direction (direction depuis laquelle le son se d\u00e9clanchera)<br \/><br \/>\r\n- Distance (distance \u00e0 laquelle le son se d\u00e9clanchera dans la direction d\u00e9termin\u00e9e)<br \/><br \/>\r\n<br \/>\r\n<br \/>\r\n<\/td>\n<\/tr>\n<tr class=\"row-9\">\n\t<td class=\"column-1\"><img decoding=\"async\" src=\"\/v3\/images\/cnc\/carnet\/chc91.carnet8.jpg\" alt=\"\" \/><\/td><td class=\"column-2\">- Num\u00e9ro de t\u00e9l\u00e9phone (OK mais ne sert \u00e0 rien)<br \/><br \/>\r\n- Groupe (comme son nom l\u2019indique)<br \/><br \/>\r\n- Num\u00e9ro d\u2019ordre (permet de choisir la place parmi les 100)<br \/> <\/td>\n<\/tr>\n<tr class=\"row-10\">\n\t<td class=\"column-1\"><img decoding=\"async\" src=\"\/v3\/images\/cnc\/carnet\/chc91.carnet9.jpg\" alt=\"\" \/><\/td><td class=\"column-2\">&nbsp;<\/td>\n<\/tr>\n<\/tbody>\n<\/table>\n\n<p>&nbsp;<\/p>\n<div class=\"pubmain\">\n<script type=\"text\/javascript\"><!--\ngoogle_ad_client = \"ca-pub-6295180017562087\";\n\/* V3 *\/\ngoogle_ad_slot = \"8915205629\";\ngoogle_ad_width = 728;\ngoogle_ad_height = 90;\n\/\/-->\n<\/script><br \/>\n<script type=\"text\/javascript\"\nsrc=\"http:\/\/pagead2.googlesyndication.com\/pagead\/show_ads.js\">\n<\/script><\/div>\n<p>&nbsp;<\/p>\n<p>J\u2019en vois d\u00e9j\u00e0 qui froncent les sourcils et qui se disent mais pourquoi tout \u00e7a ?<br \/>\nJuste pour faire bien et pour frimer devant les copains.<br \/>\n\u00c7a peut aussi (car je suis s\u00fbr que certains se le demandent !) servir \u00e0 positionner des radars.<\/p>\n<p>Bon passons \u00e0 la pratique.<\/p>\n<p>Admettons, ce qui est fort peu probable, que vous vouliez \u00eatre averti d\u2019un radar fixe particuli\u00e8rement vicieux ou pire encore d\u2019un endroit o\u00f9 \u00ab ils ont l\u2019habitude de se mettre avec un radar embarqu\u00e9 \u00bb.<\/p>\n<p>Vous connaissez l\u2019adresse, que vous saisissez et ensuite vous affinez le positionnement sur la carte.<br \/>\nVous indiquerez ensuite :<br \/>\n&#8211; Nom.<br \/>\n&#8211; Son.<br \/>\n&#8211; Direction d\u2019o\u00f9 vous voulez \u00eatre alert\u00e9, permet donc de d\u00e9finir le sens.<br \/>\n&#8211; Distance de la cible \u00e0 laquelle le son est \u00e9mis.<\/p>\n<p>Et voila le tour est jou\u00e9. Que vous ayez ou pas d\u00e9fini cette position comme destination, quand vous serez \u00e0 X m\u00e8tres d\u2019elle dans la direction d\u00e9termin\u00e9e, le son choisi sera \u00e9mis.<\/p>\n<p>Cela vous bloque une position du carnet d\u2019adresses, mais avouez que c\u2019est pas mal, dommage qu\u2019il n\u2019y ait que 100 adresses possibles.<br \/>\nBeaucoup plus utile, quand on passe \u00e0 c\u00f4t\u00e9 de chez des copains.<\/p>\n<h3>Am\u00e9lioration avec le ITD2<\/h3>\n<p>Avec la premi\u00e8re version on \u00e9tait oblig\u00e9 de passer par le menu\u00a0<strong>SET<\/strong>\u00a0pour modifier une entr\u00e9e du carnet d&rsquo;adresse. Avec l&rsquo;ITD2 on peut maintenant modifier les entr\u00e9es depuis le menu\u00a0<strong>DEST<\/strong>, ce qui est beaucoup plus intuitif.<\/p>\n<h2>Vid\u00e9o<\/h2>\n<p>Vid\u00e9o vous permettant de voir comment enregistrer un rep\u00e8re vocale et comment l&rsquo;utiliser pour lancer directement un guidage.<\/p>\n<p><iframe loading=\"lazy\" frameborder=\"0\" width=\"560\" height=\"418\" src=\"http:\/\/www.dailymotion.com\/embed\/video\/xtcniv?syndication=244253\"><\/iframe><br \/><a href=\"http:\/\/www.dailymotion.com\/video\/xtcniv_commande-vocale-carminat-navigation-communication_auto\" target=\"_blank\">Commande vocale Carminat Navigation Communication<\/a> <i>par <a href=\"http:\/\/www.dailymotion.com\/GPS-Carminat\" target=\"_blank\">GPS-Carminat<\/a><\/i><\/p>\n<!-- AddThis Advanced Settings generic via filter on the_content --><!-- AddThis Share Buttons generic via filter on the_content -->","protected":false},"excerpt":{"rendered":"<p>&nbsp; &nbsp; &nbsp; &nbsp; J\u2019en vois d\u00e9j\u00e0 qui froncent les sourcils et qui se disent mais pourquoi tout \u00e7a ? Juste pour faire bien et pour frimer devant les copains. \u00c7a peut aussi (car je suis s\u00fbr que certains se &hellip; <a href=\"https:\/\/www.gps-carminat.com\/v3\/carminat-navigation-communication\/carnet-dadresses\/\">Continuer la lecture <span class=\"meta-nav\">&rarr;<\/span><\/a><!-- AddThis Advanced Settings generic via filter on get_the_excerpt --><!-- AddThis Share Buttons generic via filter on get_the_excerpt --><\/p>\n","protected":false},"author":1,"featured_media":0,"parent":455,"menu_order":4,"comment_status":"open","ping_status":"open","template":"","meta":{"advanced_seo_description":"","jetpack_seo_html_title":"","jetpack_seo_noindex":false,"footnotes":""},"class_list":["post-499","page","type-page","status-publish","hentry"],"jetpack_sharing_enabled":true,"_links":{"self":[{"href":"https:\/\/www.gps-carminat.com\/v3\/wp-json\/wp\/v2\/pages\/499","targetHints":{"allow":["GET"]}}],"collection":[{"href":"https:\/\/www.gps-carminat.com\/v3\/wp-json\/wp\/v2\/pages"}],"about":[{"href":"https:\/\/www.gps-carminat.com\/v3\/wp-json\/wp\/v2\/types\/page"}],"author":[{"embeddable":true,"href":"https:\/\/www.gps-carminat.com\/v3\/wp-json\/wp\/v2\/users\/1"}],"replies":[{"embeddable":true,"href":"https:\/\/www.gps-carminat.com\/v3\/wp-json\/wp\/v2\/comments?post=499"}],"version-history":[{"count":0,"href":"https:\/\/www.gps-carminat.com\/v3\/wp-json\/wp\/v2\/pages\/499\/revisions"}],"up":[{"embeddable":true,"href":"https:\/\/www.gps-carminat.com\/v3\/wp-json\/wp\/v2\/pages\/455"}],"wp:attachment":[{"href":"https:\/\/www.gps-carminat.com\/v3\/wp-json\/wp\/v2\/media?parent=499"}],"curies":[{"name":"wp","href":"https:\/\/api.w.org\/{rel}","templated":true}]}}