{"id":501,"date":"2012-09-06T13:43:34","date_gmt":"2012-09-06T12:43:34","guid":{"rendered":"https:\/\/www.gps-carminat.com\/v3\/?page_id=501"},"modified":"2012-09-06T16:50:19","modified_gmt":"2012-09-06T15:50:19","slug":"telephonie","status":"publish","type":"page","link":"https:\/\/www.gps-carminat.com\/v3\/carminat-navigation-communication\/telephonie\/","title":{"rendered":"T\u00e9l\u00e9phonie"},"content":{"rendered":"<p>Ce syst\u00e8me GPS poss\u00e8de une puce Bluetooth permettant ainsi de b\u00e9n\u00e9ficier de l&rsquo;installation audio et du micro comme un kit main libre. Nous verrons ainsi, qu&rsquo;apr\u00e8s avoir fait une rapide configuration, lorsque le t\u00e9l\u00e9phone rentre dans le v\u00e9hicule celui-ci est imm\u00e9diatement reconnus et fonctionnel.<\/p>\n<ul>\n<li>\n<h2><a title=\"Appairage et configuration\" href=\"https:\/\/www.gps-carminat.com\/v3\/carminat-navigation-communication\/telephonie\/appairage-et-configuration\/\">Appairage et configuration<\/a><\/h2>\n<\/li>\n<li>\n<h2><a title=\"Appeler\" href=\"https:\/\/www.gps-carminat.com\/v3\/carminat-navigation-communication\/telephonie\/appeler\/\">Appeler<\/a><\/h2>\n<\/li>\n<li>\n<h2><a title=\"D\u00e9crocher\" href=\"https:\/\/www.gps-carminat.com\/v3\/carminat-navigation-communication\/telephonie\/decrocher\/\">D\u00e9crocher<\/a><\/h2>\n<\/li>\n<li>\n<h2><a title=\"En conversation\" href=\"https:\/\/www.gps-carminat.com\/v3\/carminat-navigation-communication\/telephonie\/en-conversation\/\">En conversation<\/a><\/h2>\n<\/li>\n<\/ul>\n<!-- AddThis Advanced Settings generic via filter on the_content --><!-- AddThis Share Buttons generic via filter on the_content -->","protected":false},"excerpt":{"rendered":"<p>Ce syst\u00e8me GPS poss\u00e8de une puce Bluetooth permettant ainsi de b\u00e9n\u00e9ficier de l&rsquo;installation audio et du micro comme un kit main libre. Nous verrons ainsi, qu&rsquo;apr\u00e8s avoir fait une rapide configuration, lorsque le t\u00e9l\u00e9phone rentre dans le v\u00e9hicule celui-ci est &hellip; <a href=\"https:\/\/www.gps-carminat.com\/v3\/carminat-navigation-communication\/telephonie\/\">Continuer la lecture <span class=\"meta-nav\">&rarr;<\/span><\/a><!-- AddThis Advanced Settings generic via filter on get_the_excerpt --><!-- AddThis Share Buttons generic via filter on get_the_excerpt --><\/p>\n","protected":false},"author":1,"featured_media":0,"parent":455,"menu_order":6,"comment_status":"open","ping_status":"open","template":"","meta":{"advanced_seo_description":"","jetpack_seo_html_title":"","jetpack_seo_noindex":false,"footnotes":""},"class_list":["post-501","page","type-page","status-publish","hentry"],"jetpack_sharing_enabled":true,"_links":{"self":[{"href":"https:\/\/www.gps-carminat.com\/v3\/wp-json\/wp\/v2\/pages\/501","targetHints":{"allow":["GET"]}}],"collection":[{"href":"https:\/\/www.gps-carminat.com\/v3\/wp-json\/wp\/v2\/pages"}],"about":[{"href":"https:\/\/www.gps-carminat.com\/v3\/wp-json\/wp\/v2\/types\/page"}],"author":[{"embeddable":true,"href":"https:\/\/www.gps-carminat.com\/v3\/wp-json\/wp\/v2\/users\/1"}],"replies":[{"embeddable":true,"href":"https:\/\/www.gps-carminat.com\/v3\/wp-json\/wp\/v2\/comments?post=501"}],"version-history":[{"count":0,"href":"https:\/\/www.gps-carminat.com\/v3\/wp-json\/wp\/v2\/pages\/501\/revisions"}],"up":[{"embeddable":true,"href":"https:\/\/www.gps-carminat.com\/v3\/wp-json\/wp\/v2\/pages\/455"}],"wp:attachment":[{"href":"https:\/\/www.gps-carminat.com\/v3\/wp-json\/wp\/v2\/media?parent=501"}],"curies":[{"name":"wp","href":"https:\/\/api.w.org\/{rel}","templated":true}]}}