{"id":503,"date":"2012-09-06T13:50:19","date_gmt":"2012-09-06T12:50:19","guid":{"rendered":"https:\/\/www.gps-carminat.com\/v3\/?page_id=503"},"modified":"2017-06-27T13:05:08","modified_gmt":"2017-06-27T11:05:08","slug":"appairage-et-configuration","status":"publish","type":"page","link":"https:\/\/www.gps-carminat.com\/v3\/carminat-navigation-communication\/telephonie\/appairage-et-configuration\/","title":{"rendered":"Appairage et configuration"},"content":{"rendered":"<p>Cette partie va permettre de configurer convenablement son syst\u00e8me pour pouvoir recevoir le t\u00e9l\u00e9phone. Pour que \u00e7a fonctionne il faut appairer le t\u00e9l\u00e9phone et la voiture, qui aux yeux du t\u00e9l\u00e9phone est un p\u00e9riph\u00e9rique ou un accessoire BlueTooth. C\u2019est aussi simple que de connecter une oreillette BlueTooth.<br \/>\n&nbsp;<\/p>\n<div class=\"pubmain\">\n<script type=\"text\/javascript\"><!--\ngoogle_ad_client = \"ca-pub-6295180017562087\";\n\/* V3 *\/\ngoogle_ad_slot = \"8915205629\";\ngoogle_ad_width = 728;\ngoogle_ad_height = 90;\n\/\/-->\n<\/script><br \/>\n<script type=\"text\/javascript\"\nsrc=\"http:\/\/pagead2.googlesyndication.com\/pagead\/show_ads.js\">\n<\/script><\/div>\n<p>&nbsp;<\/p>\n<div class=\"tableau\">\n\n<table id=\"tablepress-41\" class=\"tablepress tablepress-id-41\">\n<tbody>\n<tr class=\"row-1\">\n\t<td class=\"column-1\"><img decoding=\"async\" src=\"\/v3\/images\/cnc\/appairage\/4.jpg\" alt=\"\" width=\"350px\" \/><\/td><td class=\"column-2\">&nbsp;<\/td>\n<\/tr>\n<tr class=\"row-2\">\n\t<td class=\"column-1\"><img decoding=\"async\" src=\"\/v3\/images\/cnc\/appairage\/3.gif\" alt=\"\" \/><\/td><td class=\"column-2\"><strong>Proc\u00e9dure d'appairage<\/strong><\/br>Suiver les \u00e9crans pour arriver \u00e0 <strong>Option Bluetooth<\/strong><\/td>\n<\/tr>\n<tr class=\"row-3\">\n\t<td class=\"column-1\"><img decoding=\"async\" src=\"\/v3\/images\/cnc\/appairage\/5.jpg\" alt=\"\" \/><\/td><td class=\"column-2\">&nbsp;<\/td>\n<\/tr>\n<tr class=\"row-4\">\n\t<td class=\"column-1\"><img decoding=\"async\" src=\"\/v3\/images\/cnc\/appairage\/9.gif\" alt=\"\" \/><\/td><td class=\"column-2\">&nbsp;<\/td>\n<\/tr>\n<tr class=\"row-5\">\n\t<td class=\"column-1\"><img decoding=\"async\" src=\"\/v3\/images\/cnc\/appairage\/2.gif\" alt=\"\" \/><\/td><td class=\"column-2\">Ici v\u00e9rifier que l'option <strong>Connexion Bluetooth<\/strong> est bien sur <strong>ON<\/strong>. Si ce n'est pas le cas, l'activer.<br \/>\r\nPuis s\u00e9lectionner l'option <strong>Enregistrer un t\u00e9l\u00e9phone Bluetooth<\/strong>.<br \/>\r\n<\/td>\n<\/tr>\n<tr class=\"row-6\">\n\t<td class=\"column-1\"><img decoding=\"async\" src=\"\/v3\/images\/cnc\/appairage\/11.gif\" alt=\"\" \/><\/td><td class=\"column-2\">&nbsp;<\/td>\n<\/tr>\n<tr class=\"row-7\">\n\t<td class=\"column-1\"><img decoding=\"async\" src=\"\/v3\/images\/cnc\/appairage\/5.gif\" alt=\"\" \/><\/td><td class=\"column-2\">Il faut maintenant rechercher la voiture avec le t\u00e9l\u00e9phone. C'est en g\u00e9n\u00e9rale l'option <strong>Chercher accessoire Audio<\/strong> (au moins pour Nokia). On fait donc la recherche il trouve normalement <strong>My Car<\/strong>, le s\u00e9lectionner, il demande alors un code qui est <strong>1234<\/strong> puis valider.<br \/>\r\n<\/td>\n<\/tr>\n<tr class=\"row-8\">\n\t<td class=\"column-1\"><img decoding=\"async\" src=\"\/v3\/images\/cnc\/appairage\/6.gif\" alt=\"\" \/><\/td><td class=\"column-2\">La voiture est enregistr\u00e9e dans les accessoires audio du t\u00e9l\u00e9phone et inversement le t\u00e9l\u00e9phone est enregistr\u00e9 dans la m\u00e9moire du v\u00e9hicule.<\/td>\n<\/tr>\n<tr class=\"row-9\">\n\t<td class=\"column-1\"><img decoding=\"async\" src=\"\/v3\/images\/cnc\/appairage\/12.gif\" alt=\"\" \/><\/td><td class=\"column-2\">Ca y est  Il ne reste plus qu\u2019\u00e0 utiliser.<br \/><br \/>\r\nUne fois enregistr\u00e9e, le t\u00e9l\u00e9phone est automatiquement reconnu par la voiture d\u00e8s que le module BT de la voiture est aliment\u00e9. si ce n'est pas le cas autoriser la connection automatique du t\u00e9l\u00e9phone dans les menus de celui-ci.<br \/><br \/>\r\nIl est possible d\u2019enregistrer 5 GSM.<br \/>\r\n<\/td>\n<\/tr>\n<tr class=\"row-10\">\n\t<td class=\"column-1\"><img decoding=\"async\" src=\"\/v3\/images\/cnc\/appairage\/1.jpg\" alt=\"\" \/><\/td><td class=\"column-2\">Lorsque le GSM qui entre dans la voiture n\u2019est pas le m\u00eame que le dernier utilis\u00e9,l\u2019appui sur la touche TEL lance la recherche.<br \/>\r\n<\/td>\n<\/tr>\n<tr class=\"row-11\">\n\t<td class=\"column-1\"><img decoding=\"async\" src=\"\/v3\/images\/cnc\/appairage\/12.gif\" alt=\"\" \/><\/td><td class=\"column-2\">On aboutit \u00e0 l\u2019\u00e9cran de s\u00e9lection du t\u00e9l\u00e9phone.<\/td>\n<\/tr>\n<tr class=\"row-12\">\n\t<td class=\"column-1\"><img decoding=\"async\" src=\"\/v3\/images\/cnc\/appairage\/21.jpg\" alt=\"\" \/><\/td><td class=\"column-2\">Lorsque le t\u00e9l\u00e9phone est reconnu, le message suivant appara\u00eet.<\/td>\n<\/tr>\n<tr class=\"row-13\">\n\t<td class=\"column-1\"><img decoding=\"async\" src=\"\/v3\/images\/cnc\/appairage\/14.jpg\" alt=\"\" \/><\/td><td class=\"column-2\">L\u2019\u00e9tat du r\u00e9seau est signal\u00e9 par un pictogramme en haut \u00e0 droite de l\u2019\u00e9cran entre la temp\u00e9rature et l\u2019heure.<br \/><br \/>\r\n<br \/><br \/>\r\nLe t\u00e9l\u00e9phone n'est pas connect\u00e9. <\/td>\n<\/tr>\n<tr class=\"row-14\">\n\t<td class=\"column-1\"><img decoding=\"async\" src=\"\/v3\/images\/cnc\/appairage\/13.gif\" alt=\"\" \/><\/td><td class=\"column-2\">Le t\u00e9l\u00e9phone est connect\u00e9 et le r\u00e9seau est pr\u00e9sent avec 3 barres sur 5.<\/td>\n<\/tr>\n<tr class=\"row-15\">\n\t<td class=\"column-1\"><img decoding=\"async\" src=\"\/v3\/images\/cnc\/appairage\/14.gif\" alt=\"\" \/><\/td><td class=\"column-2\">Le t\u00e9l\u00e9phone est connect\u00e9 et il n\u2019y a pas de r\u00e9seau<\/td>\n<\/tr>\n<\/tbody>\n<\/table>\n<!-- #tablepress-41 from cache -->\n<\/div class=\"tableau\">\n&nbsp;<\/p>\n<div class=\"pubmain\">\n<script type=\"text\/javascript\"><!--\ngoogle_ad_client = \"ca-pub-6295180017562087\";\n\/* V3 *\/\ngoogle_ad_slot = \"8915205629\";\ngoogle_ad_width = 728;\ngoogle_ad_height = 90;\n\/\/-->\n<\/script><br \/>\n<script type=\"text\/javascript\"\nsrc=\"http:\/\/pagead2.googlesyndication.com\/pagead\/show_ads.js\">\n<\/script><\/div>\n<p>&nbsp;<\/p>\n<h3>Am\u00e9lioration ITD2<\/h3>\n<p>Avec l&rsquo;ITD2, il y a en plus l&rsquo;affichage de la batterie du t\u00e9l\u00e9phone. Ce genre d&rsquo;affichage d\u00e9pend \u00e9norm\u00e9ment du t\u00e9l\u00e9phone si \u00e7a ne fonctionne pas, regardez sur le site constructeur s&rsquo;il n&rsquo;existe pas une \u00e9ventuelle mise \u00e0 jour pout votre t\u00e9l\u00e9phone.<\/p>\n<p><a href=\"\/v3\/data\/cnc\/3Liste_des_compatibilites_Bluetooth_Carminat_navigation_etcomm.pdf\">Compatibilit\u00e9 t\u00e9l\u00e9phone ITD1<\/a><\/p>\n<p><a href=\"\/v3\/data\/cnc\/compatibilit\u00e9%20itd2.pdf\">Compatibilit\u00e9 t\u00e9l\u00e9phone ITD2<\/a><\/p>\n<!-- AddThis Advanced Settings generic via filter on the_content --><!-- AddThis Share Buttons generic via filter on the_content -->","protected":false},"excerpt":{"rendered":"<p>Cette partie va permettre de configurer convenablement son syst\u00e8me pour pouvoir recevoir le t\u00e9l\u00e9phone. Pour que \u00e7a fonctionne il faut appairer le t\u00e9l\u00e9phone et la voiture, qui aux yeux du t\u00e9l\u00e9phone est un p\u00e9riph\u00e9rique ou un accessoire BlueTooth. C\u2019est aussi &hellip; <a href=\"https:\/\/www.gps-carminat.com\/v3\/carminat-navigation-communication\/telephonie\/appairage-et-configuration\/\">Continuer la lecture <span class=\"meta-nav\">&rarr;<\/span><\/a><!-- AddThis Advanced Settings generic via filter on get_the_excerpt --><!-- AddThis Share Buttons generic via filter on get_the_excerpt --><\/p>\n","protected":false},"author":1,"featured_media":0,"parent":501,"menu_order":1,"comment_status":"open","ping_status":"open","template":"","meta":{"advanced_seo_description":"","jetpack_seo_html_title":"","jetpack_seo_noindex":false,"footnotes":""},"class_list":["post-503","page","type-page","status-publish","hentry"],"jetpack_sharing_enabled":true,"_links":{"self":[{"href":"https:\/\/www.gps-carminat.com\/v3\/wp-json\/wp\/v2\/pages\/503","targetHints":{"allow":["GET"]}}],"collection":[{"href":"https:\/\/www.gps-carminat.com\/v3\/wp-json\/wp\/v2\/pages"}],"about":[{"href":"https:\/\/www.gps-carminat.com\/v3\/wp-json\/wp\/v2\/types\/page"}],"author":[{"embeddable":true,"href":"https:\/\/www.gps-carminat.com\/v3\/wp-json\/wp\/v2\/users\/1"}],"replies":[{"embeddable":true,"href":"https:\/\/www.gps-carminat.com\/v3\/wp-json\/wp\/v2\/comments?post=503"}],"version-history":[{"count":0,"href":"https:\/\/www.gps-carminat.com\/v3\/wp-json\/wp\/v2\/pages\/503\/revisions"}],"up":[{"embeddable":true,"href":"https:\/\/www.gps-carminat.com\/v3\/wp-json\/wp\/v2\/pages\/501"}],"wp:attachment":[{"href":"https:\/\/www.gps-carminat.com\/v3\/wp-json\/wp\/v2\/media?parent=503"}],"curies":[{"name":"wp","href":"https:\/\/api.w.org\/{rel}","templated":true}]}}