{"id":508,"date":"2012-09-06T14:01:51","date_gmt":"2012-09-06T13:01:51","guid":{"rendered":"https:\/\/www.gps-carminat.com\/v3\/?page_id=508"},"modified":"2017-06-27T13:05:35","modified_gmt":"2017-06-27T11:05:35","slug":"appeler","status":"publish","type":"page","link":"https:\/\/www.gps-carminat.com\/v3\/carminat-navigation-communication\/telephonie\/appeler\/","title":{"rendered":"Appeler"},"content":{"rendered":"<address>Pour b\u00e9n\u00e9ficier des meilleurs performances, il est pr\u00e9f\u00e9rable que ce soit la m\u00eame personne qui enregistre et qui utilise le rep\u00e8re vocal.<\/address>\n<p>&nbsp;<\/p>\n<div class=\"pubmain\">\n<script type=\"text\/javascript\"><!--\ngoogle_ad_client = \"ca-pub-6295180017562087\";\n\/* V3 *\/\ngoogle_ad_slot = \"8915205629\";\ngoogle_ad_width = 728;\ngoogle_ad_height = 90;\n\/\/-->\n<\/script><br \/>\n<script type=\"text\/javascript\"\nsrc=\"http:\/\/pagead2.googlesyndication.com\/pagead\/show_ads.js\">\n<\/script><\/div>\n<p>&nbsp;<\/p>\n<div class=\"tableau\">\n\n<table id=\"tablepress-42\" class=\"tablepress tablepress-id-42\">\n<tbody>\n<tr class=\"row-1\">\n\t<td class=\"column-1\"><\/td><td class=\"column-2\"><strong>Appel SANS la commande vocale<\/strong><\/td>\n<\/tr>\n<tr class=\"row-2\">\n\t<td class=\"column-1\"><img decoding=\"async\" src=\"\/v3\/images\/cnc\/appel\/chc91.telmenu.jpg\" alt=\"\" \/><\/td><td class=\"column-2\">Le menu principal <strong>T\u00e9l\u00e9phone<\/strong> appara\u00eet.<\/td>\n<\/tr>\n<tr class=\"row-3\">\n\t<td class=\"column-1\"><img decoding=\"async\" src=\"\/v3\/images\/cnc\/appel\/chc91.tel_use2.jpg\" alt=\"\" \/><\/td><td class=\"column-2\">On a alors le choix entre:<br \/><br \/>\r\n<strong>Rappeler<\/strong> le dernier num\u00e9ro compos\u00e9 (\u00e0 condition de s\u2019en souvenir)<br \/><br \/>\r\nD\u2019acc\u00e9der \u00e0 la liste des 40 num\u00e9ros enregistrables dans le syst\u00e8me (<strong>Num\u00e9ros favoris<\/strong>)<br \/><br \/>\r\nPour lesquels il est possible d\u2019associer un \u00abrep\u00e8re vocal\u00bb <\/td>\n<\/tr>\n<tr class=\"row-4\">\n\t<td class=\"column-1\"><img decoding=\"async\" src=\"\/v3\/images\/cnc\/appel\/chc91.vocaltag.jpg\" alt=\"\" \/><\/td><td class=\"column-2\">Symb\u00f4le montrant la pr\u00e9sence d'un rep\u00e8re vocal enregistr\u00e9e pour cette entr\u00e9e du r\u00e9pertoire.<\/td>\n<\/tr>\n<tr class=\"row-5\">\n\t<td class=\"column-1\"><img decoding=\"async\" src=\"\/v3\/images\/cnc\/appel\/chc91.tel_use3.jpg\" alt=\"\" \/><\/td><td class=\"column-2\">D'acc\u00e9der \u00e0 l'<strong>historique<\/strong> des appels.<br \/>\r\n<strong>Cet historique est communs \u00e0 tous les GSM utilis\u00e9s<\/strong> <\/td>\n<\/tr>\n<tr class=\"row-6\">\n\t<td class=\"column-1\"><img decoding=\"async\" src=\"\/v3\/images\/cnc\/appel\/chc91.tel_use4.jpg\" alt=\"\" \/><\/td><td class=\"column-2\">Historique des appels \u00e9mis.<\/td>\n<\/tr>\n<tr class=\"row-7\">\n\t<td class=\"column-1\"><img decoding=\"async\" src=\"\/v3\/images\/cnc\/appel\/chc91.tel_use5.jpg\" alt=\"\" \/><\/td><td class=\"column-2\">Historique des appels re\u00e7us.<\/td>\n<\/tr>\n<tr class=\"row-8\">\n\t<td class=\"column-1\"><img decoding=\"async\" src=\"\/v3\/images\/cnc\/appel\/chc91.tel_use6.jpg\" alt=\"\" \/><\/td><td class=\"column-2\">Il est possible d'utiliser le clavier pour composer<br \/>\r\nMais nous verrons que dans ce cas la commande vocale est plus pratique.<br \/><br \/>\r\nIl est aussi possible de taper le num\u00e9ro directement sur le t\u00e9l\u00e9phone et de valider sur le t\u00e9l\u00e9phone.<br \/>\r\n<br \/>\r\n<\/td>\n<\/tr>\n<tr class=\"row-9\">\n\t<td class=\"column-1\"><img decoding=\"async\" src=\"\/v3\/images\/cnc\/appel\/chc91.tel_use7.jpg\" alt=\"\" \/><\/td><td class=\"column-2\">Dans tous les cas une fois l'appel lanc\u00e9 on obtient cet \u00e9cran.<br \/>\r\n<br \/>\r\n<\/td>\n<\/tr>\n<tr class=\"row-10\">\n\t<td class=\"column-1\"><img decoding=\"async\" src=\"\/v3\/images\/cnc\/appel\/chc91.tel_use8.jpg\" alt=\"\" \/><\/td><td class=\"column-2\">Puis une fois en conversation cet \u00e9cran<\/td>\n<\/tr>\n<tr class=\"row-11\">\n\t<td class=\"column-1\"><img decoding=\"async\" src=\"\/v3\/images\/cnc\/appel\/chc91.jpg\" alt=\"\" \/><\/td><td class=\"column-2\">Il est possible de revenir \u00e0 la carte routi\u00e8re en pressant la touche<strong> MAP_MAIN<\/strong>.<br \/>\r\nLe guidage vocal reste actif. <\/td>\n<\/tr>\n<tr class=\"row-12\">\n\t<td class=\"column-1\">&nbsp;<\/td><td class=\"column-2\"><strong>Appeler avec la commande vocale<\/strong><\/td>\n<\/tr>\n<tr class=\"row-13\">\n\t<td class=\"column-1\"><img decoding=\"async\" src=\"\/v3\/images\/cnc\/appel\/chc91.vocal1.jpg\" alt=\"\" \/><\/td><td class=\"column-2\">La commande vocale est un outil tr\u00e8s puissant qui utilise soit ce que vous avez enregistr\u00e9,<br \/>\r\nSoit, qui que vous soyez, elle int\u00e8gre et interpr\u00e8te ce que vous dites.<\/td>\n<\/tr>\n<tr class=\"row-14\">\n\t<td class=\"column-1\"><img decoding=\"async\" src=\"\/v3\/images\/cnc\/appel\/chc91.vocal0.jpg\" alt=\"\" \/><img decoding=\"async\" src=\"\/v3\/images\/cnc\/appel\/chc91.microphone.jpg\" alt=\"\" \/><\/td><td class=\"column-2\">L\u2019activation de la commande vocale se fait par une pression au bout de la manette situ\u00e9e \u00e0 gauche du volant (voire la page Dispositif pour le Sc\u00e9nic II.<br \/><br \/>\r\nL\u00e0 v\u00e9ritablement on entre dans la 4\u00e8me dimension...<br \/>\r\nLe Micro au situ\u00e9 au dessus de la t\u00eate permet de tout g\u00e9rer avec la voix... Je vous assure TOUT.<\/td>\n<\/tr>\n<tr class=\"row-15\">\n\t<td class=\"column-1\"><img decoding=\"async\" src=\"\/v3\/images\/cnc\/appel\/chc91.vocalphone.jpg\" alt=\"\" \/><\/td><td class=\"column-2\">on ne s'interesse qu'aux 2 commandes vocales pour la t\u00e9l\u00e9phonie:<br \/><br \/>\r\n<strong>Composer<\/strong> ou <strong>appeler<\/strong> permet de dicter le num\u00e9ro<br \/><br \/>\r\nSoit en une seule fois<br \/><br \/>\r\nSoit par fractions<br \/><br \/>\r\nSoit chiffre par chiffre<br \/><br \/>\r\nAvec un peu d'habitude et en articulant bien<br \/>\r\nOn \u00e9nonce le num\u00e9ro en 1 seule fois <\/td>\n<\/tr>\n<tr class=\"row-16\">\n\t<td class=\"column-1\"><img decoding=\"async\" src=\"\/v3\/images\/cnc\/appel\/chc91.vocal2.jpg\" alt=\"\" \/><\/td><td class=\"column-2\">Appuyer sur la commande vocale.<br \/><br \/>\r\nDire \u00ab <strong>Composer<\/strong> \u00bb<br \/><br \/>\r\nCARMEN r\u00e9pond \u00ab <strong>Dites un num\u00e9ro<\/strong> \u00bb<br \/>\r\nApr\u00e8s le bip, parler distinctement sans marquer de pause CARMEN r\u00e9p\u00e8te chiffre par chiffre.<br \/><br \/>\r\nIl faut alors dire \u00ab <strong>composer<\/strong> \u00bb et la num\u00e9rotation d\u00e9marre<br \/><br \/>\r\nUne vid\u00e9o est disponible en bas de la page pour illustrer tous ces propos \ud83d\ude09 .<\/td>\n<\/tr>\n<tr class=\"row-17\">\n\t<td class=\"column-1\"><img decoding=\"async\" src=\"\/v3\/images\/cnc\/appel\/chc91.vocal3.jpg\" alt=\"\" \/><\/td><td class=\"column-2\">En cas d\u2019erreur appuyer sur la commande vocale ou dire \u00ab <strong>Abandonner<\/strong> \u00bb<br \/>\r\nOn peut aussi dire \u00ab <strong>Corriger<\/strong> \u00bb pour effacer la saisie.<br \/>\r\n<br \/>\r\n<\/td>\n<\/tr>\n<tr class=\"row-18\">\n\t<td class=\"column-1\"><img decoding=\"async\" src=\"\/v3\/images\/cnc\/appel\/chc91.vocal4.jpg\" alt=\"\" \/><\/td><td class=\"column-2\">D\u00e9j\u00e0 vous vous dites c\u2019est super, mais ce n\u2019est rien \u00e0 cot\u00e9 de ce qui suit\u2026<br \/><br \/>\r\nPlus simple vous avez enregistr\u00e9 un rep\u00e8re vocal, il suffit de dire :<br \/><br \/>\r\n\u00ab <strong>Appeler < rep\u00e8re vocal > <\/strong>\u00bb et la num\u00e9rotation d\u00e9marre aussit\u00f4t. <\/td>\n<\/tr>\n<tr class=\"row-19\">\n\t<td class=\"column-1\"><img decoding=\"async\" src=\"\/v3\/images\/cnc\/appel\/chc91.vocal5.jpg\" alt=\"\" \/><\/td><td class=\"column-2\">OK mais on ne se souvient pas toujours des rep\u00e8res vocaux et lire la liste\u2026<br \/><br \/>\r\n    J\u2019ai ce qu\u2019il vous faut :<br \/><br \/>\r\nCommande vocale<br \/>\r\nDire \u00ab<strong>Ecouter les rep\u00e8res vocaux favoris<\/strong> \u00bb<br \/>\r\nCARMEN r\u00e9p\u00e8te \u00ab Ecouter les rep\u00e8res vocaux favoris \u00bb<br \/>\r\nPuis commence \u00e0 lire l\u2019un apr\u00e8s l\u2019autre tous les rep\u00e8res vocaux t\u00e9l\u00e9phoniques.<br \/>\r\n<br \/>\r\n<br \/>\r\n<\/td>\n<\/tr>\n<tr class=\"row-20\">\n\t<td class=\"column-1\"><img decoding=\"async\" src=\"\/v3\/images\/cnc\/appel\/chc91.vocal6.jpg\" alt=\"\" \/><\/td><td class=\"column-2\">Gr\u00e2ce \u00e0 la commande vocale il est possible de:<br \/><br \/>\r\n<br \/><br \/>\r\nAfficher la liste des num\u00e9ros favoris (5 par 5)<br \/><br \/>\r\nDire <strong>page suivante<\/strong> ou Page pr\u00e9c\u00e9dente pour changer<br \/>\r\nPuis dire le num\u00e9ro correspondant au contact \u00e0 appeler (1 \u00e0 5)<\/td>\n<\/tr>\n<tr class=\"row-21\">\n\t<td class=\"column-1\"><img decoding=\"async\" src=\"\/v3\/images\/cnc\/appel\/chc91.vocal8.jpg\" alt=\"\" \/><\/td><td class=\"column-2\">Afficher la liste des appels \u00e9mis et re\u00e7us (m\u00e9moire de 20 num\u00e9ros pour chaque)<\/td>\n<\/tr>\n<tr class=\"row-22\">\n\t<td class=\"column-1\"><img decoding=\"async\" src=\"\/v3\/images\/cnc\/appel\/chc91.vocal10.jpg\" alt=\"\" \/><\/td><td class=\"column-2\">Rappeler le dernier Num\u00e9ro<\/td>\n<\/tr>\n<tr class=\"row-23\">\n\t<td class=\"column-1\"><img decoding=\"async\" src=\"\/v3\/images\/cnc\/appel\/chc91.vocalaide5.jpg\" alt=\"\" \/><\/td><td class=\"column-2\">Bon nous voil\u00e0 presque arriv\u00e9 au bout de la fonction vocale t\u00e9l\u00e9phonique<br \/><br \/>\r\nIl faut juste pr\u00e9ciser qu\u2019en cas de doute \u00ab <strong>T\u00e9l\u00e9phone Aide<\/strong> \u00bb vient au secours avec des \u00e9crans qui listent les commandes vocales.<br \/><br \/>\r\n<br \/><br \/>\r\nSympa quand m\u00eame...<br \/>\r\n<br \/>\r\n<\/td>\n<\/tr>\n<tr class=\"row-24\">\n\t<td class=\"column-1\"><img decoding=\"async\" src=\"\/v3\/images\/cnc\/appel\/chc91.vocalaide6.jpg\" alt=\"\" \/><\/td><td class=\"column-2\">&nbsp;<\/td>\n<\/tr>\n<tr class=\"row-25\">\n\t<td class=\"column-1\"><img decoding=\"async\" src=\"\/v3\/images\/cnc\/appel\/chc91.vocalaide7.jpg\" alt=\"\" \/><\/td><td class=\"column-2\">&nbsp;<\/td>\n<\/tr>\n<\/tbody>\n<\/table>\n<!-- #tablepress-42 from cache -->\n<\/div class=\"tableau\">\n<p>&nbsp;<\/p>\n<div class=\"pubmain\">\n<script type=\"text\/javascript\"><!--\ngoogle_ad_client = \"ca-pub-6295180017562087\";\n\/* V3 *\/\ngoogle_ad_slot = \"8915205629\";\ngoogle_ad_width = 728;\ngoogle_ad_height = 90;\n\/\/-->\n<\/script><br \/>\n<script type=\"text\/javascript\"\nsrc=\"http:\/\/pagead2.googlesyndication.com\/pagead\/show_ads.js\">\n<\/script><\/div>\n<p>&nbsp;<\/p>\n<h2>Vid\u00e9os<\/h2>\n<p>Cette vid\u00e9o montre comment composer un num\u00e9ro entir\u00e8ement vocalement.<br \/>\n<iframe loading=\"lazy\" src=\"http:\/\/www.dailymotion.com\/embed\/video\/xtcqg0?syndication=244253\" frameborder=\"0\" width=\"560\" height=\"418\"><\/iframe><br \/>\n<a href=\"http:\/\/www.dailymotion.com\/video\/xtcqg0_composer-un-numero-vocalement-carminat-navigation-communication_auto\" target=\"_blank\">Composer un num\u00e9ro vocalement Carminat&#8230;<\/a> <em>par <a href=\"http:\/\/www.dailymotion.com\/GPS-Carminat\" target=\"_blank\">GPS-Carminat<\/a><\/em><\/p>\n<p>Cette vid\u00e9o montre comment rajouter un rep\u00e8re vocal \u00e0 un contact.<\/p>\n<p>Il faut noter que c&rsquo;est dans le cas d&rsquo;un ITD1, cette pr\u00e9sentation a un gros inconv\u00e9nient: pour modifier un contact il fallait valider le nom, puis le num\u00e9ro puis \u00e9ventuellement r\u00e9enregistrer le rep\u00e8re vocal. Avec l&rsquo;ITD2 le probl\u00e8me ne se pose plus puisqu&rsquo;on va directement sur l&rsquo;entr\u00e9e que l&rsquo;on veut modifier.<\/p>\n<p><iframe loading=\"lazy\" src=\"http:\/\/www.dailymotion.com\/embed\/video\/xtcqgy?syndication=244253\" frameborder=\"0\" width=\"560\" height=\"418\"><\/iframe><br \/>\n<a href=\"http:\/\/www.dailymotion.com\/video\/xtcqgy_rajouter-un-repere-vocal-a-un-contact-carminat-navigation-communication_auto\" target=\"_blank\">Rajouter un rep\u00e8re vocal \u00e0 un contact Carminat&#8230;<\/a> <em>par <a href=\"http:\/\/www.dailymotion.com\/GPS-Carminat\" target=\"_blank\">GPS-Carminat<\/a><\/em><\/p>\n<p>Cette vid\u00e9o montre comment appeler un contact poss\u00e9dant un rep\u00e8re vocal.<br \/>\n<iframe loading=\"lazy\" frameborder=\"0\" width=\"560\" height=\"418\" src=\"http:\/\/www.dailymotion.com\/embed\/video\/xtcqho?syndication=244253\"><\/iframe><br \/><a href=\"http:\/\/www.dailymotion.com\/video\/xtcqho_appeler-un-repere-vocal-carminat-navigation-communication_auto\" target=\"_blank\">Appeler un rep&egrave;re vocal Carminat Navigation&#8230;<\/a> <i>par <a href=\"http:\/\/www.dailymotion.com\/GPS-Carminat\" target=\"_blank\">GPS-Carminat<\/a><\/i><\/p>\n<!-- AddThis Advanced Settings generic via filter on the_content --><!-- AddThis Share Buttons generic via filter on the_content -->","protected":false},"excerpt":{"rendered":"<p>Pour b\u00e9n\u00e9ficier des meilleurs performances, il est pr\u00e9f\u00e9rable que ce soit la m\u00eame personne qui enregistre et qui utilise le rep\u00e8re vocal. &nbsp; &nbsp; &nbsp; &nbsp; Vid\u00e9os Cette vid\u00e9o montre comment composer un num\u00e9ro entir\u00e8ement vocalement. Composer un num\u00e9ro vocalement &hellip; <a href=\"https:\/\/www.gps-carminat.com\/v3\/carminat-navigation-communication\/telephonie\/appeler\/\">Continuer la lecture <span class=\"meta-nav\">&rarr;<\/span><\/a><!-- AddThis Advanced Settings generic via filter on get_the_excerpt --><!-- AddThis Share Buttons generic via filter on get_the_excerpt --><\/p>\n","protected":false},"author":1,"featured_media":0,"parent":501,"menu_order":2,"comment_status":"open","ping_status":"open","template":"","meta":{"advanced_seo_description":"","jetpack_seo_html_title":"","jetpack_seo_noindex":false,"footnotes":""},"class_list":["post-508","page","type-page","status-publish","hentry"],"jetpack_sharing_enabled":true,"_links":{"self":[{"href":"https:\/\/www.gps-carminat.com\/v3\/wp-json\/wp\/v2\/pages\/508","targetHints":{"allow":["GET"]}}],"collection":[{"href":"https:\/\/www.gps-carminat.com\/v3\/wp-json\/wp\/v2\/pages"}],"about":[{"href":"https:\/\/www.gps-carminat.com\/v3\/wp-json\/wp\/v2\/types\/page"}],"author":[{"embeddable":true,"href":"https:\/\/www.gps-carminat.com\/v3\/wp-json\/wp\/v2\/users\/1"}],"replies":[{"embeddable":true,"href":"https:\/\/www.gps-carminat.com\/v3\/wp-json\/wp\/v2\/comments?post=508"}],"version-history":[{"count":0,"href":"https:\/\/www.gps-carminat.com\/v3\/wp-json\/wp\/v2\/pages\/508\/revisions"}],"up":[{"embeddable":true,"href":"https:\/\/www.gps-carminat.com\/v3\/wp-json\/wp\/v2\/pages\/501"}],"wp:attachment":[{"href":"https:\/\/www.gps-carminat.com\/v3\/wp-json\/wp\/v2\/media?parent=508"}],"curies":[{"name":"wp","href":"https:\/\/api.w.org\/{rel}","templated":true}]}}