{"id":511,"date":"2012-09-06T14:10:13","date_gmt":"2012-09-06T13:10:13","guid":{"rendered":"https:\/\/www.gps-carminat.com\/v3\/?page_id=511"},"modified":"2012-10-17T11:44:41","modified_gmt":"2012-10-17T09:44:41","slug":"decrocher","status":"publish","type":"page","link":"https:\/\/www.gps-carminat.com\/v3\/carminat-navigation-communication\/telephonie\/decrocher\/","title":{"rendered":"D\u00e9crocher"},"content":{"rendered":"<p><img decoding=\"async\" src=\"\/v3\/images\/cnc\/decrocher\/chc91.tel_use14.jpg\" alt=\"\" \/><img decoding=\"async\" src=\"\/v3\/images\/cnc\/decrocher\/chc91.tel_use15.jpg\" alt=\"\" \/><\/p>\n<p>&nbsp;<\/p>\n<div class=\"pubmain\">\n<script type=\"text\/javascript\"><!--\ngoogle_ad_client = \"ca-pub-6295180017562087\";\n\/* V3 *\/\ngoogle_ad_slot = \"8915205629\";\ngoogle_ad_width = 728;\ngoogle_ad_height = 90;\n\/\/-->\n<\/script><br \/>\n<script type=\"text\/javascript\"\nsrc=\"http:\/\/pagead2.googlesyndication.com\/pagead\/show_ads.js\">\n<\/script><\/div>\n<p>&nbsp;<\/p>\n<p>On re\u00e7oit un appel (de sa m\u00f4man par exemple) et s&rsquo;affiche alors l&rsquo;\u00e9cran ci-dessus.<br \/>\nOn voit en bas \u00e0 droite \u00ab Appel entrant \u00bb puis le num\u00e9ro ou l\u2019identification du Favori appelant.<\/p>\n<p><strong>D\u00e9crocher<\/strong>: explication n\u00e9cessaire?<\/p>\n<p><strong>Mettre en attente<\/strong>:<br \/>\nEn fonction de l\u2019option choisie dans le menu R\u00e9glage du t\u00e9l\u00e9phone,la mise en attente avec le message \u00ab Votre correspondant est en situation de conduite, veuillez patienter\u2026 \u00bb sera automatique ou pas.<\/p>\n<p>Si la mise en attente automatique est active, il sera n\u00e9cessaire d\u2019accepter l\u2019appel : En s\u00e9lectionnant\u00a0<strong>D\u00e9crocher<\/strong>\u00a0ou<br \/>\nEn pressant la touche sup\u00e9rieure droite de la commande au volant. (d&rsquo;apr\u00e8s des tests en d\u00e9sert d&rsquo;Arizona ce n&rsquo;est pas ce qu&rsquo;il y a de plus pratique).<\/p>\n<p><strong>Refuser<\/strong>: Tr\u00e8s pratique lorsque c&rsquo;est le banquier qui appelle<\/p>\n<!-- AddThis Advanced Settings generic via filter on the_content --><!-- AddThis Share Buttons generic via filter on the_content -->","protected":false},"excerpt":{"rendered":"<p>&nbsp; &nbsp; On re\u00e7oit un appel (de sa m\u00f4man par exemple) et s&rsquo;affiche alors l&rsquo;\u00e9cran ci-dessus. On voit en bas \u00e0 droite \u00ab Appel entrant \u00bb puis le num\u00e9ro ou l\u2019identification du Favori appelant. D\u00e9crocher: explication n\u00e9cessaire? Mettre en attente: &hellip; <a href=\"https:\/\/www.gps-carminat.com\/v3\/carminat-navigation-communication\/telephonie\/decrocher\/\">Continuer la lecture <span class=\"meta-nav\">&rarr;<\/span><\/a><!-- AddThis Advanced Settings generic via filter on get_the_excerpt --><!-- AddThis Share Buttons generic via filter on get_the_excerpt --><\/p>\n","protected":false},"author":1,"featured_media":0,"parent":501,"menu_order":3,"comment_status":"open","ping_status":"open","template":"","meta":{"advanced_seo_description":"","jetpack_seo_html_title":"","jetpack_seo_noindex":false,"footnotes":""},"class_list":["post-511","page","type-page","status-publish","hentry"],"jetpack_sharing_enabled":true,"_links":{"self":[{"href":"https:\/\/www.gps-carminat.com\/v3\/wp-json\/wp\/v2\/pages\/511","targetHints":{"allow":["GET"]}}],"collection":[{"href":"https:\/\/www.gps-carminat.com\/v3\/wp-json\/wp\/v2\/pages"}],"about":[{"href":"https:\/\/www.gps-carminat.com\/v3\/wp-json\/wp\/v2\/types\/page"}],"author":[{"embeddable":true,"href":"https:\/\/www.gps-carminat.com\/v3\/wp-json\/wp\/v2\/users\/1"}],"replies":[{"embeddable":true,"href":"https:\/\/www.gps-carminat.com\/v3\/wp-json\/wp\/v2\/comments?post=511"}],"version-history":[{"count":0,"href":"https:\/\/www.gps-carminat.com\/v3\/wp-json\/wp\/v2\/pages\/511\/revisions"}],"up":[{"embeddable":true,"href":"https:\/\/www.gps-carminat.com\/v3\/wp-json\/wp\/v2\/pages\/501"}],"wp:attachment":[{"href":"https:\/\/www.gps-carminat.com\/v3\/wp-json\/wp\/v2\/media?parent=511"}],"curies":[{"name":"wp","href":"https:\/\/api.w.org\/{rel}","templated":true}]}}