{"id":517,"date":"2012-09-06T14:19:40","date_gmt":"2012-09-06T13:19:40","guid":{"rendered":"https:\/\/www.gps-carminat.com\/v3\/?page_id=517"},"modified":"2015-02-26T16:10:35","modified_gmt":"2015-02-26T15:10:35","slug":"configuration","status":"publish","type":"page","link":"https:\/\/www.gps-carminat.com\/v3\/carminat-navigation-communication\/configuration\/","title":{"rendered":"Configuration"},"content":{"rendered":"<p>Il \u00e9tait simple de faire un r\u00e9capitulatif des fonctions personalisable avec les syst\u00e8mes pr\u00e9c\u00e9dents mais comme vous le savez ce site est enti\u00e8rement fait par des b\u00e9n\u00e9v\u00f4les ne travaillant pas chez Renault et le CNC est un tr\u00e8s gros syst\u00e8me en faire une description d\u00e9taill\u00e9 ne m&rsquo;est pas possible si je veux termin\u00e9 le site<\/p>\n<p>Pour ne pas laisser cette section vide j&rsquo;ai film\u00e9 toutes les options configurables dans le syst\u00e8me, si l&rsquo;\u00e9quipe a beaucoup de temps elle compl\u00e8tera cette partie (vous avez notez le SI signe du conditionnel )<br \/>\n<iframe loading=\"lazy\" src=\"http:\/\/www.dailymotion.com\/embed\/video\/xtcr2e\" frameborder=\"0\" width=\"560\" height=\"420\"><\/iframe><br \/>\n<a href=\"http:\/\/www.dailymotion.com\/video\/xtcr2e_configuration-carminat-navigation-communication_auto\" target=\"_blank\">Configuration Carminat Navigation Communication<\/a> <em>par <a href=\"http:\/\/www.dailymotion.com\/GPS-Carminat\" target=\"_blank\">GPS-Carminat<\/a><\/em><\/p>\n<h3>Menu Diagnostic<\/h3>\n<p>Pour les autres on l&rsquo;avait trouv\u00e9 facilement, pour le CNC c&rsquo;est gr\u00e2ce \u00e0 une source anonyme qui a post\u00e9 sur le forum sous le pseudo tr\u00e8s original de X91 (nom de code interne de la Laguna III), c&rsquo;est l&rsquo;unique message qu&rsquo;il a post\u00e9 et son adresse iP nous a r\u00e9v\u00e9l\u00e9 qu&rsquo;il \u00e9tait pass\u00e9 par un serveur des Pays Bas. Voil\u00e0 pour la petite histoire. Alors comment y va-t-on dans ce menu cach\u00e9 du syst\u00e8me? Il faut d&rsquo;abord \u00e9teindre l&rsquo;autoradio (vous allez comprendre pourquoi&#8230;), maintenir la touche\u00a0<strong>SET<\/strong>\u00a0enfonc\u00e9e et augmenter le volume de 40 crans avec le bouton rotatif (l\u00e0 vous \u00eates content d&rsquo;avoir \u00e9teint l&rsquo;autoradio avant), et on arrive sur le menu diagnostic.<\/p>\n<address>Comme n&rsquo;importe quel menu diagnostic on ne touche \u00e0 RIEN, on regarde seulement, \u00e7a va surtout nous permettre d&rsquo;identifier d&rsquo;\u00e9ventuelles pannes.<\/address>\n<p><iframe loading=\"lazy\" frameborder=\"0\" width=\"560\" height=\"420\" src=\"http:\/\/www.dailymotion.com\/embed\/video\/xtcr3v?syndication=244253\"><\/iframe><br \/><a href=\"http:\/\/www.dailymotion.com\/video\/xtcr3v_diagnostoc-carminat-navigation-communication_auto\" target=\"_blank\">Diagnostoc Carminat Navigation Communication<\/a> <i>par <a href=\"http:\/\/www.dailymotion.com\/GPS-Carminat\" target=\"_blank\">GPS-Carminat<\/a><\/i><\/p>\n<p>On pourra noter que pour l&rsquo;historique des erreurs lorsqu&rsquo;on s\u00e9lectionne une erreur on a la date, l&rsquo;heure (pour le moment tr\u00e8s classique pour un historique) mais aussi la position du v\u00e9hicule sur la carte \u00e0 l&rsquo;heure fatidique, impressionnant.<\/p>\n<!-- AddThis Advanced Settings generic via filter on the_content --><!-- AddThis Share Buttons generic via filter on the_content -->","protected":false},"excerpt":{"rendered":"<p>Il \u00e9tait simple de faire un r\u00e9capitulatif des fonctions personalisable avec les syst\u00e8mes pr\u00e9c\u00e9dents mais comme vous le savez ce site est enti\u00e8rement fait par des b\u00e9n\u00e9v\u00f4les ne travaillant pas chez Renault et le CNC est un tr\u00e8s gros syst\u00e8me &hellip; <a href=\"https:\/\/www.gps-carminat.com\/v3\/carminat-navigation-communication\/configuration\/\">Continuer la lecture <span class=\"meta-nav\">&rarr;<\/span><\/a><!-- AddThis Advanced Settings generic via filter on get_the_excerpt --><!-- AddThis Share Buttons generic via filter on get_the_excerpt --><\/p>\n","protected":false},"author":1,"featured_media":0,"parent":455,"menu_order":6,"comment_status":"open","ping_status":"open","template":"","meta":{"advanced_seo_description":"","jetpack_seo_html_title":"","jetpack_seo_noindex":false,"footnotes":""},"class_list":["post-517","page","type-page","status-publish","hentry"],"jetpack_sharing_enabled":true,"_links":{"self":[{"href":"https:\/\/www.gps-carminat.com\/v3\/wp-json\/wp\/v2\/pages\/517","targetHints":{"allow":["GET"]}}],"collection":[{"href":"https:\/\/www.gps-carminat.com\/v3\/wp-json\/wp\/v2\/pages"}],"about":[{"href":"https:\/\/www.gps-carminat.com\/v3\/wp-json\/wp\/v2\/types\/page"}],"author":[{"embeddable":true,"href":"https:\/\/www.gps-carminat.com\/v3\/wp-json\/wp\/v2\/users\/1"}],"replies":[{"embeddable":true,"href":"https:\/\/www.gps-carminat.com\/v3\/wp-json\/wp\/v2\/comments?post=517"}],"version-history":[{"count":0,"href":"https:\/\/www.gps-carminat.com\/v3\/wp-json\/wp\/v2\/pages\/517\/revisions"}],"up":[{"embeddable":true,"href":"https:\/\/www.gps-carminat.com\/v3\/wp-json\/wp\/v2\/pages\/455"}],"wp:attachment":[{"href":"https:\/\/www.gps-carminat.com\/v3\/wp-json\/wp\/v2\/media?parent=517"}],"curies":[{"name":"wp","href":"https:\/\/api.w.org\/{rel}","templated":true}]}}