{"id":613,"date":"2012-09-10T16:04:35","date_gmt":"2012-09-10T15:04:35","guid":{"rendered":"https:\/\/www.gps-carminat.com\/v3\/?page_id=613"},"modified":"2015-09-18T16:45:17","modified_gmt":"2015-09-18T14:45:17","slug":"mise-a-jour-systeme","status":"publish","type":"page","link":"https:\/\/www.gps-carminat.com\/v3\/carminat-navigation-informe-1\/mise-a-jour\/mise-a-jour-systeme\/","title":{"rendered":"Mise \u00e0 jour syst\u00e8me"},"content":{"rendered":"<p>Avec le CN1 il est possible de faire soit m\u00eame la Mise \u00e0 Jour \u00e0 l&rsquo;aide des CD langues. Mais on ne peut pas faire n&rsquo;importe quelle Mise \u00e0 Jour puisqu&rsquo;il existe 2 versions diff\u00e9rentes pour le CN1. On va d&rsquo;abord voir comment conna\u00eetre la version de son logiciel interne.<\/p>\n<div class=\"pubmain\"><script type=\"text\/javascript\">\/\/ <![CDATA[\ngoogle_ad_client = \"ca-pub-6295180017562087\";\n\/* V3 *\/\ngoogle_ad_slot = \"8915205629\";\ngoogle_ad_width = 728;\ngoogle_ad_height = 90;\n\/\/ ]]><\/script><br \/>\n<script src=\"http:\/\/pagead2.googlesyndication.com\/pagead\/show_ads.js\" type=\"text\/javascript\">\/\/ <![CDATA[\n\n\/\/ ]]><\/script><\/div>\n<h3>Comment conna\u00eetre sa version?<\/h3>\n\n<table id=\"tablepress-45\" class=\"tablepress tablepress-id-45\">\n<tbody>\n<tr class=\"row-1\">\n\t<td class=\"column-1\"><img decoding=\"async\" src=\"http:\/\/www.gps-carminat.com\/fr\/images\/cni1\/guidage\/cn1003.jpg\" alt=\"\" \/><\/td><td class=\"column-2\">Pour voir sa version logiciel et hardware, on commence par aller dans le menu<strong>*Configuration.<\/strong><\/td>\n<\/tr>\n<tr class=\"row-2\">\n\t<td class=\"column-1\"><img decoding=\"async\" src=\"http:\/\/www.gps-carminat.com\/fr\/images\/cni1\/maj\/1.jpg\" alt=\"\" \/><\/td><td class=\"column-2\">Puis dans\u00a0<strong>Informations syst\u00e8me.<\/strong><\/td>\n<\/tr>\n<tr class=\"row-3\">\n\t<td class=\"column-1\"><img decoding=\"async\" src=\"http:\/\/www.gps-carminat.com\/fr\/images\/cni1\/maj\/2.jpg\" alt=\"\" \/><\/td><td class=\"column-2\">Ici ce qui nous int\u00e9resse est la ligne\u00a0<strong>VERSION LOGICIEL<\/strong>\u00a0(ici 0461) et la ligne\u00a0<strong>VERSION LOGICIEL CSB<\/strong>\u00a0(ici 4.32). C'est \u00e0 partir de ces 2 info's qu'on va pouvoir d\u00e9terminer si notre syst\u00e8me est \u00e0 jour ou non et \u00e9ventuellement quelle mise \u00e0 jour lui faire.<\/td>\n<\/tr>\n<\/tbody>\n<\/table>\n<!-- #tablepress-45 from cache -->\n<h3>Suis-je \u00e0 jour?<\/h3>\n<p>Les mises \u00e0 jour se font \u00e0 l&rsquo;aide des CD de langues, qui sont gratuits et disponibles soit dans votre concession, soit aupr\u00e8s de Renault au num\u00e9ro suivant:\u00a0<strong>0810 40 50 60.<\/strong>\u00a0(\u00e7a fait longtemps que je ne l&rsquo;ai pas fait par t\u00e9l\u00e9phone donc je ne sais pas si \u00e7a fonctionne toujours).<\/p>\n<p>Pour savoir si vous avez besoin ou non d&rsquo;une mise \u00e0 jour et \u00e9ventuellement avec quel CD langues, consultez le tableau ci-dessous. On commence par regarder la ligne qui nous concerne avec la\u00a0<strong>version du CSB<\/strong>, la date de fabrication du syst\u00e8me. Puis on regarde si notre\u00a0<strong>version logiciel<\/strong>\u00a0est \u00e0 jour ou non avec la 2nde colonne. Si on a la m\u00eame version que celle-ci, cela signifie qu&rsquo;on est \u00e0 jour. Sinon on fait la mise \u00e0 jour avec le CD langues correspondant.<\/p>\n<div class=\"pubmain\"><script type=\"text\/javascript\">\/\/ <![CDATA[\ngoogle_ad_client = \"ca-pub-6295180017562087\";\n\/* V3 *\/\ngoogle_ad_slot = \"8915205629\";\ngoogle_ad_width = 728;\ngoogle_ad_height = 90;\n\/\/ ]]><\/script><br \/>\n<script src=\"http:\/\/pagead2.googlesyndication.com\/pagead\/show_ads.js\" type=\"text\/javascript\">\/\/ <![CDATA[\n\n\/\/ ]]><\/script><\/div>\n<p>\n<table id=\"tablepress-44\" class=\"tablepress tablepress-id-44\">\n<tbody class=\"row-striping\">\n<tr class=\"row-1\">\n\t<td class=\"column-1\">Version du logiciel CSB<\/td><td class=\"column-2\">Version du logiciel \u00e0 jour<\/td><td class=\"column-3\">CD langue \u00e0 utiliser<\/td>\n<\/tr>\n<tr class=\"row-2\">\n\t<td class=\"column-1\">1.80 - 1.82<\/td><td class=\"column-2\">0196<\/td><td class=\"column-3\">NAV5 toutes versions<\/td>\n<\/tr>\n<tr class=\"row-3\">\n\t<td class=\"column-1\">3.00 - 3.01<\/td><td class=\"column-2\">0376<\/td><td class=\"column-3\">NAV5 toutes versions<\/td>\n<\/tr>\n<tr class=\"row-4\">\n\t<td class=\"column-1\">4.31 - 4.32<br \/>\r\njusqu'\u00e0 avril 2003<\/td><td class=\"column-2\">0457<\/td><td class=\"column-3\">NAV5 toutes versions<\/td>\n<\/tr>\n<tr class=\"row-5\">\n\t<td class=\"column-1\">4.32<br \/>\r\n\u00e0 partir d'avril 2003<br \/>\r\nversion logiciel &lt; 0461<\/td><td class=\"column-2\">0461<\/td><td class=\"column-3\">NAV5 V4.6<\/td>\n<\/tr>\n<tr class=\"row-6\">\n\t<td class=\"column-1\">4.32<br \/>\r\n\u00e0 partir de mai 2004<br \/>\r\nversion logiciel &gt; 0500<\/td><td class=\"column-2\">0530<\/td><td class=\"column-3\">NAV6 V2<\/td>\n<\/tr>\n<\/tbody>\n<\/table>\n<!-- #tablepress-44 from cache --><br \/>\nLes t\u00e9l\u00e9chargements ne sont pas encore tous disponibles et j&rsquo;esp\u00e8re qu&rsquo;ils le seront le plus rapidement possible.<\/p>\n<div>\n<address><img loading=\"lazy\" decoding=\"async\" class=\"alignleft\" src=\"http:\/\/www.gps-carminat.com\/fr\/images\/cni1\/maj\/agt_stop.png\" alt=\"\" width=\"64\" height=\"64\" \/><img loading=\"lazy\" decoding=\"async\" class=\"alignright\" src=\"http:\/\/www.gps-carminat.com\/fr\/images\/cni1\/maj\/agt_stop.png\" alt=\"\" width=\"64\" height=\"64\" \/>Il est possible de faire soi-m\u00eame la mise \u00e0 jour, mais cette op\u00e9ration est risqu\u00e9e et peut planter pour diverses raisons. Pendant la mise \u00e0 jour il ne faut surtout pas couper le contact, faites le moteur tournant. Assurez-vous que le CD est bien propre et qu&rsquo;il ne comporte pas de rayure. C&rsquo;est une op\u00e9ration qui en cas de fausse manoeuvre (disque ray\u00e9, lentille sale&#8230;) peut imposer le changement du syst\u00e8me pour plus de 1500\u20ac.\u00a0Il est recommand\u00e9 de le faire faire par Renault. Le site n&rsquo;est pas responsable en cas de casse mat\u00e9riel.<strong>N&rsquo;EFFECTUER LA MISE A JOUR QUE SI C&rsquo;EST NECESSAIRE POUR CORRIGER UN PROBLEME ! DU FAIT DE L&rsquo;AGE DU GPS LES MISES A JOUR ONT UNE FORTE PROBABILITE D&rsquo;ECHOUER, DE RENDRE TOTALEMENT INOPERANT LE GPS ET IMPLIQUANT DE GROSSES DEPENSES DE REPARATIONS (+ DE 1000\u20ac).<\/strong><\/address>\n<\/div>\n<p>Pour faire la mise \u00e0 jour il vous suffit d&rsquo;\u00e9jecter le CD cartographique avec le bouton eject puis d&rsquo;ins\u00e9rer le CD langue et de suivre les instructions \u00e0 l&rsquo;\u00e9cran.<\/p>\n<p>Si vous le souhaitez vous pouvez t\u00e9l\u00e9charger le fichier ISO du CD pour le graver vous m\u00eame. Il faudra alors utiliser un CD de bonne qualit\u00e9, pas de RW et une vitesse de gravure la plus basse possible, \u00e7a ne prendra pas beaucoup de temps puisque l&rsquo;ISO est l\u00e9g\u00e8re.<br \/>\nSi pendant le t\u00e9l\u00e9chargement vous avez une l\u00e9g\u00e8re d\u00e9connection ou le moindre probl\u00e8me il faut recommencer le t\u00e9l\u00e9chargement pour \u00eatre s\u00fbr de bien avoir le fichier en entier. Normalement si lors de la d\u00e9compression du fichier rar ou zip vous n&rsquo;avez pas de message d&rsquo;erreur (fichier corrompu) c&rsquo;est bon.<br \/>\nVous ne savez pas graver un ISO? rendez-vous\u00a0<a href=\"http:\/\/www.pcinpact.com\/forum\/sujet_60400.htm\">ICI<\/a>.<\/p>\n<p><img loading=\"lazy\" decoding=\"async\" class=\"alignleft\" src=\"http:\/\/www.gps-carminat.com\/fr\/images\/cni1\/maj\/agt_support.png\" alt=\"\" width=\"64\" height=\"64\" \/><br \/>\nVotre mise \u00e0 jour a rat\u00e9? vous regardez d\u00e9sesp\u00e9r\u00e9ment votre \u00e9cran noir? Avant de commencer \u00e0 sortir le ch\u00e9quier il existe une petite sortie de secours: il va falloir certes un peu bricoler mais \u00e7a peut marcher:\u00a0<a href=\"http:\/\/www.planeterenault.com\/forum\/carminat-carminat-navigation-1-cn1-t22977.html\">rendez vous ICI pour voir la manip<\/a>\u00a0(en bas de la page et la suivante)<\/p>\n<h3>Quelles sont les am\u00e9liorations au fil des versions?<\/h3>\n<p>Il est souvent demand\u00e9 ce qu&rsquo;apporte telle ou telle version par rapport aux autres. Les diff\u00e9rentes mises \u00e0 jour du softwares n&rsquo;apportent de mani\u00e8re g\u00e9n\u00e9rale que de nouveaux algorithmes de calcul. Il n&rsquo;y en a qu&rsquo;une qui fut particuli\u00e8rement significative: celle effectu\u00e9e avec le\u00a0<strong>CD NAV5 toutes versions<\/strong>\u00a0qui permettait le d\u00e9cryptage du TMC pour le capter en dehors des autoroutes.<br \/>\nPar contre c\u00f4t\u00e9 hardware il y a eu pas mal d\u00e9volutions depuis la premi\u00e8re version:<\/p>\n<ul>\n<li>Pour les versions logicielles CSB 1.XX le syst\u00e8me est \u00e9quip\u00e9 d&rsquo;un processeur 16 bits.<\/li>\n<li>Pour les versions suivantes le syst\u00e8me est \u00e9quip\u00e9 d&rsquo;un processeur 32 bits<\/li>\n<li>Pour les versions logicielles sup\u00e9rieur ou \u00e9gale \u00e0 0500, il y a un tout nouveau hardware dit \u00ab\u00a0Road Runner\u00a0\u00bb reconnaissable par une repr\u00e9sentation du v\u00e9hicule rouge et bleu\u00a0<img decoding=\"async\" src=\"http:\/\/www.gps-carminat.com\/fr\/images\/cni1\/affichages\/vehicule.png\" alt=\"\" \/>, ce nouveau hardware permettant un calcul d&rsquo;itin\u00e9raire de 5s\/100km.<\/li>\n<\/ul>\n<p>&nbsp;<\/p>\n<h6>Pour les possesseurs des M\u00e9gane I, Laguna I, Sc\u00e9nic I et Safrane.<\/h6>\n<p>Si vous allez dans les menus\u00a0<strong>CONFIGURATION<\/strong>\u00a0du Carminat vous devez avoir une config de ce type:<br \/>\nVersion: SY587\/XX<br \/>\nIndice Hardware: 02XX<br \/>\nIndice Software: 02XX<br \/>\nDate: Semaine XX\/XXXX<\/p>\n<p>Pour ce genre de config. une version \u00e0 jour a un\u00a0<strong>indice software<\/strong>\u00a0de\u00a0<strong>2.52<\/strong>. La mise \u00e0 jour se fait \u00e0 l&rsquo;aide du\u00a0<strong>CD langue NAV4 2.52<\/strong>.<br \/>\nLes diff\u00e9rences avec la version\u00a0<strong>2.00<\/strong>\u00a0seraient une correction d&rsquo;un bug de l&rsquo;horloge et aussi une meilleur r\u00e9activit\u00e9 du syst\u00e8me lors de la saisie des adresses.<\/p>\n<p>&nbsp;<\/p>\n<!-- AddThis Advanced Settings generic via filter on the_content --><!-- AddThis Share Buttons generic via filter on the_content -->","protected":false},"excerpt":{"rendered":"<p>Avec le CN1 il est possible de faire soit m\u00eame la Mise \u00e0 Jour \u00e0 l&rsquo;aide des CD langues. Mais on ne peut pas faire n&rsquo;importe quelle Mise \u00e0 Jour puisqu&rsquo;il existe 2 versions diff\u00e9rentes pour le CN1. On va &hellip; <a href=\"https:\/\/www.gps-carminat.com\/v3\/carminat-navigation-informe-1\/mise-a-jour\/mise-a-jour-systeme\/\">Continuer la lecture <span class=\"meta-nav\">&rarr;<\/span><\/a><!-- AddThis Advanced Settings generic via filter on get_the_excerpt --><!-- AddThis Share Buttons generic via filter on get_the_excerpt --><\/p>\n","protected":false},"author":1,"featured_media":0,"parent":607,"menu_order":2,"comment_status":"open","ping_status":"open","template":"","meta":{"advanced_seo_description":"","jetpack_seo_html_title":"","jetpack_seo_noindex":false,"footnotes":""},"class_list":["post-613","page","type-page","status-publish","hentry"],"jetpack_sharing_enabled":true,"_links":{"self":[{"href":"https:\/\/www.gps-carminat.com\/v3\/wp-json\/wp\/v2\/pages\/613","targetHints":{"allow":["GET"]}}],"collection":[{"href":"https:\/\/www.gps-carminat.com\/v3\/wp-json\/wp\/v2\/pages"}],"about":[{"href":"https:\/\/www.gps-carminat.com\/v3\/wp-json\/wp\/v2\/types\/page"}],"author":[{"embeddable":true,"href":"https:\/\/www.gps-carminat.com\/v3\/wp-json\/wp\/v2\/users\/1"}],"replies":[{"embeddable":true,"href":"https:\/\/www.gps-carminat.com\/v3\/wp-json\/wp\/v2\/comments?post=613"}],"version-history":[{"count":0,"href":"https:\/\/www.gps-carminat.com\/v3\/wp-json\/wp\/v2\/pages\/613\/revisions"}],"up":[{"embeddable":true,"href":"https:\/\/www.gps-carminat.com\/v3\/wp-json\/wp\/v2\/pages\/607"}],"wp:attachment":[{"href":"https:\/\/www.gps-carminat.com\/v3\/wp-json\/wp\/v2\/media?parent=613"}],"curies":[{"name":"wp","href":"https:\/\/api.w.org\/{rel}","templated":true}]}}