{"id":641,"date":"2012-09-10T16:47:00","date_gmt":"2012-09-10T15:47:00","guid":{"rendered":"https:\/\/www.gps-carminat.com\/v3\/?page_id=641"},"modified":"2012-10-17T11:36:37","modified_gmt":"2012-10-17T09:36:37","slug":"mise-a-jour-systeme","status":"publish","type":"page","link":"https:\/\/www.gps-carminat.com\/v3\/carminat-navigation-informe-2\/mise-a-jour\/mise-a-jour-systeme\/","title":{"rendered":"Mise \u00e0 jour syst\u00e8me"},"content":{"rendered":"<p>Comme pour le CNI 1 il est possible de faire sois m\u00eame les mise \u00e0 jour mais ce n&rsquo;est pas du tout conseill\u00e9: le r\u00e9seau est l\u00e0 pour \u00e7a et si \u00e7a plante c&rsquo;est enti\u00e8rement \u00e0 leur charge.<\/p>\n<p>&nbsp;<\/p>\n<div class=\"pubmain\">\n<script type=\"text\/javascript\"><!--\ngoogle_ad_client = \"ca-pub-6295180017562087\";\n\/* V3 *\/\ngoogle_ad_slot = \"8915205629\";\ngoogle_ad_width = 728;\ngoogle_ad_height = 90;\n\/\/-->\n<\/script><br \/>\n<script type=\"text\/javascript\"\nsrc=\"http:\/\/pagead2.googlesyndication.com\/pagead\/show_ads.js\">\n<\/script><\/div>\n<p>&nbsp;<\/p>\n<p>Actuellement la version la plus r\u00e9cente est la 0217. Contrairement au CNI 1 il n&rsquo;y a pas eu (ou tr\u00e8s peu) d&rsquo;\u00e9volution hardware<\/p>\n<p>Dans les \u00e9volutions softwares, on peut juste noter qu&rsquo;\u00e0 partir d&rsquo;une certaine version le syst\u00e8me se souvient de la position de l&rsquo;\u00e9cran escamotable sur la m\u00e9gane II. Ainsi s&rsquo;il \u00e9tait ferm\u00e9, au red\u00e9marrage il le restera.<\/p>\n<!-- AddThis Advanced Settings generic via filter on the_content --><!-- AddThis Share Buttons generic via filter on the_content -->","protected":false},"excerpt":{"rendered":"<p>Comme pour le CNI 1 il est possible de faire sois m\u00eame les mise \u00e0 jour mais ce n&rsquo;est pas du tout conseill\u00e9: le r\u00e9seau est l\u00e0 pour \u00e7a et si \u00e7a plante c&rsquo;est enti\u00e8rement \u00e0 leur charge. &nbsp; &nbsp; &hellip; <a href=\"https:\/\/www.gps-carminat.com\/v3\/carminat-navigation-informe-2\/mise-a-jour\/mise-a-jour-systeme\/\">Continuer la lecture <span class=\"meta-nav\">&rarr;<\/span><\/a><!-- AddThis Advanced Settings generic via filter on get_the_excerpt --><!-- AddThis Share Buttons generic via filter on get_the_excerpt --><\/p>\n","protected":false},"author":1,"featured_media":0,"parent":637,"menu_order":2,"comment_status":"open","ping_status":"open","template":"","meta":{"advanced_seo_description":"","jetpack_seo_html_title":"","jetpack_seo_noindex":false,"footnotes":""},"class_list":["post-641","page","type-page","status-publish","hentry"],"jetpack_sharing_enabled":true,"_links":{"self":[{"href":"https:\/\/www.gps-carminat.com\/v3\/wp-json\/wp\/v2\/pages\/641","targetHints":{"allow":["GET"]}}],"collection":[{"href":"https:\/\/www.gps-carminat.com\/v3\/wp-json\/wp\/v2\/pages"}],"about":[{"href":"https:\/\/www.gps-carminat.com\/v3\/wp-json\/wp\/v2\/types\/page"}],"author":[{"embeddable":true,"href":"https:\/\/www.gps-carminat.com\/v3\/wp-json\/wp\/v2\/users\/1"}],"replies":[{"embeddable":true,"href":"https:\/\/www.gps-carminat.com\/v3\/wp-json\/wp\/v2\/comments?post=641"}],"version-history":[{"count":0,"href":"https:\/\/www.gps-carminat.com\/v3\/wp-json\/wp\/v2\/pages\/641\/revisions"}],"up":[{"embeddable":true,"href":"https:\/\/www.gps-carminat.com\/v3\/wp-json\/wp\/v2\/pages\/637"}],"wp:attachment":[{"href":"https:\/\/www.gps-carminat.com\/v3\/wp-json\/wp\/v2\/media?parent=641"}],"curies":[{"name":"wp","href":"https:\/\/api.w.org\/{rel}","templated":true}]}}