{"id":643,"date":"2012-09-10T16:47:59","date_gmt":"2012-09-10T15:47:59","guid":{"rendered":"https:\/\/www.gps-carminat.com\/v3\/?page_id=643"},"modified":"2012-09-10T17:05:14","modified_gmt":"2012-09-10T16:05:14","slug":"mise-a-jour","status":"publish","type":"page","link":"https:\/\/www.gps-carminat.com\/v3\/carminat-bluetooth-cd\/mise-a-jour\/","title":{"rendered":"Mise \u00e0 jour"},"content":{"rendered":"<h2><\/h2>\n<h2><a title=\"Mise \u00e0 jour cartographique\" href=\"https:\/\/www.gps-carminat.com\/v3\/carminat-bluetooth-cd\/mise-a-jour\/mise-a-jour-cartographique\/\">Mise \u00e0 jour cartographique<\/a><\/h2>\n<h2><a title=\"Mise \u00e0 jour du syst\u00e8me\" href=\"https:\/\/www.gps-carminat.com\/v3\/carminat-bluetooth-cd\/mise-a-jour\/mise-a-jour-du-systeme\/\">Mise \u00e0 jour syst\u00e8me<\/a><\/h2>\n<!-- AddThis Advanced Settings generic via filter on the_content --><!-- AddThis Share Buttons generic via filter on the_content -->","protected":false},"excerpt":{"rendered":"<p>Mise \u00e0 jour cartographique Mise \u00e0 jour syst\u00e8me<!-- AddThis Advanced Settings generic via filter on get_the_excerpt --><!-- AddThis Share Buttons generic via filter on get_the_excerpt --><\/p>\n","protected":false},"author":1,"featured_media":0,"parent":376,"menu_order":6,"comment_status":"open","ping_status":"open","template":"","meta":{"advanced_seo_description":"","jetpack_seo_html_title":"","jetpack_seo_noindex":false,"footnotes":""},"class_list":["post-643","page","type-page","status-publish","hentry"],"jetpack_sharing_enabled":true,"_links":{"self":[{"href":"https:\/\/www.gps-carminat.com\/v3\/wp-json\/wp\/v2\/pages\/643","targetHints":{"allow":["GET"]}}],"collection":[{"href":"https:\/\/www.gps-carminat.com\/v3\/wp-json\/wp\/v2\/pages"}],"about":[{"href":"https:\/\/www.gps-carminat.com\/v3\/wp-json\/wp\/v2\/types\/page"}],"author":[{"embeddable":true,"href":"https:\/\/www.gps-carminat.com\/v3\/wp-json\/wp\/v2\/users\/1"}],"replies":[{"embeddable":true,"href":"https:\/\/www.gps-carminat.com\/v3\/wp-json\/wp\/v2\/comments?post=643"}],"version-history":[{"count":0,"href":"https:\/\/www.gps-carminat.com\/v3\/wp-json\/wp\/v2\/pages\/643\/revisions"}],"up":[{"embeddable":true,"href":"https:\/\/www.gps-carminat.com\/v3\/wp-json\/wp\/v2\/pages\/376"}],"wp:attachment":[{"href":"https:\/\/www.gps-carminat.com\/v3\/wp-json\/wp\/v2\/media?parent=643"}],"curies":[{"name":"wp","href":"https:\/\/api.w.org\/{rel}","templated":true}]}}