{"id":647,"date":"2012-09-10T16:51:56","date_gmt":"2012-09-10T15:51:56","guid":{"rendered":"https:\/\/www.gps-carminat.com\/v3\/?page_id=647"},"modified":"2012-09-10T16:51:56","modified_gmt":"2012-09-10T15:51:56","slug":"mise-a-jour-du-systeme","status":"publish","type":"page","link":"https:\/\/www.gps-carminat.com\/v3\/carminat-bluetooth-cd\/mise-a-jour\/mise-a-jour-du-systeme\/","title":{"rendered":"Mise \u00e0 jour du syst\u00e8me"},"content":{"rendered":"<p>Le site ne dispose pas encore d&rsquo;information sur d&rsquo;\u00e9ventuelles mises \u00e0 jour du software. D\u00e8s que nous en disposerons on mettra le site \u00e0 jour.<\/p>\n<!-- AddThis Advanced Settings generic via filter on the_content --><!-- AddThis Share Buttons generic via filter on the_content -->","protected":false},"excerpt":{"rendered":"<p>Le site ne dispose pas encore d&rsquo;information sur d&rsquo;\u00e9ventuelles mises \u00e0 jour du software. D\u00e8s que nous en disposerons on mettra le site \u00e0 jour.<!-- AddThis Advanced Settings generic via filter on get_the_excerpt --><!-- AddThis Share Buttons generic via filter on get_the_excerpt --><\/p>\n","protected":false},"author":1,"featured_media":0,"parent":643,"menu_order":2,"comment_status":"open","ping_status":"open","template":"","meta":{"advanced_seo_description":"","jetpack_seo_html_title":"","jetpack_seo_noindex":false,"footnotes":""},"class_list":["post-647","page","type-page","status-publish","hentry"],"jetpack_sharing_enabled":true,"_links":{"self":[{"href":"https:\/\/www.gps-carminat.com\/v3\/wp-json\/wp\/v2\/pages\/647","targetHints":{"allow":["GET"]}}],"collection":[{"href":"https:\/\/www.gps-carminat.com\/v3\/wp-json\/wp\/v2\/pages"}],"about":[{"href":"https:\/\/www.gps-carminat.com\/v3\/wp-json\/wp\/v2\/types\/page"}],"author":[{"embeddable":true,"href":"https:\/\/www.gps-carminat.com\/v3\/wp-json\/wp\/v2\/users\/1"}],"replies":[{"embeddable":true,"href":"https:\/\/www.gps-carminat.com\/v3\/wp-json\/wp\/v2\/comments?post=647"}],"version-history":[{"count":0,"href":"https:\/\/www.gps-carminat.com\/v3\/wp-json\/wp\/v2\/pages\/647\/revisions"}],"up":[{"embeddable":true,"href":"https:\/\/www.gps-carminat.com\/v3\/wp-json\/wp\/v2\/pages\/643"}],"wp:attachment":[{"href":"https:\/\/www.gps-carminat.com\/v3\/wp-json\/wp\/v2\/media?parent=647"}],"curies":[{"name":"wp","href":"https:\/\/api.w.org\/{rel}","templated":true}]}}