{"id":651,"date":"2012-09-10T16:54:51","date_gmt":"2012-09-10T15:54:51","guid":{"rendered":"https:\/\/www.gps-carminat.com\/v3\/?page_id=651"},"modified":"2018-04-03T08:30:03","modified_gmt":"2018-04-03T06:30:03","slug":"mise-a-jour-cartographique","status":"publish","type":"page","link":"https:\/\/www.gps-carminat.com\/v3\/carminat-navigation-communication\/mise-a-jour\/mise-a-jour-cartographique\/","title":{"rendered":"Mise \u00e0 jour cartographique"},"content":{"rendered":"<h3>POURQUOI ACHETER DES MISES \u00c0 JOUR?<\/h3>\n<p>Chaque ann\u00e9e le r\u00e9seau routier \u00e9volue (ronds-points, nouveaux tron\u00e7ons d&rsquo;autoroute&#8230;). Si on ne fait rien, la cartographie contenue dans le v\u00e9hicule (sous forme d&rsquo;un CD) n&rsquo;\u00e9volue pas. Ce qui aura pour cons\u00e9quence pour le syst\u00e8me de proposer un itin\u00e9raire qui n&rsquo;existe plus.<\/p>\n<p>Voici 2 exemples montrant l&rsquo;\u00e9volution entre 2 mill\u00e9simes diff\u00e9rents. Ces images sont tir\u00e9es du CNC mais illustrent bien la situation<\/p>\n<div><\/div>\n<table border=\"0\" width=\"700\">\n<tbody>\n<tr>\n<td><img loading=\"lazy\" decoding=\"async\" src=\"\/v3\/images\/cni1\/carte\/2.jpg\" alt=\"\" width=\"350\" height=\"263\" \/><\/td>\n<td><img decoding=\"async\" src=\"\/v3\/images\/cni1\/carte\/1.jpg\" alt=\"\" \/><\/td>\n<\/tr>\n<tr>\n<td><strong>2004<br \/>\nRN 13 sortie d&rsquo;Evreux vers Pacy \/Eure<\/strong><\/td>\n<td><strong>2007<br \/>\nRN 13 sortie d&rsquo;Evreux vers Pacy \/Eure<\/strong><\/td>\n<\/tr>\n<\/tbody>\n<\/table>\n<p>&nbsp;<\/p>\n<div class=\"pubmain\"><script type=\"text\/javascript\"><!-- google_ad_client = \"ca-pub-6295180017562087\"; \/* V3 *\/ google_ad_slot = \"8915205629\"; google_ad_width = 728; google_ad_height = 90; \/\/-->\n<\/script><br \/>\n<script type=\"text\/javascript\" src=\"http:\/\/pagead2.googlesyndication.com\/pagead\/show_ads.js\">\n<\/script><\/div>\n<p>Une mise \u00e0 jour co\u00fbte cher (de l&rsquo;ordre de 120\u20ac mais il semblerait que les prix aient baiss\u00e9 derni\u00e8rement). Inutile de casser le cochon tous les ans!! tous les 2 ans si ce n&rsquo;est 3 suffisent largement.<\/p>\n<p><strong>Renault a abandonn\u00e9 les cartes pour les tous les GPS CD et DVD, la fin d&rsquo;une \u00e9poque (<a href=\"https:\/\/www.gps-carminat.com\/v3\/2017\/01\/22\/renault-abandonne-les-cddvd-cartographiques\/\">voir cet article<\/a>) &#8230; Si vous souhaitez une solution alternative TomTom, je pr\u00e9sente les syst\u00e8mes actuels du march\u00e9 dans <a href=\"https:\/\/www.gps-carminat.com\/v3\/2018\/03\/30\/quel-gps-portable-choisir\/\">cet article<\/a>.\u00a0<\/strong><\/p>\n<div><\/div>\n<h3>O\u00d9 ACHETER ?<\/h3>\n<ul>\n<li style=\"list-style-type: none;\">\n<ul>\n<li><del>Sur Internet sur le site de Navteq\u00a0<\/del> Le site a ferm\u00e9&#8230;<\/li>\n<\/ul>\n<\/li>\n<\/ul>\n<table>\n<tbody>\n<tr>\n<th scope=\"col\"><img decoding=\"async\" src=\"http:\/\/www.gps-carminat.com\/fr\/images\/divers\/boite.png\" alt=\"\" \/><\/th>\n<th scope=\"col\"><a href=\"http:\/\/renault.navigation.com\/gps-carminat\">COMMANDEZ VOTRE CD SUR LE SITE DE NAVTEQ, PROFITEZ DES FRAIS DE PORT OFFERTS!<\/a><\/th>\n<\/tr>\n<\/tbody>\n<\/table>\n<ul>\n<li>Chez votre concessionnaire habituel.<\/li>\n<\/ul>\n<p>&nbsp;<\/p>\n<div class=\"pubmain\"><script type=\"text\/javascript\"><!-- google_ad_client = \"ca-pub-6295180017562087\"; \/* V3 *\/ google_ad_slot = \"8915205629\"; google_ad_width = 728; google_ad_height = 90; \/\/-->\n<\/script><br \/>\n<script type=\"text\/javascript\" src=\"http:\/\/pagead2.googlesyndication.com\/pagead\/show_ads.js\">\n<\/script><\/div>\n<p>&nbsp;<\/p>\n<h3>COMMENT L&rsquo;INSTALLER?<\/h3>\n<p>Pour installer le nouveau DVD il suffit d&rsquo;\u00e9jecter l&rsquo;ancien et de mettre le nouveau dans le lecteur et de l&rsquo;y laisser.<\/p>\n<table border=\"0\" width=\"700\">\n<tbody>\n<tr>\n<td>DVD Europe (V31.1)<\/td>\n<td>77 11 430 579<\/td>\n<\/tr>\n<tr>\n<td>DVD Europe + MapCare<\/td>\n<td>Disponible sur le site Navteq<\/td>\n<\/tr>\n<\/tbody>\n<\/table>\n<p><strong>MapCare<\/strong>:\u00a0<a title=\"Pr\u00e9sentation Navteq MapCare\" href=\"https:\/\/www.gps-carminat.com\/v3\/2009\/09\/16\/presentation-navteq-mapcare\/\">pour plus de pr\u00e9cisions c&rsquo;est ICI<\/a><\/p>\n<p><a title=\"Les radars sur CNC\" href=\"https:\/\/www.gps-carminat.com\/v3\/2010\/05\/25\/les-radars-sur-cnc\/\"><strong>LES RADARS sur la V30:<\/strong>: pour plus de pr\u00e9cisions c&rsquo;est ICI<\/a><\/p>\n<!-- AddThis Advanced Settings generic via filter on the_content --><!-- AddThis Share Buttons generic via filter on the_content -->","protected":false},"excerpt":{"rendered":"<p>POURQUOI ACHETER DES MISES \u00c0 JOUR? Chaque ann\u00e9e le r\u00e9seau routier \u00e9volue (ronds-points, nouveaux tron\u00e7ons d&rsquo;autoroute&#8230;). Si on ne fait rien, la cartographie contenue dans le v\u00e9hicule (sous forme d&rsquo;un CD) n&rsquo;\u00e9volue pas. Ce qui aura pour cons\u00e9quence pour le &hellip; <a href=\"https:\/\/www.gps-carminat.com\/v3\/carminat-navigation-communication\/mise-a-jour\/mise-a-jour-cartographique\/\">Continuer la lecture <span class=\"meta-nav\">&rarr;<\/span><\/a><!-- AddThis Advanced Settings generic via filter on get_the_excerpt --><!-- AddThis Share Buttons generic via filter on get_the_excerpt --><\/p>\n","protected":false},"author":1,"featured_media":0,"parent":649,"menu_order":1,"comment_status":"open","ping_status":"open","template":"","meta":{"advanced_seo_description":"","jetpack_seo_html_title":"","jetpack_seo_noindex":false,"footnotes":""},"class_list":["post-651","page","type-page","status-publish","hentry"],"jetpack_sharing_enabled":true,"_links":{"self":[{"href":"https:\/\/www.gps-carminat.com\/v3\/wp-json\/wp\/v2\/pages\/651","targetHints":{"allow":["GET"]}}],"collection":[{"href":"https:\/\/www.gps-carminat.com\/v3\/wp-json\/wp\/v2\/pages"}],"about":[{"href":"https:\/\/www.gps-carminat.com\/v3\/wp-json\/wp\/v2\/types\/page"}],"author":[{"embeddable":true,"href":"https:\/\/www.gps-carminat.com\/v3\/wp-json\/wp\/v2\/users\/1"}],"replies":[{"embeddable":true,"href":"https:\/\/www.gps-carminat.com\/v3\/wp-json\/wp\/v2\/comments?post=651"}],"version-history":[{"count":0,"href":"https:\/\/www.gps-carminat.com\/v3\/wp-json\/wp\/v2\/pages\/651\/revisions"}],"up":[{"embeddable":true,"href":"https:\/\/www.gps-carminat.com\/v3\/wp-json\/wp\/v2\/pages\/649"}],"wp:attachment":[{"href":"https:\/\/www.gps-carminat.com\/v3\/wp-json\/wp\/v2\/media?parent=651"}],"curies":[{"name":"wp","href":"https:\/\/api.w.org\/{rel}","templated":true}]}}