{"id":757,"date":"2012-10-17T10:27:10","date_gmt":"2012-10-17T08:27:10","guid":{"rendered":"https:\/\/www.gps-carminat.com\/v3\/?page_id=757"},"modified":"2013-11-17T19:16:33","modified_gmt":"2013-11-17T18:16:33","slug":"les-applications","status":"publish","type":"page","link":"https:\/\/www.gps-carminat.com\/v3\/r-link\/les-applications\/","title":{"rendered":"Les Applications"},"content":{"rendered":"<p>Ici seront regroup\u00e9s toutes les applications disponible sur le Store Renault pour R-link.<\/p>\n<p><a title=\"Tarifs des abonnements R-Link\" href=\"https:\/\/www.gps-carminat.com\/v3\/2013\/03\/27\/tarifs-des-abonnements-r-link\/\">Page expliquant les tarifs.<\/a><\/p>\n<div class=\"pubmain\"><script type=\"mce-text\/javascript\">\/\/ <![CDATA[\ngoogle_ad_client = \"ca-pub-6295180017562087\"; \/* V3 *\/ google_ad_slot = \"8915205629\"; google_ad_width = 728; google_ad_height = 90;\n\/\/ ]]><\/script><br \/>\n<script type=\"mce-text\/javascript\" src=\"http:\/\/pagead2.googlesyndication.com\/pagead\/show_ads.js\">\/\/ <![CDATA[\n\n\n\/\/ ]]><\/script><\/div>\n<h3>Le pack connect\u00e9<\/h3>\n<p>Pour activer les services connect\u00e9s il faut tout d&rsquo;abord prendre ce pack.<\/p>\n<p>Prix: 54,90\u20ac par an ou 149\u20ac pour 3 ans<\/p>\n<h3>TomTom Live<\/h3>\n<p>Le pack TomTom Live permet d&rsquo;acc\u00e9der au service connect\u00e9 propos\u00e9 par TomTom comme l&rsquo;info trafic HD.<\/p>\n<p>Prix: 59,90\u20ac par an ou 179\u20ac pour 3 ans<\/p>\n<h3>Coyote<\/h3>\n<p>L&rsquo;application phare communautaire concernant les zones de danger, embouteillages et radars.<\/p>\n<p>Prix:\u00a099\u20ac par an ou 199\u20ac pour trois ans.<\/p>\n<p><a title=\"Coyote\" href=\"https:\/\/www.gps-carminat.com\/v3\/r-link\/les-applications\/coyote\/\">Page de l&rsquo;application<\/a><\/p>\n<div class=\"pubmain\"><script type=\"mce-text\/javascript\">\/\/ <![CDATA[\ngoogle_ad_client = \"ca-pub-6295180017562087\"; \/* V3 *\/ google_ad_slot = \"8915205629\"; google_ad_width = 728; google_ad_height = 90;\n\/\/ ]]><\/script><br \/>\n<script type=\"mce-text\/javascript\" src=\"http:\/\/pagead2.googlesyndication.com\/pagead\/show_ads.js\">\/\/ <![CDATA[\n\n\n\/\/ ]]><\/script><\/div>\n<h3>Balumpa<\/h3>\n<p>Une application permettant de trouver des \u00e9v\u00e8nements et manifestation (exposition, concert&#8230;) autour d&rsquo;un lieu.<\/p>\n<p>Prix: &#8230;<\/p>\n<h3>Apila<\/h3>\n<p>Trouver des places de parking facilement\u00a0gr\u00e2ce\u00a0\u00e0 la communaut\u00e9.<\/p>\n<p>Prix: &#8230;<\/p>\n<p>&nbsp;<\/p>\n<!-- AddThis Advanced Settings generic via filter on the_content --><!-- AddThis Share Buttons generic via filter on the_content -->","protected":false},"excerpt":{"rendered":"<p>Ici seront regroup\u00e9s toutes les applications disponible sur le Store Renault pour R-link. Page expliquant les tarifs. Le pack connect\u00e9 Pour activer les services connect\u00e9s il faut tout d&rsquo;abord prendre ce pack. Prix: 54,90\u20ac par an ou 149\u20ac pour 3 &hellip; <a href=\"https:\/\/www.gps-carminat.com\/v3\/r-link\/les-applications\/\">Continuer la lecture <span class=\"meta-nav\">&rarr;<\/span><\/a><!-- AddThis Advanced Settings generic via filter on get_the_excerpt --><!-- AddThis Share Buttons generic via filter on get_the_excerpt --><\/p>\n","protected":false},"author":1,"featured_media":0,"parent":558,"menu_order":1,"comment_status":"open","ping_status":"open","template":"","meta":{"advanced_seo_description":"","jetpack_seo_html_title":"","jetpack_seo_noindex":false,"footnotes":""},"class_list":["post-757","page","type-page","status-publish","hentry"],"jetpack_sharing_enabled":true,"_links":{"self":[{"href":"https:\/\/www.gps-carminat.com\/v3\/wp-json\/wp\/v2\/pages\/757","targetHints":{"allow":["GET"]}}],"collection":[{"href":"https:\/\/www.gps-carminat.com\/v3\/wp-json\/wp\/v2\/pages"}],"about":[{"href":"https:\/\/www.gps-carminat.com\/v3\/wp-json\/wp\/v2\/types\/page"}],"author":[{"embeddable":true,"href":"https:\/\/www.gps-carminat.com\/v3\/wp-json\/wp\/v2\/users\/1"}],"replies":[{"embeddable":true,"href":"https:\/\/www.gps-carminat.com\/v3\/wp-json\/wp\/v2\/comments?post=757"}],"version-history":[{"count":0,"href":"https:\/\/www.gps-carminat.com\/v3\/wp-json\/wp\/v2\/pages\/757\/revisions"}],"up":[{"embeddable":true,"href":"https:\/\/www.gps-carminat.com\/v3\/wp-json\/wp\/v2\/pages\/558"}],"wp:attachment":[{"href":"https:\/\/www.gps-carminat.com\/v3\/wp-json\/wp\/v2\/media?parent=757"}],"curies":[{"name":"wp","href":"https:\/\/api.w.org\/{rel}","templated":true}]}}